{"id":875,"date":"2019-04-04T00:56:54","date_gmt":"2019-04-03T22:56:54","guid":{"rendered":"https:\/\/escandallteatral.com\/preguntas-usuales\/"},"modified":"2022-05-05T02:41:30","modified_gmt":"2022-05-05T00:41:30","slug":"preguntas-usuales","status":"publish","type":"page","link":"https:\/\/escandallteatral.com\/fr\/preguntas-usuales\/","title":{"rendered":"Questions Fr\u00e9quemment Pos\u00e9es"},"content":{"rendered":"<p>[vc_row css_animation=\u00a0\u00bb\u00a0\u00bb row_type=\u00a0\u00bbrow\u00a0\u00bb use_row_as_full_screen_section=\u00a0\u00bbno\u00a0\u00bb type=\u00a0\u00bbgrid\u00a0\u00bb angled_section=\u00a0\u00bbno\u00a0\u00bb text_align=\u00a0\u00bbleft\u00a0\u00bb background_image_as_pattern=\u00a0\u00bbwithout_pattern\u00a0\u00bb padding_top=\u00a0\u00bb50&Prime; padding_bottom=\u00a0\u00bb50&Prime; css=\u00a0\u00bb.vc_custom_1553908875997{background-image: url(https:\/\/escandallteatral.com\/wp-content\/uploads\/2019\/03\/20_58_58_H3B7514b.jpg?id=429) !important;background-position: center !important;background-repeat: no-repeat !important;background-size: cover !important;}\u00a0\u00bb z_index=\u00a0\u00bb\u00a0\u00bb][vc_column][qode_elements_holder number_of_columns=\u00a0\u00bbone_column\u00a0\u00bb][qode_elements_holder_item item_padding=\u00a0\u00bb179px 0 0 0&Prime; advanced_animations=\u00a0\u00bbno\u00a0\u00bb item_padding_1280_1440=\u00a0\u00bb150px 0 0 0&Prime; item_padding_1024_1280=\u00a0\u00bb160px 0 0 0&Prime; item_padding_768_1024=\u00a0\u00bb150px 0 0 0&Prime; item_padding_600_768=\u00a0\u00bb100px 0 0 0&Prime; item_padding_480_600=\u00a0\u00bb100px 0 0 0&Prime; item_padding_480=\u00a0\u00bb100px 0 0 0&Prime;][vc_empty_space height=\u00a0\u00bb1px\u00a0\u00bb][\/qode_elements_holder_item][\/qode_elements_holder][vc_empty_space][vc_row_inner row_type=\u00a0\u00bbrow\u00a0\u00bb type=\u00a0\u00bbfull_width\u00a0\u00bb text_align=\u00a0\u00bbleft\u00a0\u00bb css_animation=\u00a0\u00bb\u00a0\u00bb][vc_column_inner offset=\u00a0\u00bbvc_col-md-4&Prime;][vc_separator type=\u00a0\u00bbsmall\u00a0\u00bb position=\u00a0\u00bbleft\u00a0\u00bb color=\u00a0\u00bb#ffffff\u00a0\u00bb transparency=\u00a0\u00bb1&Prime; thickness=\u00a0\u00bb8&Prime; width=\u00a0\u00bb180&Prime; up=\u00a0\u00bb26&Prime; down=\u00a0\u00bb19&Prime;][vc_column_text]<\/p>\n<h2>Questions<br \/>\nFr\u00e9quemment<br \/>\nPos\u00e9es<\/h2>\n<p>[\/vc_column_text][vc_empty_space height=\u00a0\u00bb50px\u00a0\u00bb][\/vc_column_inner][vc_column_inner offset=\u00a0\u00bbvc_col-md-4&Prime;][vc_separator type=\u00a0\u00bbsmall\u00a0\u00bb position=\u00a0\u00bbleft\u00a0\u00bb color=\u00a0\u00bb#ffffff\u00a0\u00bb transparency=\u00a0\u00bb1&Prime; thickness=\u00a0\u00bb8&Prime; width=\u00a0\u00bb180&Prime; up=\u00a0\u00bb26&Prime; down=\u00a0\u00bb19&Prime;][qode_elements_holder number_of_columns=\u00a0\u00bbone_column\u00a0\u00bb][qode_elements_holder_item advanced_animations=\u00a0\u00bbno\u00a0\u00bb][vc_column_text]<\/p>\n<h4>Comment puis-je programmer <em>XX<\/em>?<\/h4>\n<p>Vous pouvez le programmer s\u00e9par\u00e9ment comme trois actions diff\u00e9rentes ou ensemble dans une s\u00e9ance de Th\u00e9\u00e2tre Forum avec environ 15 minutes de d\u00e9bat entre les actions pour permettre le changement du costume et de la sc\u00e9nographie.<\/p>\n<p>&nbsp;<\/p>\n<h4>Combien de temps dure\u00a0le spectacle?<\/h4>\n<p><em>Floretes<\/em>: +\/- 17 minutes<\/p>\n<p><em>Florera<\/em>: +\/- 20 minutes<\/p>\n<p><em>Flowerless<\/em>: +\/- 23 minutes<\/p>\n<p>Les trois ensemble en s\u00e9ance de Th\u00e9\u00e2tre Forum\u00a0: 1h 50\u2019<\/p>\n<p>&nbsp;<\/p>\n<h4>O\u00f9 puis-je programmer le spectacle?<\/h4>\n<p>Dans une place, un espace public ext\u00e9rieur, une salle polyvalente, un th\u00e9\u00e2tre dont la sc\u00e8ne est plus basse que les gradins\u2026<\/p>\n<p>&nbsp;<\/p>\n<h4>Puis-je le programmer dans un th\u00e9\u00e2tre \u00e0 l\u2019italienne?<\/h4>\n<p>Ce n\u2019est pas pens\u00e9 pour \u00e7a. Mais c\u2019est possible de l\u2019adapter utilisant l\u2019option de s\u00e9ance de th\u00e9\u00e2tre forum.<\/p>\n<p>&nbsp;<\/p>\n<h4>Quels sont les besoins techniques\u00a0?<\/h4>\n<p>Dans la rue\u00a0:<\/p>\n<p>\u00c0 la lumi\u00e8re du jour, aucun. La nuit, \u00e7a d\u00e9pend si l\u2019espace et suffisamment \u00e9clair\u00e9 ou non.<\/p>\n<p>Dans les salles polyvalentes\u00a0:<\/p>\n<p>\u00c9clairage.<\/p>\n<p>Dans l\u2019option Th\u00e9\u00e2tre Forum\u00a0:<\/p>\n<p>Sonorisation et microphones pour permettre le d\u00e9bat entre les spectateurs.[\/vc_column_text][\/qode_elements_holder_item][\/qode_elements_holder][\/vc_column_inner][vc_column_inner offset=\u00a0\u00bbvc_col-md-4&Prime;][vc_separator type=\u00a0\u00bbsmall\u00a0\u00bb position=\u00a0\u00bbleft\u00a0\u00bb color=\u00a0\u00bb#ffffff\u00a0\u00bb transparency=\u00a0\u00bb1&Prime; thickness=\u00a0\u00bb8&Prime; width=\u00a0\u00bb180&Prime; up=\u00a0\u00bb26&Prime; down=\u00a0\u00bb19&Prime;][qode_elements_holder number_of_columns=\u00a0\u00bbone_column\u00a0\u00bb][qode_elements_holder_item advanced_animations=\u00a0\u00bbno\u00a0\u00bb][vc_column_text]<\/p>\n<h4>Quels sont les besoins logistiques\u00a0?<\/h4>\n<p>Un espace diaphane, sans circulation, avec de la place suffisante pour le spectacle et le public. Et un endroit pour se changer avec une douche.<\/p>\n<p>&nbsp;<\/p>\n<h4>Avez-vous besoin d\u2019une sc\u00e8ne\u00a0?<\/h4>\n<p>Non<\/p>\n<p>&nbsp;<\/p>\n<h4>Quelles sont les dimensions de l&rsquo;espace sc\u00e9nique\u00a0?<\/h4>\n<p>Le spectacle s\u2019adapte \u00e0 l\u2019espace existant. Consulter en cas de doute.<\/p>\n<p>&nbsp;<\/p>\n<h4>Est-ce un spectacle pour enfants?<\/h4>\n<p>Non.<\/p>\n<p>&nbsp;<\/p>\n<h4>Les enfants peuvent-ils le voir?<\/h4>\n<p>Bien s\u00fbr. Les mineurs sont g\u00e9n\u00e9ralement accompagn\u00e9s par un adulte responsable, qui peut d\u00e9cider s\u2019il\u00a0 veut que le mineur prenne conscience de la r\u00e9alit\u00e9. En fait, cela peut les aider \u00e0 discuter des probl\u00e8mes sociaux actuels.<\/p>\n<p>&nbsp;<\/p>\n<h4>Peut-il \u00eatre jou\u00e9 dans une \u00e9cole\u00a0?<\/h4>\n<p>Jusqu\u2019\u00e0 pr\u00e9sent ce spectacle a \u00e9t\u00e9 jou\u00e9 pour \u00e9l\u00e8ves de coll\u00e8ges et lyc\u00e9e avec un r\u00e9sultat extraordinaire, non seulement par les applaudissements re\u00e7us, mais aussi par les commentaires des enseignants et m\u00eame des parents qui, sans \u00eatre pr\u00e9sents, nous ont f\u00e9licit\u00e9s pour le travail accompli, parce que leurs enfants ont discut\u00e9 sur des th\u00e8mes de conversation \u00e0 la maison qui ont aid\u00e9 \u00e0 tout le monde \u00e1 r\u00e9fl\u00e9chir sur le micro-machisme.<\/p>\n<p>&nbsp;<\/p>\n<h4>Quelles techniques utilisez-vous pendant le spectacle\u00a0?<\/h4>\n<p>Ce sont des techniques de performance, sans texte litt\u00e9raire, qui font \u00e9voluer le personnage.<\/p>\n<p><em>Floretes<\/em>: Po\u00e9sie syllabique. Seulement six mots sont utilis\u00e9s.<\/p>\n<p><em>Florera<\/em>: Po\u00e9sie onomatop\u00e9e. Manipulation d\u2019objets.<\/p>\n<p><em>Flowerless:<\/em> Technique de clown avec onomatop\u00e9es.[\/vc_column_text][\/qode_elements_holder_item][\/qode_elements_holder][\/vc_column_inner][\/vc_row_inner][qode_elements_holder number_of_columns=\u00a0\u00bbone_column\u00a0\u00bb][qode_elements_holder_item item_padding=\u00a0\u00bb0px 0 179px 0&Prime; advanced_animations=\u00a0\u00bbno\u00a0\u00bb item_padding_1280_1440=\u00a0\u00bb150px 0 0 0&Prime; item_padding_1024_1280=\u00a0\u00bb160px 0 0 0&Prime; item_padding_768_1024=\u00a0\u00bb0px 0 150px 0&Prime; item_padding_600_768=\u00a0\u00bb100px 0 0 0&Prime; item_padding_480_600=\u00a0\u00bb100px 0 0 0&Prime; item_padding_480=\u00a0\u00bb100px 0 0 0&Prime;][vc_empty_space height=\u00a0\u00bb1px\u00a0\u00bb][\/qode_elements_holder_item][\/qode_elements_holder][\/vc_column][\/vc_row][vc_row css_animation=\u00a0\u00bb\u00a0\u00bb row_type=\u00a0\u00bbrow\u00a0\u00bb use_row_as_full_screen_section=\u00a0\u00bbno\u00a0\u00bb type=\u00a0\u00bbgrid\u00a0\u00bb angled_section=\u00a0\u00bbno\u00a0\u00bb text_align=\u00a0\u00bbcenter\u00a0\u00bb background_image_as_pattern=\u00a0\u00bbwithout_pattern\u00a0\u00bb css=\u00a0\u00bb.vc_custom_1554148215481{background-image: url(https:\/\/escandallteatral.com\/wp-content\/uploads\/2019\/04\/H3B1007_bnb.jpg?id=520) !important;background-position: center !important;background-repeat: no-repeat !important;background-size: cover !important;}\u00a0\u00bb z_index=\u00a0\u00bb\u00a0\u00bb][vc_column][qode_elements_holder number_of_columns=\u00a0\u00bbone_column\u00a0\u00bb][qode_elements_holder_item item_padding=\u00a0\u00bb378px 0 0 0&Prime; advanced_animations=\u00a0\u00bbno\u00a0\u00bb item_padding_1280_1440=\u00a0\u00bb150px 0 0 0&Prime; item_padding_1024_1280=\u00a0\u00bb150px 0 0 0&Prime; item_padding_768_1024=\u00a0\u00bb150px 0 0 0&Prime; item_padding_600_768=\u00a0\u00bb100px 0 0 0&Prime; item_padding_480_600=\u00a0\u00bb100px 0 0 0&Prime; item_padding_480=\u00a0\u00bb100px 0 0 0&Prime;][vc_empty_space height=\u00a0\u00bb1px\u00a0\u00bb][\/qode_elements_holder_item][\/qode_elements_holder][vc_column_text]<\/p>\n<h1>R\u00e9seaux<\/h1>\n<p>[\/vc_column_text][vc_separator type=\u00a0\u00bbsmall\u00a0\u00bb position=\u00a0\u00bbcenter\u00a0\u00bb color=\u00a0\u00bb#ffffff\u00a0\u00bb transparency=\u00a0\u00bb1&Prime; thickness=\u00a0\u00bb5&Prime; width=\u00a0\u00bb180&Prime; up=\u00a0\u00bb20&Prime; down=\u00a0\u00bb15&Prime;][vc_column_text]<\/p>\n<h3>Suivez notre projet dans les r\u00e9seaux sociaux<\/h3>\n<p>[\/vc_column_text][vc_empty_space height=\u00a0\u00bb59px\u00a0\u00bb]<span class='q_social_icon_holder normal_social' data-color=#ffffff data-hover-color=#000000><a itemprop='url' href='https:\/\/www.instagram.com\/escandallteatral\/' target='_blank'><i class=\"qode_icon_font_awesome fa fa-instagram fa-2x simple_social\" style=\"color: #ffffff;margin: 0 10px 10px 0;\" ><\/i><\/a><\/span><span class='q_social_icon_holder normal_social' data-color=#ffffff data-hover-color=#000000><a itemprop='url' href='https:\/\/www.facebook.com\/escandallteatral\/' target='_blank'><i class=\"qode_icon_font_awesome fa fa-facebook fa-2x simple_social\" style=\"color: #ffffff;margin: 0 10px 10px 0;\" ><\/i><\/a><\/span><span class='q_social_icon_holder normal_social' data-color=#ffffff data-hover-color=#000000><a itemprop='url' href='https:\/\/www.youtube.com\/channel\/UCaDXtrLm-haxROqXqttjWXw' target='_blank'><i class=\"qode_icon_font_awesome fa fa-youtube-play fa-2x simple_social\" style=\"color: #ffffff;margin: 0 10px 10px 0;\" ><\/i><\/a><\/span>[qode_elements_holder number_of_columns=\u00a0\u00bbone_column\u00a0\u00bb][qode_elements_holder_item item_padding=\u00a0\u00bb298px 0 0 0&Prime; advanced_animations=\u00a0\u00bbno\u00a0\u00bb item_padding_1280_1440=\u00a0\u00bb150px 0 0 0&Prime; item_padding_1024_1280=\u00a0\u00bb150px 0 0 0&Prime; item_padding_768_1024=\u00a0\u00bb150px 0 0 0&Prime; item_padding_600_768=\u00a0\u00bb100px 0 0 0&Prime; item_padding_480_600=\u00a0\u00bb100px 0 0 0&Prime; item_padding_480=\u00a0\u00bb100px 0 0 0&Prime;][vc_empty_space height=\u00a0\u00bb12px\u00a0\u00bb][\/qode_elements_holder_item][\/qode_elements_holder][vc_column_text]\u00a9 Escandall Teatral. 2019[\/vc_column_text][qode_elements_holder number_of_columns=\u00a0\u00bbone_column\u00a0\u00bb][qode_elements_holder_item item_padding=\u00a0\u00bb0px 0 53px 0&Prime; advanced_animations=\u00a0\u00bbno\u00a0\u00bb][vc_empty_space height=\u00a0\u00bb1px\u00a0\u00bb][\/qode_elements_holder_item][\/qode_elements_holder][\/vc_column][\/vc_row]<\/p>\n","protected":false},"excerpt":{"rendered":"<p>[vc_row css_animation=\u00a0\u00bb\u00a0\u00bb row_type=\u00a0\u00bbrow\u00a0\u00bb use_row_as_full_screen_section=\u00a0\u00bbno\u00a0\u00bb type=\u00a0\u00bbgrid\u00a0\u00bb angled_section=\u00a0\u00bbno\u00a0\u00bb text_align=\u00a0\u00bbleft\u00a0\u00bb background_image_as_pattern=\u00a0\u00bbwithout_pattern\u00a0\u00bb padding_top=\u00a0\u00bb50&Prime; padding_bottom=\u00a0\u00bb50&Prime; css=\u00a0\u00bb.vc_custom_1553908875997{background-image: url(https:\/\/escandallteatral.com\/wp-content\/uploads\/2019\/03\/20_58_58_H3B7514b.jpg?id=429) !important;background-position: center !important;background-repeat: no-repeat !important;background-size: cover !important;}\u00a0\u00bb z_index=\u00a0\u00bb\u00a0\u00bb][vc_column][qode_elements_holder number_of_columns=\u00a0\u00bbone_column\u00a0\u00bb][qode_elements_holder_item item_padding=\u00a0\u00bb179px 0 0 0&Prime; advanced_animations=\u00a0\u00bbno\u00a0\u00bb item_padding_1280_1440=\u00a0\u00bb150px 0 0 0&Prime; item_padding_1024_1280=\u00a0\u00bb160px 0 0 0&Prime; item_padding_768_1024=\u00a0\u00bb150px 0 0 0&Prime; item_padding_600_768=\u00a0\u00bb100px 0 0 0&Prime; item_padding_480_600=\u00a0\u00bb100px 0 0 0&Prime; item_padding_480=\u00a0\u00bb100px 0 0 0&Prime;][vc_empty_space height=\u00a0\u00bb1px\u00a0\u00bb][\/qode_elements_holder_item][\/qode_elements_holder][vc_empty_space][vc_row_inner row_type=\u00a0\u00bbrow\u00a0\u00bb type=\u00a0\u00bbfull_width\u00a0\u00bb text_align=\u00a0\u00bbleft\u00a0\u00bb css_animation=\u00a0\u00bb\u00a0\u00bb][vc_column_inner offset=\u00a0\u00bbvc_col-md-4&Prime;][vc_separator type=\u00a0\u00bbsmall\u00a0\u00bb position=\u00a0\u00bbleft\u00a0\u00bb color=\u00a0\u00bb#ffffff\u00a0\u00bb transparency=\u00a0\u00bb1&Prime; thickness=\u00a0\u00bb8&Prime; width=\u00a0\u00bb180&Prime; up=\u00a0\u00bb26&Prime; down=\u00a0\u00bb19&Prime;][vc_column_text] Questions Fr\u00e9quemment Pos\u00e9es [\/vc_column_text][vc_empty_space height=\u00a0\u00bb50px\u00a0\u00bb][\/vc_column_inner][vc_column_inner offset=\u00a0\u00bbvc_col-md-4&Prime;][vc_separator type=\u00a0\u00bbsmall\u00a0\u00bb position=\u00a0\u00bbleft\u00a0\u00bb color=\u00a0\u00bb#ffffff\u00a0\u00bb transparency=\u00a0\u00bb1&Prime; thickness=\u00a0\u00bb8&Prime; width=\u00a0\u00bb180&Prime; up=\u00a0\u00bb26&Prime; down=\u00a0\u00bb19&Prime;][qode_elements_holder number_of_columns=\u00a0\u00bbone_column\u00a0\u00bb][qode_elements_holder_item advanced_animations=\u00a0\u00bbno\u00a0\u00bb][vc_column_text] Comment puis-je programmer XX? Vous pouvez le programmer s\u00e9par\u00e9ment comme trois actions diff\u00e9rentes ou ensemble dans une s\u00e9ance de Th\u00e9\u00e2tre Forum avec environ 15 minutes de d\u00e9bat entre les actions pour permettre le changement du costume et de la sc\u00e9nographie. &nbsp; Combien de temps dure\u00a0le spectacle? Floretes: +\/- 17 minutes Florera: +\/- 20 minutes Flowerless: +\/- 23 minutes Les trois ensemble en s\u00e9ance de Th\u00e9\u00e2tre Forum\u00a0: 1h 50\u2019 &nbsp; O\u00f9&#8230;<\/p>\n","protected":false},"author":1,"featured_media":0,"parent":0,"menu_order":0,"comment_status":"closed","ping_status":"closed","template":"full_width.php","meta":{"_exactmetrics_skip_tracking":false,"_exactmetrics_sitenote_active":false,"_exactmetrics_sitenote_note":"","_exactmetrics_sitenote_category":0,"footnotes":""},"class_list":["post-875","page","type-page","status-publish","hentry"],"_links":{"self":[{"href":"https:\/\/escandallteatral.com\/fr\/wp-json\/wp\/v2\/pages\/875","targetHints":{"allow":["GET"]}}],"collection":[{"href":"https:\/\/escandallteatral.com\/fr\/wp-json\/wp\/v2\/pages"}],"about":[{"href":"https:\/\/escandallteatral.com\/fr\/wp-json\/wp\/v2\/types\/page"}],"author":[{"embeddable":true,"href":"https:\/\/escandallteatral.com\/fr\/wp-json\/wp\/v2\/users\/1"}],"replies":[{"embeddable":true,"href":"https:\/\/escandallteatral.com\/fr\/wp-json\/wp\/v2\/comments?post=875"}],"version-history":[{"count":9,"href":"https:\/\/escandallteatral.com\/fr\/wp-json\/wp\/v2\/pages\/875\/revisions"}],"predecessor-version":[{"id":2841,"href":"https:\/\/escandallteatral.com\/fr\/wp-json\/wp\/v2\/pages\/875\/revisions\/2841"}],"wp:attachment":[{"href":"https:\/\/escandallteatral.com\/fr\/wp-json\/wp\/v2\/media?parent=875"}],"curies":[{"name":"wp","href":"https:\/\/api.w.org\/{rel}","templated":true}]}}