{"id":861,"date":"2018-03-19T14:22:20","date_gmt":"2018-03-19T14:22:20","guid":{"rendered":"https:\/\/escandallteatral.com\/escandall\/"},"modified":"2019-04-14T17:47:09","modified_gmt":"2019-04-14T15:47:09","slug":"escandall","status":"publish","type":"page","link":"https:\/\/escandallteatral.com\/fr\/escandall\/","title":{"rendered":"Escandall Teatral"},"content":{"rendered":"<p>[vc_row css_animation=\u00a0\u00bb\u00a0\u00bb row_type=\u00a0\u00bbrow\u00a0\u00bb use_row_as_full_screen_section=\u00a0\u00bbno\u00a0\u00bb type=\u00a0\u00bbgrid\u00a0\u00bb angled_section=\u00a0\u00bbno\u00a0\u00bb text_align=\u00a0\u00bbleft\u00a0\u00bb background_image_as_pattern=\u00a0\u00bbwithout_pattern\u00a0\u00bb padding_top=\u00a0\u00bb50&Prime; padding_bottom=\u00a0\u00bb50&Prime; css=\u00a0\u00bb.vc_custom_1553824529333{background-image: url(https:\/\/escandallteatral.com\/wp-content\/uploads\/2019\/03\/Q6Y1475b.jpg?id=255) !important;background-position: center !important;background-repeat: no-repeat !important;background-size: cover !important;}\u00a0\u00bb z_index=\u00a0\u00bb\u00a0\u00bb][vc_column][qode_elements_holder number_of_columns=\u00a0\u00bbone_column\u00a0\u00bb][qode_elements_holder_item item_padding=\u00a0\u00bb228px 0 0 0&Prime; advanced_animations=\u00a0\u00bbno\u00a0\u00bb item_padding_1280_1440=\u00a0\u00bb150px 0 0 0&Prime; item_padding_1024_1280=\u00a0\u00bb160px 0 0 0&Prime; item_padding_768_1024=\u00a0\u00bb150px 0 0 0&Prime; item_padding_600_768=\u00a0\u00bb100px 0 0 0&Prime; item_padding_480_600=\u00a0\u00bb100px 0 0 0&Prime; item_padding_480=\u00a0\u00bb100px 0 0 0&Prime;][vc_empty_space height=\u00a0\u00bb1px\u00a0\u00bb][\/qode_elements_holder_item][\/qode_elements_holder][vc_row_inner row_type=\u00a0\u00bbrow\u00a0\u00bb type=\u00a0\u00bbfull_width\u00a0\u00bb text_align=\u00a0\u00bbleft\u00a0\u00bb css_animation=\u00a0\u00bb\u00a0\u00bb][vc_column_inner offset=\u00a0\u00bbvc_col-md-4&Prime;][vc_separator type=\u00a0\u00bbsmall\u00a0\u00bb position=\u00a0\u00bbleft\u00a0\u00bb color=\u00a0\u00bb#ffffff\u00a0\u00bb transparency=\u00a0\u00bb1&Prime; thickness=\u00a0\u00bb5&Prime; width=\u00a0\u00bb180&Prime; up=\u00a0\u00bb26&Prime; down=\u00a0\u00bb19&Prime;][vc_column_text]<\/p>\n<h1>\u00c0 propos<br \/>\nde Nous<\/h1>\n<p>[\/vc_column_text][vc_separator type=\u00a0\u00bbtransparent\u00a0\u00bb up=\u00a0\u00bb-11&Prime;][qode_elements_holder number_of_columns=\u00a0\u00bbone_column\u00a0\u00bb][qode_elements_holder_item item_padding=\u00a0\u00bb141px 0 0 0&Prime; advanced_animations=\u00a0\u00bbno\u00a0\u00bb item_padding_1024_1280=\u00a0\u00bb200px 0 0 0&Prime; item_padding_600_768=\u00a0\u00bb50px 0 0 0&Prime; item_padding_480_600=\u00a0\u00bb50px 0 0 0&Prime; item_padding_480=\u00a0\u00bb50px 0 0 0&Prime;][vc_empty_space height=\u00a0\u00bb12px\u00a0\u00bb][\/qode_elements_holder_item][\/qode_elements_holder][vc_empty_space height=\u00a0\u00bb50px\u00a0\u00bb][\/vc_column_inner][vc_column_inner offset=\u00a0\u00bbvc_col-md-8&Prime;][vc_separator type=\u00a0\u00bbsmall\u00a0\u00bb position=\u00a0\u00bbleft\u00a0\u00bb color=\u00a0\u00bb#ffffff\u00a0\u00bb transparency=\u00a0\u00bb1&Prime; thickness=\u00a0\u00bb5&Prime; width=\u00a0\u00bb180&Prime; up=\u00a0\u00bb26&Prime; down=\u00a0\u00bb19&Prime;][qode_elements_holder number_of_columns=\u00a0\u00bbone_column\u00a0\u00bb][qode_elements_holder_item item_padding=\u00a0\u00bb0 11px 0 84px\u00a0\u00bb advanced_animations=\u00a0\u00bbno\u00a0\u00bb item_padding_600_768=\u00a0\u00bb0 11px 93px 0px\u00a0\u00bb item_padding_480_600=\u00a0\u00bb0 0px 93px 0px\u00a0\u00bb item_padding_480=\u00a0\u00bb0 0px 93px 0px\u00a0\u00bb][vc_column_text]Devons-nous vraiment r\u00e9duire les arts de la rue \u00e0 seulement un divertissement\u00a0?<\/p>\n<p>En tant que professionnels du th\u00e9\u00e2tre, nous nous rebellons contre une r\u00e9ponse affirmative \u00e0 cette question. La rue doit \u00eatre un espace dans lequel les repr\u00e9sentations sc\u00e9niques peuvent avoir la m\u00eame force, vari\u00e9t\u00e9 et qualit\u00e9 que les repr\u00e9sentations dans une salle. C&rsquo;est pour cela que Paula Escamilla, Manuel V. Vilanova et Leandre Escamilla (Xarxa Teatre) ont cr\u00e9\u00e9 des spectacles frappants qui aideront \u00e0 faire r\u00e9fl\u00e9chir aux assistants sur n\u2019importe quel sujet pr\u00e9sent\u00e9. La proposition visant \u00e0 atteindre cet objectif s&rsquo;appelle Escandall Teatral. Le \u00ab\u00a0escandallo\u00a0\u00bb \u00a0(sonde) est un instrument de mesure que les marins utilisent pour conna\u00eetre la profondeur de l\u2019eau qu\u2019ils naviguent. Dans notre cas, nous voulons mesurer le niveau de tol\u00e9rance et la capacit\u00e9 de r\u00e9flexion de notre public.[\/vc_column_text][\/qode_elements_holder_item][\/qode_elements_holder][\/vc_column_inner][\/vc_row_inner][qode_elements_holder number_of_columns=\u00a0\u00bbone_column\u00a0\u00bb][qode_elements_holder_item item_padding=\u00a0\u00bb0px 0 80px 0&Prime; advanced_animations=\u00a0\u00bbno\u00a0\u00bb item_padding_1280_1440=\u00a0\u00bb150px 0 0 0&Prime; item_padding_1024_1280=\u00a0\u00bb160px 0 0 0&Prime; item_padding_768_1024=\u00a0\u00bb0px 0 150px 0&Prime; item_padding_600_768=\u00a0\u00bb100px 0 0 0&Prime; item_padding_480_600=\u00a0\u00bb100px 0 0 0&Prime; item_padding_480=\u00a0\u00bb100px 0 0 0&Prime;][vc_empty_space height=\u00a0\u00bb1px\u00a0\u00bb][\/qode_elements_holder_item][\/qode_elements_holder][\/vc_column][\/vc_row][vc_row css_animation=\u00a0\u00bb\u00a0\u00bb row_type=\u00a0\u00bbrow\u00a0\u00bb use_row_as_full_screen_section=\u00a0\u00bbno\u00a0\u00bb type=\u00a0\u00bbgrid\u00a0\u00bb angled_section=\u00a0\u00bbno\u00a0\u00bb text_align=\u00a0\u00bbleft\u00a0\u00bb background_image_as_pattern=\u00a0\u00bbwithout_pattern\u00a0\u00bb padding_top=\u00a0\u00bb50&Prime; padding_bottom=\u00a0\u00bb50&Prime; css=\u00a0\u00bb.vc_custom_1554169183422{background-image: url(https:\/\/escandallteatral.com\/wp-content\/uploads\/2019\/04\/Q6Y8380b.jpg?id=610) !important;background-position: center !important;background-repeat: no-repeat !important;background-size: cover !important;}\u00a0\u00bb z_index=\u00a0\u00bb\u00a0\u00bb][vc_column][qode_elements_holder number_of_columns=\u00a0\u00bbone_column\u00a0\u00bb][qode_elements_holder_item item_padding=\u00a0\u00bb350px 0 0 0&Prime; advanced_animations=\u00a0\u00bbno\u00a0\u00bb item_padding_1280_1440=\u00a0\u00bb150px 0 0 0&Prime; item_padding_1024_1280=\u00a0\u00bb160px 0 0 0&Prime; item_padding_768_1024=\u00a0\u00bb150px 0 0 0&Prime; item_padding_600_768=\u00a0\u00bb100px 0 0 0&Prime; item_padding_480_600=\u00a0\u00bb100px 0 0 0&Prime; item_padding_480=\u00a0\u00bb100px 0 0 0&Prime;][vc_empty_space height=\u00a0\u00bb70px\u00a0\u00bb][\/qode_elements_holder_item][\/qode_elements_holder][vc_row_inner row_type=\u00a0\u00bbrow\u00a0\u00bb type=\u00a0\u00bbfull_width\u00a0\u00bb text_align=\u00a0\u00bbleft\u00a0\u00bb css_animation=\u00a0\u00bb\u00a0\u00bb][vc_column_inner width=\u00a0\u00bb1\/3&Prime; offset=\u00a0\u00bbvc_col-md-4&Prime;][vc_separator type=\u00a0\u00bbsmall\u00a0\u00bb position=\u00a0\u00bbleft\u00a0\u00bb color=\u00a0\u00bb#ffffff\u00a0\u00bb transparency=\u00a0\u00bb1&Prime; thickness=\u00a0\u00bb5&Prime; width=\u00a0\u00bb180&Prime; up=\u00a0\u00bb26&Prime; down=\u00a0\u00bb19&Prime;][vc_column_text]<\/p>\n<h2>Links<\/h2>\n<p>[\/vc_column_text][vc_separator type=\u00a0\u00bbtransparent\u00a0\u00bb up=\u00a0\u00bb-11&Prime;][qode_elements_holder number_of_columns=\u00a0\u00bbone_column\u00a0\u00bb][qode_elements_holder_item item_padding=\u00a0\u00bb141px 0 0 0&Prime; advanced_animations=\u00a0\u00bbno\u00a0\u00bb item_padding_1024_1280=\u00a0\u00bb200px 0 0 0&Prime; item_padding_600_768=\u00a0\u00bb50px 0 0 0&Prime; item_padding_480_600=\u00a0\u00bb50px 0 0 0&Prime; item_padding_480=\u00a0\u00bb50px 0 0 0&Prime;][vc_empty_space height=\u00a0\u00bb12px\u00a0\u00bb][\/qode_elements_holder_item][\/qode_elements_holder][vc_empty_space height=\u00a0\u00bb50px\u00a0\u00bb][\/vc_column_inner][vc_column_inner width=\u00a0\u00bb1\/3&Prime; offset=\u00a0\u00bbvc_col-md-4&Prime;][vc_separator type=\u00a0\u00bbsmall\u00a0\u00bb position=\u00a0\u00bbleft\u00a0\u00bb color=\u00a0\u00bb#ffffff\u00a0\u00bb transparency=\u00a0\u00bb1&Prime; thickness=\u00a0\u00bb5&Prime; width=\u00a0\u00bb500&Prime; up=\u00a0\u00bb26&Prime; down=\u00a0\u00bb19&Prime;][qode_elements_holder number_of_columns=\u00a0\u00bbtwo_columns\u00a0\u00bb][qode_elements_holder_item item_padding=\u00a0\u00bb0 11px 0 84px\u00a0\u00bb advanced_animations=\u00a0\u00bbno\u00a0\u00bb item_padding_600_768=\u00a0\u00bb0 11px 93px 0px\u00a0\u00bb item_padding_480_600=\u00a0\u00bb0 0px 93px 0px\u00a0\u00bb item_padding_480=\u00a0\u00bb0 0px 93px 0px\u00a0\u00bb][vc_column_text]<\/p>\n<h4><a href=\"http:\/\/www.xarxateatre.com\" target=\"_blank\" rel=\"noopener noreferrer\">Xarxa Teatre<\/a><\/h4>\n<p>&nbsp;<\/p>\n<h4><a href=\"http:\/\/www.fiestacultura.com\" target=\"_blank\" rel=\"noopener noreferrer\">Fiestacultura<\/a><\/h4>\n<p>&nbsp;<\/p>\n<h4><a href=\"https:\/\/www.facebook.com\/escandallteatral\/\" target=\"_blank\" rel=\"noopener noreferrer\">Facebook Escandall<\/a><\/h4>\n<p>&nbsp;<\/p>\n<h4><a href=\"https:\/\/www.facebook.com\/xarxateatre\/\" target=\"_blank\" rel=\"noopener noreferrer\">Facebook Xarxa Teatre<\/a><\/h4>\n<p>&nbsp;<\/p>\n<h4><\/h4>\n<p>[\/vc_column_text][\/qode_elements_holder_item][\/qode_elements_holder][\/vc_column_inner][vc_column_inner width=\u00a0\u00bb1\/3&Prime;][vc_separator type=\u00a0\u00bbsmall\u00a0\u00bb position=\u00a0\u00bbleft\u00a0\u00bb color=\u00a0\u00bb#ffffff\u00a0\u00bb transparency=\u00a0\u00bb1&Prime; thickness=\u00a0\u00bb5&Prime; width=\u00a0\u00bb350&Prime; up=\u00a0\u00bb26&Prime; down=\u00a0\u00bb19&Prime;][qode_elements_holder number_of_columns=\u00a0\u00bbone_column\u00a0\u00bb][qode_elements_holder_item item_padding=\u00a0\u00bb0 11px 0 0px\u00a0\u00bb advanced_animations=\u00a0\u00bbno\u00a0\u00bb item_padding_600_768=\u00a0\u00bb0 11px 93px 0px\u00a0\u00bb item_padding_480_600=\u00a0\u00bb0 0px 93px 0px\u00a0\u00bb item_padding_480=\u00a0\u00bb0 0px 93px 0px\u00a0\u00bb][vc_column_text]<\/p>\n<h4><a href=\"https:\/\/www.facebook.com\/Fiestacultura\/\" target=\"_blank\" rel=\"noopener noreferrer\">Facebook Fiestacultura<\/a><\/h4>\n<p>&nbsp;<\/p>\n<h4><a href=\"https:\/\/www.instagram.com\/escandallteatral\/\" target=\"_blank\" rel=\"noopener noreferrer\">Instagram Escandall Teatral<\/a><\/h4>\n<p>&nbsp;<\/p>\n<h4><a href=\"https:\/\/www.instagram.com\/xarxateatre\/\" target=\"_blank\" rel=\"noopener noreferrer\">Instagram Xarxa Teatre<\/a><\/h4>\n<p>[\/vc_column_text][\/qode_elements_holder_item][\/qode_elements_holder][\/vc_column_inner][\/vc_row_inner][qode_elements_holder number_of_columns=\u00a0\u00bbone_column\u00a0\u00bb][qode_elements_holder_item item_padding=\u00a0\u00bb0px 0 179px 0&Prime; advanced_animations=\u00a0\u00bbno\u00a0\u00bb item_padding_1280_1440=\u00a0\u00bb150px 0 0 0&Prime; item_padding_1024_1280=\u00a0\u00bb160px 0 0 0&Prime; item_padding_768_1024=\u00a0\u00bb0px 0 150px 0&Prime; item_padding_600_768=\u00a0\u00bb100px 0 0 0&Prime; item_padding_480_600=\u00a0\u00bb100px 0 0 0&Prime; item_padding_480=\u00a0\u00bb100px 0 0 0&Prime;][vc_empty_space height=\u00a0\u00bb1px\u00a0\u00bb][\/qode_elements_holder_item][\/qode_elements_holder][\/vc_column][\/vc_row][vc_row css_animation=\u00a0\u00bb\u00a0\u00bb row_type=\u00a0\u00bbrow\u00a0\u00bb use_row_as_full_screen_section=\u00a0\u00bbno\u00a0\u00bb type=\u00a0\u00bbgrid\u00a0\u00bb angled_section=\u00a0\u00bbno\u00a0\u00bb text_align=\u00a0\u00bbcenter\u00a0\u00bb background_image_as_pattern=\u00a0\u00bbwithout_pattern\u00a0\u00bb css=\u00a0\u00bb.vc_custom_1553828231088{background-image: url(https:\/\/escandallteatral.com\/wp-content\/uploads\/2019\/03\/dibuix.jpg?id=261) !important;background-position: center !important;background-repeat: no-repeat !important;background-size: cover !important;}\u00a0\u00bb z_index=\u00a0\u00bb\u00a0\u00bb][vc_column][qode_elements_holder number_of_columns=\u00a0\u00bbone_column\u00a0\u00bb][qode_elements_holder_item item_padding=\u00a0\u00bb378px 0 0 0&Prime; advanced_animations=\u00a0\u00bbno\u00a0\u00bb item_padding_1280_1440=\u00a0\u00bb150px 0 0 0&Prime; item_padding_1024_1280=\u00a0\u00bb150px 0 0 0&Prime; item_padding_768_1024=\u00a0\u00bb150px 0 0 0&Prime; item_padding_600_768=\u00a0\u00bb100px 0 0 0&Prime; item_padding_480_600=\u00a0\u00bb100px 0 0 0&Prime; item_padding_480=\u00a0\u00bb100px 0 0 0&Prime;][vc_empty_space height=\u00a0\u00bb1px\u00a0\u00bb][\/qode_elements_holder_item][\/qode_elements_holder][vc_column_text]<\/p>\n<h1>r\u00e9seaux<\/h1>\n<p>[\/vc_column_text][vc_separator type=\u00a0\u00bbsmall\u00a0\u00bb position=\u00a0\u00bbcenter\u00a0\u00bb color=\u00a0\u00bb#ffffff\u00a0\u00bb transparency=\u00a0\u00bb1&Prime; thickness=\u00a0\u00bb5&Prime; width=\u00a0\u00bb180&Prime; up=\u00a0\u00bb20&Prime; down=\u00a0\u00bb15&Prime;][vc_column_text]<\/p>\n<h3>Suivez notre projet dans les r\u00e9seaux sociaux<\/h3>\n<p>[\/vc_column_text][vc_empty_space height=\u00a0\u00bb59px\u00a0\u00bb]<span class='q_social_icon_holder normal_social' data-color=#ffffff data-hover-color=#000000><a itemprop='url' href='https:\/\/www.instagram.com\/escandallteatral\/' target='_blank'><i class=\"qode_icon_font_awesome fa fa-instagram fa-2x simple_social\" style=\"color: #ffffff;margin: 0 10px 10px 0;\" ><\/i><\/a><\/span><span class='q_social_icon_holder normal_social' data-color=#ffffff data-hover-color=#000000><a itemprop='url' href='https:\/\/www.facebook.com\/escandallteatral\/' target='_blank'><i class=\"qode_icon_font_awesome fa fa-facebook fa-2x simple_social\" style=\"color: #ffffff;margin: 0 10px 10px 0;\" ><\/i><\/a><\/span><span class='q_social_icon_holder normal_social' data-color=#ffffff data-hover-color=#000000><a itemprop='url' href='https:\/\/www.youtube.com\/channel\/UCaDXtrLm-haxROqXqttjWXw' target='_blank'><i class=\"qode_icon_font_awesome fa fa-youtube-play fa-2x simple_social\" style=\"color: #ffffff;margin: 0 10px 10px 0;\" ><\/i><\/a><\/span>[qode_elements_holder number_of_columns=\u00a0\u00bbone_column\u00a0\u00bb][qode_elements_holder_item item_padding=\u00a0\u00bb298px 0 0 0&Prime; advanced_animations=\u00a0\u00bbno\u00a0\u00bb item_padding_1280_1440=\u00a0\u00bb150px 0 0 0&Prime; item_padding_1024_1280=\u00a0\u00bb150px 0 0 0&Prime; item_padding_768_1024=\u00a0\u00bb150px 0 0 0&Prime; item_padding_600_768=\u00a0\u00bb100px 0 0 0&Prime; item_padding_480_600=\u00a0\u00bb100px 0 0 0&Prime; item_padding_480=\u00a0\u00bb100px 0 0 0&Prime;][vc_empty_space height=\u00a0\u00bb12px\u00a0\u00bb][\/qode_elements_holder_item][\/qode_elements_holder][vc_column_text]\u00a9 Escandall Teatral 2019[\/vc_column_text][qode_elements_holder number_of_columns=\u00a0\u00bbone_column\u00a0\u00bb][qode_elements_holder_item item_padding=\u00a0\u00bb0px 0 53px 0&Prime; advanced_animations=\u00a0\u00bbno\u00a0\u00bb][vc_empty_space height=\u00a0\u00bb1px\u00a0\u00bb][\/qode_elements_holder_item][\/qode_elements_holder][\/vc_column][\/vc_row]<\/p>\n","protected":false},"excerpt":{"rendered":"<p>[vc_row css_animation=\u00a0\u00bb\u00a0\u00bb row_type=\u00a0\u00bbrow\u00a0\u00bb use_row_as_full_screen_section=\u00a0\u00bbno\u00a0\u00bb type=\u00a0\u00bbgrid\u00a0\u00bb angled_section=\u00a0\u00bbno\u00a0\u00bb text_align=\u00a0\u00bbleft\u00a0\u00bb background_image_as_pattern=\u00a0\u00bbwithout_pattern\u00a0\u00bb padding_top=\u00a0\u00bb50&Prime; padding_bottom=\u00a0\u00bb50&Prime; css=\u00a0\u00bb.vc_custom_1553824529333{background-image: url(https:\/\/escandallteatral.com\/wp-content\/uploads\/2019\/03\/Q6Y1475b.jpg?id=255) !important;background-position: center !important;background-repeat: no-repeat !important;background-size: cover !important;}\u00a0\u00bb z_index=\u00a0\u00bb\u00a0\u00bb][vc_column][qode_elements_holder number_of_columns=\u00a0\u00bbone_column\u00a0\u00bb][qode_elements_holder_item item_padding=\u00a0\u00bb228px 0 0 0&Prime; advanced_animations=\u00a0\u00bbno\u00a0\u00bb item_padding_1280_1440=\u00a0\u00bb150px 0 0 0&Prime; item_padding_1024_1280=\u00a0\u00bb160px 0 0 0&Prime; item_padding_768_1024=\u00a0\u00bb150px 0 0 0&Prime; item_padding_600_768=\u00a0\u00bb100px 0 0 0&Prime; item_padding_480_600=\u00a0\u00bb100px 0 0 0&Prime; item_padding_480=\u00a0\u00bb100px 0 0 0&Prime;][vc_empty_space height=\u00a0\u00bb1px\u00a0\u00bb][\/qode_elements_holder_item][\/qode_elements_holder][vc_row_inner row_type=\u00a0\u00bbrow\u00a0\u00bb type=\u00a0\u00bbfull_width\u00a0\u00bb text_align=\u00a0\u00bbleft\u00a0\u00bb css_animation=\u00a0\u00bb\u00a0\u00bb][vc_column_inner offset=\u00a0\u00bbvc_col-md-4&Prime;][vc_separator type=\u00a0\u00bbsmall\u00a0\u00bb position=\u00a0\u00bbleft\u00a0\u00bb color=\u00a0\u00bb#ffffff\u00a0\u00bb transparency=\u00a0\u00bb1&Prime; thickness=\u00a0\u00bb5&Prime; width=\u00a0\u00bb180&Prime; up=\u00a0\u00bb26&Prime; down=\u00a0\u00bb19&Prime;][vc_column_text] \u00c0 propos de Nous [\/vc_column_text][vc_separator type=\u00a0\u00bbtransparent\u00a0\u00bb up=\u00a0\u00bb-11&Prime;][qode_elements_holder number_of_columns=\u00a0\u00bbone_column\u00a0\u00bb][qode_elements_holder_item item_padding=\u00a0\u00bb141px 0 0 0&Prime; advanced_animations=\u00a0\u00bbno\u00a0\u00bb item_padding_1024_1280=\u00a0\u00bb200px 0 0 0&Prime; item_padding_600_768=\u00a0\u00bb50px 0 0 0&Prime; item_padding_480_600=\u00a0\u00bb50px 0 0 0&Prime; item_padding_480=\u00a0\u00bb50px 0 0 0&Prime;][vc_empty_space height=\u00a0\u00bb12px\u00a0\u00bb][\/qode_elements_holder_item][\/qode_elements_holder][vc_empty_space height=\u00a0\u00bb50px\u00a0\u00bb][\/vc_column_inner][vc_column_inner offset=\u00a0\u00bbvc_col-md-8&Prime;][vc_separator type=\u00a0\u00bbsmall\u00a0\u00bb position=\u00a0\u00bbleft\u00a0\u00bb color=\u00a0\u00bb#ffffff\u00a0\u00bb transparency=\u00a0\u00bb1&Prime; thickness=\u00a0\u00bb5&Prime; width=\u00a0\u00bb180&Prime; up=\u00a0\u00bb26&Prime; down=\u00a0\u00bb19&Prime;][qode_elements_holder number_of_columns=\u00a0\u00bbone_column\u00a0\u00bb][qode_elements_holder_item item_padding=\u00a0\u00bb0 11px 0 84px\u00a0\u00bb advanced_animations=\u00a0\u00bbno\u00a0\u00bb item_padding_600_768=\u00a0\u00bb0 11px 93px 0px\u00a0\u00bb item_padding_480_600=\u00a0\u00bb0 0px 93px 0px\u00a0\u00bb item_padding_480=\u00a0\u00bb0 0px 93px 0px\u00a0\u00bb][vc_column_text]Devons-nous vraiment r\u00e9duire les arts de la rue \u00e0 seulement un divertissement\u00a0? En tant que professionnels du th\u00e9\u00e2tre, nous nous rebellons contre une r\u00e9ponse affirmative \u00e0 cette question. La&#8230;<\/p>\n","protected":false},"author":1,"featured_media":0,"parent":0,"menu_order":0,"comment_status":"closed","ping_status":"closed","template":"full_width.php","meta":{"_exactmetrics_skip_tracking":false,"_exactmetrics_sitenote_active":false,"_exactmetrics_sitenote_note":"","_exactmetrics_sitenote_category":0,"footnotes":""},"class_list":["post-861","page","type-page","status-publish","hentry"],"_links":{"self":[{"href":"https:\/\/escandallteatral.com\/fr\/wp-json\/wp\/v2\/pages\/861","targetHints":{"allow":["GET"]}}],"collection":[{"href":"https:\/\/escandallteatral.com\/fr\/wp-json\/wp\/v2\/pages"}],"about":[{"href":"https:\/\/escandallteatral.com\/fr\/wp-json\/wp\/v2\/types\/page"}],"author":[{"embeddable":true,"href":"https:\/\/escandallteatral.com\/fr\/wp-json\/wp\/v2\/users\/1"}],"replies":[{"embeddable":true,"href":"https:\/\/escandallteatral.com\/fr\/wp-json\/wp\/v2\/comments?post=861"}],"version-history":[{"count":4,"href":"https:\/\/escandallteatral.com\/fr\/wp-json\/wp\/v2\/pages\/861\/revisions"}],"predecessor-version":[{"id":1328,"href":"https:\/\/escandallteatral.com\/fr\/wp-json\/wp\/v2\/pages\/861\/revisions\/1328"}],"wp:attachment":[{"href":"https:\/\/escandallteatral.com\/fr\/wp-json\/wp\/v2\/media?parent=861"}],"curies":[{"name":"wp","href":"https:\/\/api.w.org\/{rel}","templated":true}]}}