{"id":1912,"date":"2020-11-27T04:09:31","date_gmt":"2020-11-27T03:09:31","guid":{"rendered":"https:\/\/escandallteatral.com\/transparencia\/"},"modified":"2025-03-06T21:19:16","modified_gmt":"2025-03-06T20:19:16","slug":"transparencia","status":"publish","type":"page","link":"https:\/\/escandallteatral.com\/fr\/transparencia\/","title":{"rendered":"Transparencia"},"content":{"rendered":"<p>[vc_row css_animation=\u00a0\u00bb\u00a0\u00bb row_type=\u00a0\u00bbrow\u00a0\u00bb use_row_as_full_screen_section=\u00a0\u00bbno\u00a0\u00bb type=\u00a0\u00bbgrid\u00a0\u00bb angled_section=\u00a0\u00bbno\u00a0\u00bb text_align=\u00a0\u00bbleft\u00a0\u00bb background_image_as_pattern=\u00a0\u00bbwithout_pattern\u00a0\u00bb padding_top=\u00a0\u00bb50&Prime; padding_bottom=\u00a0\u00bb50&Prime; css=\u00a0\u00bb.vc_custom_1555174046267{background-position: center !important;background-repeat: no-repeat !important;background-size: cover !important;}\u00a0\u00bb z_index=\u00a0\u00bb\u00a0\u00bb][vc_column][qode_elements_holder number_of_columns=\u00a0\u00bbone_column\u00a0\u00bb][qode_elements_holder_item advanced_animations=\u00a0\u00bbno\u00a0\u00bb item_padding=\u00a0\u00bb179px 0 0 0&Prime; item_padding_1280_1440=\u00a0\u00bb150px 0 0 0&Prime; item_padding_1024_1280=\u00a0\u00bb160px 0 0 0&Prime; item_padding_768_1024=\u00a0\u00bb150px 0 0 0&Prime; item_padding_600_768=\u00a0\u00bb100px 0 0 0&Prime; item_padding_480_600=\u00a0\u00bb100px 0 0 0&Prime; item_padding_480=\u00a0\u00bb100px 0 0 0&Prime;][vc_empty_space height=\u00a0\u00bb1px\u00a0\u00bb][\/qode_elements_holder_item][\/qode_elements_holder][vc_row_inner row_type=\u00a0\u00bbrow\u00a0\u00bb type=\u00a0\u00bbfull_width\u00a0\u00bb text_align=\u00a0\u00bbleft\u00a0\u00bb css_animation=\u00a0\u00bb\u00a0\u00bb][vc_column_inner el_class=\u00a0\u00bbcolesq\u00a0\u00bb width=\u00a0\u00bb1\/3&Prime; offset=\u00a0\u00bbvc_col-lg-4 vc_col-md-4&Prime;][vc_separator type=\u00a0\u00bbsmall\u00a0\u00bb position=\u00a0\u00bbleft\u00a0\u00bb color=\u00a0\u00bb#454545&Prime; transparency=\u00a0\u00bb1&Prime; thickness=\u00a0\u00bb8&Prime; width=\u00a0\u00bb180&Prime; up=\u00a0\u00bb26&Prime; down=\u00a0\u00bb19&Prime;][vc_column_text el_class=\u00a0\u00bbtitol_text_legal\u00a0\u00bb]<\/p>\n<h2>TRANSPARENCIA<\/h2>\n<p>[\/vc_column_text][vc_empty_space height=\u00a0\u00bb50px\u00a0\u00bb][\/vc_column_inner][vc_column_inner width=\u00a0\u00bb2\/3&Prime; offset=\u00a0\u00bbvc_col-lg-8 vc_col-md-8&Prime;][vc_separator type=\u00a0\u00bbsmall\u00a0\u00bb position=\u00a0\u00bbleft\u00a0\u00bb color=\u00a0\u00bb#454545&Prime; transparency=\u00a0\u00bb1&Prime; thickness=\u00a0\u00bb8&Prime; width=\u00a0\u00bb180&Prime; up=\u00a0\u00bb26&Prime; down=\u00a0\u00bb19&Prime;][qode_elements_holder number_of_columns=\u00a0\u00bbone_column\u00a0\u00bb][vc_column_text el_class=\u00a0\u00bbtext_legal\u00a0\u00bb]De acuerdo con el art\u00edculo 3.2 de la Ley 2\/2015, de 2 de abril, de la Generalitat Valenciana, de transparencia, buen gobierno y participaci\u00f3n (DOGV 7500,08\/04\/2015) Xarxa Teatre S.L. ha recibido ayudas del Institut Valenci\u00e0 de Cultura por valor de 130.00\u2019,00 \u20ac para el a\u00f1o 2024 y 130.000,00\u20ac para el a\u00f1o 2025\u00a0 para las producciones de La Serena de la Mar i Babel de Xarxa Teatre, as\u00ed como, la gira 2024-2025, la asistencia a Ferias y la edici\u00f3n de la revista Fiestacultura.[\/vc_column_text][\/qode_elements_holder][vc_column_text el_class=\u00a0\u00bbtext_legal\u00a0\u00bb]&#8212;&#8212;&#8212;&#8212;&#8212;&#8212;&#8212;&#8212;&#8212;&#8212;&#8212;&#8212;&#8212;&#8212;&#8212;&#8212;&#8212;&#8212;&#8212;&#8212;&#8212;&#8212;&#8212;&#8212;&#8212;&#8212;&#8212;&#8212;&#8212;&#8212;&#8212;&#8211;[\/vc_column_text][qode_elements_holder number_of_columns=\u00a0\u00bbone_column\u00a0\u00bb][vc_column_text el_class=\u00a0\u00bbtext_legal\u00a0\u00bb]De acuerdo con el art\u00edculo 3.2 de la Ley 2\/2015, de 2 de abril, de la Generalitat Valenciana, de transparencia, buen gobierno y participaci\u00f3n (DOGV 7500,08\/04\/2015) Xarxa Teatre S.L. ha recibido ayudas de la Conselleria d\u2019Industria, comer i turisme de la Generalitat Valenciana, per al suport a la promoci\u00f3 exterior de la Comunitat Valenciana 2023 per un valor de 7.383,97 \u20ac.[\/vc_column_text][\/qode_elements_holder][vc_column_text el_class=\u00a0\u00bbtext_legal\u00a0\u00bb]&#8212;&#8212;&#8212;&#8212;&#8212;&#8212;&#8212;&#8212;&#8212;&#8212;&#8212;&#8212;&#8212;&#8212;&#8212;&#8212;&#8212;&#8212;&#8212;&#8212;&#8212;&#8212;&#8212;&#8212;&#8212;&#8212;&#8212;&#8212;&#8212;&#8212;&#8212;&#8211;[\/vc_column_text][qode_elements_holder number_of_columns=\u00a0\u00bbone_column\u00a0\u00bb][qode_elements_holder_item advanced_animations=\u00a0\u00bbno\u00a0\u00bb][vc_column_text el_class=\u00a0\u00bbtext_legal\u00a0\u00bb]De acuerdo con el art\u00edculo 3.2 de la Ley 2\/2015, de 2 de abril, de la Generalitat Valenciana, de transparencia, buen gobierno y participaci\u00f3n (DOGV 7500,08\/04\/2015) Xarxa Teatre S.L. ha recibido ayudas del Institut Valenci\u00e0 de Cultura por valor de 125.814,00 \u20ac para el a\u00f1o 2022 y 130.000,00\u20ac para el a\u00f1o 2023\u00a0 para la coproducci\u00f3n internacional XL, as\u00ed como, la gira de los 40 a\u00f1os (2022-2023), la asistencia a Ferias y la edici\u00f3n de la revista Fiestacultura[\/vc_column_text][\/qode_elements_holder_item][\/qode_elements_holder][qode_elements_holder number_of_columns=\u00a0\u00bbone_column\u00a0\u00bb][qode_elements_holder_item advanced_animations=\u00a0\u00bbno\u00a0\u00bb][vc_column_text el_class=\u00a0\u00bbtext_legal\u00a0\u00bb]&#8212;&#8212;&#8212;&#8212;&#8212;&#8212;&#8212;&#8212;&#8212;&#8212;&#8212;&#8212;&#8212;&#8212;&#8212;&#8212;&#8212;&#8212;&#8212;&#8212;&#8212;&#8212;&#8212;&#8212;&#8212;&#8212;&#8212;&#8212;&#8212;&#8212;&#8212;&#8211;[\/vc_column_text][\/qode_elements_holder_item][\/qode_elements_holder][qode_elements_holder number_of_columns=\u00a0\u00bbone_column\u00a0\u00bb][qode_elements_holder_item advanced_animations=\u00a0\u00bbno\u00a0\u00bb][vc_column_text el_class=\u00a0\u00bbtext_legal\u00a0\u00bb]<span style=\"color: #000000;\">De acuerdo con el art\u00edculo 3.2 de la Ley 2\/2015, de 2 de abril, de la Generalitat Valenciana, de transparencia, buen gobierno y participaci\u00f3n\u00a0(DOGV 7500,08\/04\/2015) Xarxa Teatre S.L. ha recibido durante el a\u00f1o 2021 ayudas del Institut Valenci\u00e0 de la Cultura por valor de 74.848\u20ac \u20ac repartidas de la siguiente forma:<\/span><\/p>\n<p><span style=\"color: #000000;\">7.348\u20ac para la assistencia de la Mostra d\u2019Alcoi, Fia T\u00e1rrega, Umore Azoka y Mercartes.<\/span><\/p>\n<p><span style=\"color: #000000;\">7.500 \u20ac como subvenci\u00f3n para la revista internacional cuatrimestral Fiestacultura.<\/span><\/p>\n<p><span style=\"color: #000000;\">60.000 \u20ac para la producci\u00f3n de Bioh\u00e0bitat, la tercera parte de la trilog\u00eda Distop\u00eda.<\/span>[\/vc_column_text][\/qode_elements_holder_item][\/qode_elements_holder][qode_elements_holder number_of_columns=\u00a0\u00bbone_column\u00a0\u00bb][qode_elements_holder_item advanced_animations=\u00a0\u00bbno\u00a0\u00bb][vc_column_text el_class=\u00a0\u00bbtext_legal\u00a0\u00bb]<span style=\"color: #000000;\">&#8212;&#8212;&#8212;&#8212;&#8212;&#8212;&#8212;&#8212;&#8212;&#8212;&#8212;&#8212;&#8212;&#8212;&#8212;&#8212;&#8212;&#8212;&#8212;&#8212;&#8212;&#8212;&#8212;&#8212;&#8212;&#8212;&#8212;&#8212;&#8212;&#8212;&#8212;&#8211;<\/span>[\/vc_column_text][\/qode_elements_holder_item][\/qode_elements_holder][qode_elements_holder number_of_columns=\u00a0\u00bbone_column\u00a0\u00bb][qode_elements_holder_item advanced_animations=\u00a0\u00bbno\u00a0\u00bb][vc_column_text el_class=\u00a0\u00bbtext_legal\u00a0\u00bb]<span style=\"color: #000000;\">De acuerdo con el art\u00edculo 3.2 de la Ley 2\/2015, de 2 de abril, de la Generalitat Valenciana, de transparencia, buen gobierno y participaci\u00f3n\u00a0(DOGV 7500,08\/04\/2015) Xarxa Teatre S.L. ha recibido durante el a\u00f1o 2020 ayudas del Institut Valenci\u00e0 de la Cultura por valor de 68.717,00 \u20ac repartidas de la siguiente forma:<\/span><\/p>\n<p><span style=\"color: #000000;\">3.117\u20ac para sufragar las p\u00e9rdidas ocasionadas por las suspensiones XX en Vitoria y Veles e Ventes en Pforzheim (Alemania) previstas y no ejecutadas en 2020 a causa de la COVID-19<\/span><\/p>\n<p><span style=\"color: #000000;\">5.600 \u20ac como subvenci\u00f3n para la revista internacional cuatrimestral \u00a0Fiestacultura y por la edici\u00f3n del libro Paisajes Esc\u00e9nicos.<\/span><\/p>\n<p><span style=\"color: #000000;\">60.000 \u20ac para la producci\u00f3n de Ecocidi, la segunda parte de la trilog\u00eda Distop\u00eda.<\/span>[\/vc_column_text][\/qode_elements_holder_item][\/qode_elements_holder][\/vc_column_inner][\/vc_row_inner][qode_elements_holder number_of_columns=\u00a0\u00bbone_column\u00a0\u00bb][qode_elements_holder_item advanced_animations=\u00a0\u00bbno\u00a0\u00bb item_padding=\u00a0\u00bb0px 0 179px 0&Prime; item_padding_1280_1440=\u00a0\u00bb150px 0 0 0&Prime; item_padding_1024_1280=\u00a0\u00bb160px 0 0 0&Prime; item_padding_768_1024=\u00a0\u00bb0px 0 150px 0&Prime; item_padding_600_768=\u00a0\u00bb100px 0 0 0&Prime; item_padding_480_600=\u00a0\u00bb100px 0 0 0&Prime; item_padding_480=\u00a0\u00bb100px 0 0 0&Prime;][vc_empty_space height=\u00a0\u00bb1px\u00a0\u00bb][\/qode_elements_holder_item][\/qode_elements_holder][\/vc_column][\/vc_row]<\/p>\n","protected":false},"excerpt":{"rendered":"<p>[vc_row css_animation=\u00a0\u00bb\u00a0\u00bb row_type=\u00a0\u00bbrow\u00a0\u00bb use_row_as_full_screen_section=\u00a0\u00bbno\u00a0\u00bb type=\u00a0\u00bbgrid\u00a0\u00bb angled_section=\u00a0\u00bbno\u00a0\u00bb text_align=\u00a0\u00bbleft\u00a0\u00bb background_image_as_pattern=\u00a0\u00bbwithout_pattern\u00a0\u00bb padding_top=\u00a0\u00bb50&Prime; padding_bottom=\u00a0\u00bb50&Prime; css=\u00a0\u00bb.vc_custom_1555174046267{background-position: center !important;background-repeat: no-repeat !important;background-size: cover !important;}\u00a0\u00bb z_index=\u00a0\u00bb\u00a0\u00bb][vc_column][qode_elements_holder number_of_columns=\u00a0\u00bbone_column\u00a0\u00bb][qode_elements_holder_item advanced_animations=\u00a0\u00bbno\u00a0\u00bb item_padding=\u00a0\u00bb179px 0 0 0&Prime; item_padding_1280_1440=\u00a0\u00bb150px 0 0 0&Prime; item_padding_1024_1280=\u00a0\u00bb160px 0 0 0&Prime; item_padding_768_1024=\u00a0\u00bb150px 0 0 0&Prime; item_padding_600_768=\u00a0\u00bb100px 0 0 0&Prime; item_padding_480_600=\u00a0\u00bb100px 0 0 0&Prime; item_padding_480=\u00a0\u00bb100px 0 0 0&Prime;][vc_empty_space height=\u00a0\u00bb1px\u00a0\u00bb][\/qode_elements_holder_item][\/qode_elements_holder][vc_row_inner row_type=\u00a0\u00bbrow\u00a0\u00bb type=\u00a0\u00bbfull_width\u00a0\u00bb text_align=\u00a0\u00bbleft\u00a0\u00bb css_animation=\u00a0\u00bb\u00a0\u00bb][vc_column_inner el_class=\u00a0\u00bbcolesq\u00a0\u00bb width=\u00a0\u00bb1\/3&Prime; offset=\u00a0\u00bbvc_col-lg-4 vc_col-md-4&Prime;][vc_separator type=\u00a0\u00bbsmall\u00a0\u00bb position=\u00a0\u00bbleft\u00a0\u00bb color=\u00a0\u00bb#454545&Prime; transparency=\u00a0\u00bb1&Prime; thickness=\u00a0\u00bb8&Prime; width=\u00a0\u00bb180&Prime; up=\u00a0\u00bb26&Prime; down=\u00a0\u00bb19&Prime;][vc_column_text el_class=\u00a0\u00bbtitol_text_legal\u00a0\u00bb] TRANSPARENCIA [\/vc_column_text][vc_empty_space height=\u00a0\u00bb50px\u00a0\u00bb][\/vc_column_inner][vc_column_inner width=\u00a0\u00bb2\/3&Prime; offset=\u00a0\u00bbvc_col-lg-8 vc_col-md-8&Prime;][vc_separator type=\u00a0\u00bbsmall\u00a0\u00bb position=\u00a0\u00bbleft\u00a0\u00bb color=\u00a0\u00bb#454545&Prime; transparency=\u00a0\u00bb1&Prime; thickness=\u00a0\u00bb8&Prime; width=\u00a0\u00bb180&Prime; up=\u00a0\u00bb26&Prime; down=\u00a0\u00bb19&Prime;][qode_elements_holder number_of_columns=\u00a0\u00bbone_column\u00a0\u00bb][vc_column_text el_class=\u00a0\u00bbtext_legal\u00a0\u00bb]De acuerdo con el art\u00edculo 3.2 de la Ley 2\/2015, de 2 de abril, de la Generalitat Valenciana, de transparencia, buen gobierno y participaci\u00f3n (DOGV 7500,08\/04\/2015) Xarxa Teatre S.L. ha recibido ayudas del Institut Valenci\u00e0 de Cultura por valor de 130.00\u2019,00 \u20ac para el a\u00f1o 2024 y 130.000,00\u20ac para el a\u00f1o 2025\u00a0 para las producciones de La Serena de la Mar i Babel de Xarxa Teatre, as\u00ed como, la&#8230;<\/p>\n","protected":false},"author":1,"featured_media":0,"parent":0,"menu_order":0,"comment_status":"closed","ping_status":"closed","template":"full_width.php","meta":{"_exactmetrics_skip_tracking":false,"_exactmetrics_sitenote_active":false,"_exactmetrics_sitenote_note":"","_exactmetrics_sitenote_category":0,"footnotes":""},"class_list":["post-1912","page","type-page","status-publish","hentry"],"_links":{"self":[{"href":"https:\/\/escandallteatral.com\/fr\/wp-json\/wp\/v2\/pages\/1912","targetHints":{"allow":["GET"]}}],"collection":[{"href":"https:\/\/escandallteatral.com\/fr\/wp-json\/wp\/v2\/pages"}],"about":[{"href":"https:\/\/escandallteatral.com\/fr\/wp-json\/wp\/v2\/types\/page"}],"author":[{"embeddable":true,"href":"https:\/\/escandallteatral.com\/fr\/wp-json\/wp\/v2\/users\/1"}],"replies":[{"embeddable":true,"href":"https:\/\/escandallteatral.com\/fr\/wp-json\/wp\/v2\/comments?post=1912"}],"version-history":[{"count":22,"href":"https:\/\/escandallteatral.com\/fr\/wp-json\/wp\/v2\/pages\/1912\/revisions"}],"predecessor-version":[{"id":4500,"href":"https:\/\/escandallteatral.com\/fr\/wp-json\/wp\/v2\/pages\/1912\/revisions\/4500"}],"wp:attachment":[{"href":"https:\/\/escandallteatral.com\/fr\/wp-json\/wp\/v2\/media?parent=1912"}],"curies":[{"name":"wp","href":"https:\/\/api.w.org\/{rel}","templated":true}]}}