{"id":1266,"date":"2019-04-13T18:43:52","date_gmt":"2019-04-13T16:43:52","guid":{"rendered":"https:\/\/escandallteatral.com\/politica-de-privacidad\/"},"modified":"2024-05-13T14:06:32","modified_gmt":"2024-05-13T12:06:32","slug":"politique-de-la-vie-privee","status":"publish","type":"page","link":"https:\/\/escandallteatral.com\/fr\/politique-de-la-vie-privee\/","title":{"rendered":"Politique de la Vie Priv\u00e9e"},"content":{"rendered":"<p>[vc_row css_animation=\u00a0\u00bb\u00a0\u00bb row_type=\u00a0\u00bbrow\u00a0\u00bb use_row_as_full_screen_section=\u00a0\u00bbno\u00a0\u00bb type=\u00a0\u00bbgrid\u00a0\u00bb angled_section=\u00a0\u00bbno\u00a0\u00bb text_align=\u00a0\u00bbleft\u00a0\u00bb background_image_as_pattern=\u00a0\u00bbwithout_pattern\u00a0\u00bb padding_top=\u00a0\u00bb50&Prime; padding_bottom=\u00a0\u00bb50&Prime; css=\u00a0\u00bb.vc_custom_1555174046267{background-position: center !important;background-repeat: no-repeat !important;background-size: cover !important;}\u00a0\u00bb z_index=\u00a0\u00bb\u00a0\u00bb][vc_column][qode_elements_holder number_of_columns=\u00a0\u00bbone_column\u00a0\u00bb][qode_elements_holder_item advanced_animations=\u00a0\u00bbno\u00a0\u00bb item_padding=\u00a0\u00bb179px 0 0 0&Prime; item_padding_1280_1440=\u00a0\u00bb150px 0 0 0&Prime; item_padding_1024_1280=\u00a0\u00bb160px 0 0 0&Prime; item_padding_768_1024=\u00a0\u00bb150px 0 0 0&Prime; item_padding_600_768=\u00a0\u00bb100px 0 0 0&Prime; item_padding_480_600=\u00a0\u00bb100px 0 0 0&Prime; item_padding_480=\u00a0\u00bb100px 0 0 0&Prime;][vc_empty_space height=\u00a0\u00bb1px\u00a0\u00bb][\/qode_elements_holder_item][\/qode_elements_holder][vc_row_inner row_type=\u00a0\u00bbrow\u00a0\u00bb type=\u00a0\u00bbfull_width\u00a0\u00bb text_align=\u00a0\u00bbleft\u00a0\u00bb css_animation=\u00a0\u00bb\u00a0\u00bb][vc_column_inner width=\u00a0\u00bb1\/3&Prime; offset=\u00a0\u00bbvc_col-md-4&Prime;][vc_separator type=\u00a0\u00bbsmall\u00a0\u00bb position=\u00a0\u00bbleft\u00a0\u00bb color=\u00a0\u00bb#454545&Prime; transparency=\u00a0\u00bb1&Prime; thickness=\u00a0\u00bb8&Prime; width=\u00a0\u00bb180&Prime; up=\u00a0\u00bb26&Prime; down=\u00a0\u00bb19&Prime;][vc_column_text]<\/p>\n<h2><span style=\"color: #454545;\"><span style=\"color: #454545;\"><span style=\"caret-color: #454545;\">POLITIQUE DE<br \/>\nLA\u00a0VIE PRIV\u00c9E<\/span><\/span><\/span><\/h2>\n<p>[\/vc_column_text][vc_empty_space height=\u00a0\u00bb50px\u00a0\u00bb][\/vc_column_inner][vc_column_inner width=\u00a0\u00bb2\/3&Prime; offset=\u00a0\u00bbvc_col-md-8&Prime;][vc_separator type=\u00a0\u00bbsmall\u00a0\u00bb position=\u00a0\u00bbleft\u00a0\u00bb color=\u00a0\u00bb#454545&Prime; transparency=\u00a0\u00bb1&Prime; thickness=\u00a0\u00bb8&Prime; width=\u00a0\u00bb180&Prime; up=\u00a0\u00bb26&Prime; down=\u00a0\u00bb19&Prime;][qode_elements_holder number_of_columns=\u00a0\u00bbone_column\u00a0\u00bb][qode_elements_holder_item advanced_animations=\u00a0\u00bbno\u00a0\u00bb][vc_column_text el_class=\u00a0\u00bbtext_polit\u00a0\u00bb]<strong>XARXA TEATRE S.L.<\/strong> (ci-apr\u00e8s Escandallteatral.com) est le propri\u00e9taire de cette page web ou du site web auquel vous avez acc\u00e9d\u00e9. Elle est \u00e9galement propri\u00e9taire de l&rsquo;application \u00ab\u00a0Ecocidi\u00a0\u00bb, utilis\u00e9e comme support lorsque vous assistez \u00e0 la pi\u00e8ce \u00ab\u00a0Ecocidi\u00a0\u00bb d&rsquo;Escandall teatral en tant que spectateur.<\/p>\n<p>L&rsquo;acc\u00e8s \u00e0 ce site Web et aux informations qu&rsquo;il contient implique l&rsquo;acceptation des conditions \u00e9nonc\u00e9es dans le pr\u00e9sent avis juridique (ci-apr\u00e8s \u00ab\u00a0Avis juridique et politique de confidentialit\u00e9\u00a0\u00bb). Nous vous recommandons donc de lire attentivement son contenu si vous souhaitez acc\u00e9der et utiliser les informations et les services qui peuvent \u00eatre offerts \u00e0 partir de ce portail.<\/p>\n<p>&nbsp;<\/p>\n<p><strong>Validit\u00e9 des informations et du contenu<\/strong><\/p>\n<p>Les informations contenues dans ces pages sont valables \u00e0 la date de la derni\u00e8re mise \u00e0 jour.<\/p>\n<p>Les pr\u00e9sentes conditions sont celles en vigueur \u00e0 la date de leur derni\u00e8re mise \u00e0 jour. Escandallteatral.com se r\u00e9serve le droit de les modifier \u00e0 tout moment, auquel cas elles entreront en vigueur d\u00e8s leur publication et seront applicables \u00e0 tous les utilisateurs du site Web \u00e0 partir de cette date.<\/p>\n<p>Les contenus du site Web, en particulier les r\u00e9f\u00e9rences informatives et publicitaires, le cas \u00e9ch\u00e9ant, sauf indication contraire expresse, ne constituent en aucun cas une offre contraignante. Escandallteatral.com se r\u00e9serve le droit d&rsquo;apporter des modifications ou de supprimer partiellement ou totalement les contenus actuels lorsqu&rsquo;elle le jugera opportun, ainsi que d&rsquo;en emp\u00eacher ou d&rsquo;en restreindre l&rsquo;acc\u00e8s de mani\u00e8re temporaire ou permanente.<\/p>\n<p>Escandallteatral.com peut inclure dans n&rsquo;importe lequel de ses sites Web des contenus de tiers et des liens vers des sites Web de tiers, toujours avec l&rsquo;autorisation de leurs propri\u00e9taires, tels que des r\u00e9seaux sociaux et d&rsquo;autres informations. Dans tous les cas, Escandallteatral.com n&rsquo;est pas responsable des pages et des contenus de tiers, ni de leur fonctionnement et de leur disponibilit\u00e9.<\/p>\n<p>&nbsp;<\/p>\n<p><strong>Politique de confidentialit\u00e9 et de protection des donn\u00e9es<\/strong><\/p>\n<p>Escandallteatral.com respecte pleinement la l\u00e9gislation en vigueur en mati\u00e8re de protection des donn\u00e9es personnelles et les engagements de confidentialit\u00e9 inh\u00e9rents \u00e0 son activit\u00e9.<\/p>\n<p>Escandallteatral.com a adopt\u00e9 les mesures techniques n\u00e9cessaires pour maintenir le niveau de s\u00e9curit\u00e9 requis, en fonction de la nature des donn\u00e9es personnelles trait\u00e9es et des circonstances du traitement, afin d&rsquo;\u00e9viter, dans la mesure du possible et toujours selon l&rsquo;\u00e9tat de l&rsquo;art, leur alt\u00e9ration, perte, traitement ou acc\u00e8s non autoris\u00e9.<\/p>\n<p>L&rsquo;application \u00ab\u00a0Ecocidi\u00a0\u00bb ne recueille aucun type de donn\u00e9es d&rsquo;utilisateur et ne g\u00e8re donc aucune donn\u00e9e personnelle de l&rsquo;utilisateur. Le site Escandalltatral.com recueille les donn\u00e9es n\u00e9cessaires \u00e0 la navigation sous forme de cookies et les donn\u00e9es qui peuvent \u00eatre saisies volontairement dans le formulaire de demande d&rsquo;informations.<\/p>\n<p>Pour demander tout type d&rsquo;information sur les donn\u00e9es personnelles, vous pouvez le faire par le biais de notre formulaire : <a href=\"https:\/\/escandallteatral.com\/fr\/contact\/\">https:\/\/escandallteatral.com\/contacto\/<\/a><\/p>\n<p>&nbsp;<\/p>\n<p><strong>Politique en mati\u00e8re de cookies<\/strong><\/p>\n<p>Les pages web d&rsquo;Escandallteatral.com contiennent des cookies, qui sont de petits fichiers de donn\u00e9es stock\u00e9s dans l&rsquo;ordinateur de l&rsquo;utilisateur et qui peuvent permettre \u00e0 nos syst\u00e8mes de m\u00e9moriser des caract\u00e9ristiques ou des pr\u00e9f\u00e9rences de navigation dans nos pages web qui peuvent \u00eatre utilis\u00e9es pour personnaliser votre acc\u00e8s lors de visites successives, pour rendre la navigation plus s\u00fbre, pour recueillir des informations statistiques sur la navigation effectu\u00e9e ou pour conna\u00eetre les pr\u00e9f\u00e9rences de l&rsquo;utilisateur.<\/p>\n<p>La politique de cookies de escandallteatral.com est soumise \u00e0 la r\u00e9glementation communautaire et espagnole en vigueur en mati\u00e8re de traitement des donn\u00e9es personnelles et de protection de la vie priv\u00e9e dans le secteur des communications \u00e9lectroniques. En vertu de cette r\u00e9glementation, Escandallteatral.com vous informera des cookies qu&rsquo;elle utilise sur chacun de ses sites web (<a href=\"https:\/\/escandallteatral.com\/fr\/politique-cookies\/\">https:\/\/escandallteatral.com\/politica-de-cookies\/<\/a>) et, le cas \u00e9ch\u00e9ant, vous demandera votre consentement pour les utiliser.<\/p>\n<p>Ces cookies ne sont ni invasifs ni nuisibles et ne contiennent pas de donn\u00e9es \u00e0 caract\u00e8re personnel, leur seule fonction \u00e9tant de personnaliser votre navigation de la mani\u00e8re susmentionn\u00e9e.<\/p>\n<p>&nbsp;<\/p>\n<p><strong>Propri\u00e9t\u00e9 intellectuelle et industrielle<\/strong><\/p>\n<p>Le portail et les sites web d&rsquo;Escandallteatral.com, les pages qui le composent et l&rsquo;information ou les \u00e9l\u00e9ments qui y sont contenus comprennent, entre autres, des textes, des documents, des photographies, des dessins, des repr\u00e9sentations graphiques, des bases de donn\u00e9es, des programmes informatiques, ainsi que des logos, des marques, des noms commerciaux ou d&rsquo;autres signes distinctifs, prot\u00e9g\u00e9s par des droits de propri\u00e9t\u00e9 intellectuelle ou industrielle, dont nous sommes les propri\u00e9taires ou les licenci\u00e9s l\u00e9gitimes.<\/p>\n<p>Escandallteatral.com n&rsquo;accorde aucune garantie sur la l\u00e9galit\u00e9 et la r\u00e9gularit\u00e9 de l&rsquo;information ou des \u00e9l\u00e9ments contenus dans les pages web d&rsquo;Escandallteatral.com lorsque la propri\u00e9t\u00e9 de ces derniers ne correspond pas \u00e0 Escandallteatral.com. Les photographies et les textes qui apparaissent sur le site web sont la propri\u00e9t\u00e9 de leurs auteurs respectifs. Utilisations interdites et autoris\u00e9es<\/p>\n<p>Toute forme d&rsquo;exploitation est interdite, y compris tout type de reproduction, distribution, cession \u00e0 des tiers, communication publique et transformation, par le biais de tout type de support et de m\u00e9dia, des \u0153uvres, cr\u00e9ations et signes distinctifs susmentionn\u00e9s sans l&rsquo;autorisation pr\u00e9alable et expresse de leurs propri\u00e9taires respectifs. Le non-respect de cette interdiction peut constituer une contrefa\u00e7on sanctionn\u00e9e par la l\u00e9gislation en vigueur.<\/p>\n<p>&nbsp;<\/p>\n<p><strong>Utilisations interdites et autoris\u00e9es<\/strong><\/p>\n<p>Toute forme d&rsquo;exploitation, y compris tout type de reproduction, distribution, cession \u00e0 des tiers, communication publique et transformation, au moyen de tout type de support et de m\u00e9dia, des \u0153uvres, cr\u00e9ations et signes distinctifs susmentionn\u00e9s sans l&rsquo;autorisation pr\u00e9alable et expresse de leurs propri\u00e9taires respectifs est interdite. Le non-respect de cette interdiction peut constituer une contrefa\u00e7on sanctionn\u00e9e par la l\u00e9gislation en vigueur.<\/p>\n<p>Il est interdit, sauf autorisation expresse d&rsquo;Escandallteatral.com, d&rsquo;\u00e9tablir des liens ou des hyperliens depuis des portails ou des sites web de tiers vers des pages web d&rsquo;Escandallteatral.com autres que la page principale de son portail, accessible \u00e0 l&rsquo;adresse URL (<a href=\"https:\/\/escandallteatral.com\/fr\/\">https:\/\/escandallteatral.com\/<\/a>), ou celle qui pourrait la remplacer \u00e0 l&rsquo;avenir, ainsi que de pr\u00e9senter ses pages web ou l&rsquo;information qu&rsquo;elles contiennent sous des cadres, des signes distinctifs, des marques ou des d\u00e9nominations sociales ou commerciales d&rsquo;une autre personne, entreprise ou entit\u00e9.<\/p>\n<p>&nbsp;<\/p>\n<p><strong>Responsabilit\u00e9s<\/strong><\/p>\n<p>Escandallteatral.com ne garantit pas l&rsquo;acc\u00e8s continu, ni la visualisation, le t\u00e9l\u00e9chargement ou l&rsquo;utilisation correcte des \u00e9l\u00e9ments et de l&rsquo;information contenus dans ses pages web, qui peuvent \u00eatre entrav\u00e9s, g\u00ean\u00e9s ou interrompus par des facteurs ou des circonstances \u00e9chappant \u00e0 son contr\u00f4le.<\/p>\n<p>Escandallteatral.com n&rsquo;est pas responsable de l&rsquo;information et des autres contenus int\u00e9gr\u00e9s dans les espaces ou les pages web de tiers accessibles depuis les pages web d&rsquo;Escandallteatral.com par le biais de liens ou d&rsquo;hyperliens, ni de l&rsquo;information et des autres contenus int\u00e9gr\u00e9s dans les espaces ou les pages web de tiers \u00e0 partir desquels on acc\u00e8de, par le biais de liens ou d&rsquo;hyperliens, \u00e0 son site web ou \u00e0 l&rsquo;une de ses pages web, ni de l&rsquo;information et des contenus de toute page web de tiers pr\u00e9sent\u00e9e sous l&rsquo;apparence ou les signes distinctifs d&rsquo;Escandallteatral.com, sauf autorisation expresse d&rsquo;Escandallteatral.com.<\/p>\n<p>Escandallteatral.com n&rsquo;est pas responsable des divergences qui peuvent appara\u00eetre temporairement entre les diff\u00e9rentes versions imprim\u00e9es et num\u00e9riques des documents ou entre la version publi\u00e9e dans ses documents imprim\u00e9s et la version \u00e9lectronique de ces m\u00eames documents publi\u00e9e sur ses pages Web.<\/p>\n<p>&nbsp;<\/p>\n<p><strong>Droit applicable<\/strong><\/p>\n<p>Les pr\u00e9sentes conditions g\u00e9n\u00e9rales sont r\u00e9gies par la l\u00e9gislation espagnole.[\/vc_column_text][\/qode_elements_holder_item][\/qode_elements_holder][\/vc_column_inner][\/vc_row_inner][qode_elements_holder number_of_columns=\u00a0\u00bbone_column\u00a0\u00bb][qode_elements_holder_item advanced_animations=\u00a0\u00bbno\u00a0\u00bb item_padding=\u00a0\u00bb0px 0 179px 0&Prime; item_padding_1280_1440=\u00a0\u00bb150px 0 0 0&Prime; item_padding_1024_1280=\u00a0\u00bb160px 0 0 0&Prime; item_padding_768_1024=\u00a0\u00bb0px 0 150px 0&Prime; item_padding_600_768=\u00a0\u00bb100px 0 0 0&Prime; item_padding_480_600=\u00a0\u00bb100px 0 0 0&Prime; item_padding_480=\u00a0\u00bb100px 0 0 0&Prime;][vc_empty_space height=\u00a0\u00bb1px\u00a0\u00bb][\/qode_elements_holder_item][\/qode_elements_holder][\/vc_column][\/vc_row]<\/p>\n","protected":false},"excerpt":{"rendered":"<p>[vc_row css_animation=\u00a0\u00bb\u00a0\u00bb row_type=\u00a0\u00bbrow\u00a0\u00bb use_row_as_full_screen_section=\u00a0\u00bbno\u00a0\u00bb type=\u00a0\u00bbgrid\u00a0\u00bb angled_section=\u00a0\u00bbno\u00a0\u00bb text_align=\u00a0\u00bbleft\u00a0\u00bb background_image_as_pattern=\u00a0\u00bbwithout_pattern\u00a0\u00bb padding_top=\u00a0\u00bb50&Prime; padding_bottom=\u00a0\u00bb50&Prime; css=\u00a0\u00bb.vc_custom_1555174046267{background-position: center !important;background-repeat: no-repeat !important;background-size: cover !important;}\u00a0\u00bb z_index=\u00a0\u00bb\u00a0\u00bb][vc_column][qode_elements_holder number_of_columns=\u00a0\u00bbone_column\u00a0\u00bb][qode_elements_holder_item advanced_animations=\u00a0\u00bbno\u00a0\u00bb item_padding=\u00a0\u00bb179px 0 0 0&Prime; item_padding_1280_1440=\u00a0\u00bb150px 0 0 0&Prime; item_padding_1024_1280=\u00a0\u00bb160px 0 0 0&Prime; item_padding_768_1024=\u00a0\u00bb150px 0 0 0&Prime; item_padding_600_768=\u00a0\u00bb100px 0 0 0&Prime; item_padding_480_600=\u00a0\u00bb100px 0 0 0&Prime; item_padding_480=\u00a0\u00bb100px 0 0 0&Prime;][vc_empty_space height=\u00a0\u00bb1px\u00a0\u00bb][\/qode_elements_holder_item][\/qode_elements_holder][vc_row_inner row_type=\u00a0\u00bbrow\u00a0\u00bb type=\u00a0\u00bbfull_width\u00a0\u00bb text_align=\u00a0\u00bbleft\u00a0\u00bb css_animation=\u00a0\u00bb\u00a0\u00bb][vc_column_inner width=\u00a0\u00bb1\/3&Prime; offset=\u00a0\u00bbvc_col-md-4&Prime;][vc_separator type=\u00a0\u00bbsmall\u00a0\u00bb position=\u00a0\u00bbleft\u00a0\u00bb color=\u00a0\u00bb#454545&Prime; transparency=\u00a0\u00bb1&Prime; thickness=\u00a0\u00bb8&Prime; width=\u00a0\u00bb180&Prime; up=\u00a0\u00bb26&Prime; down=\u00a0\u00bb19&Prime;][vc_column_text] POLITIQUE DE LA\u00a0VIE PRIV\u00c9E [\/vc_column_text][vc_empty_space height=\u00a0\u00bb50px\u00a0\u00bb][\/vc_column_inner][vc_column_inner width=\u00a0\u00bb2\/3&Prime; offset=\u00a0\u00bbvc_col-md-8&Prime;][vc_separator type=\u00a0\u00bbsmall\u00a0\u00bb position=\u00a0\u00bbleft\u00a0\u00bb color=\u00a0\u00bb#454545&Prime; transparency=\u00a0\u00bb1&Prime; thickness=\u00a0\u00bb8&Prime; width=\u00a0\u00bb180&Prime; up=\u00a0\u00bb26&Prime; down=\u00a0\u00bb19&Prime;][qode_elements_holder number_of_columns=\u00a0\u00bbone_column\u00a0\u00bb][qode_elements_holder_item advanced_animations=\u00a0\u00bbno\u00a0\u00bb][vc_column_text el_class=\u00a0\u00bbtext_polit\u00a0\u00bb]XARXA TEATRE S.L. (ci-apr\u00e8s Escandallteatral.com) est le propri\u00e9taire de cette page web ou du site web auquel vous avez acc\u00e9d\u00e9. Elle est \u00e9galement propri\u00e9taire de l&rsquo;application \u00ab\u00a0Ecocidi\u00a0\u00bb, utilis\u00e9e comme support lorsque vous assistez \u00e0 la pi\u00e8ce \u00ab\u00a0Ecocidi\u00a0\u00bb d&rsquo;Escandall teatral en tant que spectateur. L&rsquo;acc\u00e8s \u00e0 ce site Web et aux informations qu&rsquo;il contient implique l&rsquo;acceptation des conditions \u00e9nonc\u00e9es dans le pr\u00e9sent avis juridique (ci-apr\u00e8s \u00ab\u00a0Avis juridique et politique de&#8230;<\/p>\n","protected":false},"author":1,"featured_media":0,"parent":0,"menu_order":0,"comment_status":"closed","ping_status":"closed","template":"full_width.php","meta":{"_exactmetrics_skip_tracking":false,"_exactmetrics_sitenote_active":false,"_exactmetrics_sitenote_note":"","_exactmetrics_sitenote_category":0,"footnotes":""},"class_list":["post-1266","page","type-page","status-publish","hentry"],"_links":{"self":[{"href":"https:\/\/escandallteatral.com\/fr\/wp-json\/wp\/v2\/pages\/1266","targetHints":{"allow":["GET"]}}],"collection":[{"href":"https:\/\/escandallteatral.com\/fr\/wp-json\/wp\/v2\/pages"}],"about":[{"href":"https:\/\/escandallteatral.com\/fr\/wp-json\/wp\/v2\/types\/page"}],"author":[{"embeddable":true,"href":"https:\/\/escandallteatral.com\/fr\/wp-json\/wp\/v2\/users\/1"}],"replies":[{"embeddable":true,"href":"https:\/\/escandallteatral.com\/fr\/wp-json\/wp\/v2\/comments?post=1266"}],"version-history":[{"count":9,"href":"https:\/\/escandallteatral.com\/fr\/wp-json\/wp\/v2\/pages\/1266\/revisions"}],"predecessor-version":[{"id":4317,"href":"https:\/\/escandallteatral.com\/fr\/wp-json\/wp\/v2\/pages\/1266\/revisions\/4317"}],"wp:attachment":[{"href":"https:\/\/escandallteatral.com\/fr\/wp-json\/wp\/v2\/media?parent=1266"}],"curies":[{"name":"wp","href":"https:\/\/api.w.org\/{rel}","templated":true}]}}