{"id":1259,"date":"2019-04-13T20:26:48","date_gmt":"2019-04-13T18:26:48","guid":{"rendered":"https:\/\/escandallteatral.com\/politica-de-cookies\/"},"modified":"2019-04-13T23:57:01","modified_gmt":"2019-04-13T21:57:01","slug":"politique-cookies","status":"publish","type":"page","link":"https:\/\/escandallteatral.com\/fr\/politique-cookies\/","title":{"rendered":"Politique Cookies"},"content":{"rendered":"<p>[vc_row css_animation=\u00a0\u00bb\u00a0\u00bb row_type=\u00a0\u00bbrow\u00a0\u00bb use_row_as_full_screen_section=\u00a0\u00bbno\u00a0\u00bb type=\u00a0\u00bbgrid\u00a0\u00bb angled_section=\u00a0\u00bbno\u00a0\u00bb text_align=\u00a0\u00bbleft\u00a0\u00bb background_image_as_pattern=\u00a0\u00bbwithout_pattern\u00a0\u00bb padding_top=\u00a0\u00bb50&Prime; padding_bottom=\u00a0\u00bb50&Prime; css=\u00a0\u00bb.vc_custom_1555174046267{background-position: center !important;background-repeat: no-repeat !important;background-size: cover !important;}\u00a0\u00bb z_index=\u00a0\u00bb\u00a0\u00bb][vc_column][qode_elements_holder number_of_columns=\u00a0\u00bbone_column\u00a0\u00bb][qode_elements_holder_item item_padding=\u00a0\u00bb179px 0 0 0&Prime; advanced_animations=\u00a0\u00bbno\u00a0\u00bb item_padding_1280_1440=\u00a0\u00bb150px 0 0 0&Prime; item_padding_1024_1280=\u00a0\u00bb160px 0 0 0&Prime; item_padding_768_1024=\u00a0\u00bb150px 0 0 0&Prime; item_padding_600_768=\u00a0\u00bb100px 0 0 0&Prime; item_padding_480_600=\u00a0\u00bb100px 0 0 0&Prime; item_padding_480=\u00a0\u00bb100px 0 0 0&Prime;][vc_empty_space height=\u00a0\u00bb1px\u00a0\u00bb][\/qode_elements_holder_item][\/qode_elements_holder][vc_row_inner row_type=\u00a0\u00bbrow\u00a0\u00bb type=\u00a0\u00bbfull_width\u00a0\u00bb text_align=\u00a0\u00bbleft\u00a0\u00bb css_animation=\u00a0\u00bb\u00a0\u00bb][vc_column_inner width=\u00a0\u00bb1\/3&Prime; offset=\u00a0\u00bbvc_col-md-4&Prime;][vc_separator type=\u00a0\u00bbsmall\u00a0\u00bb position=\u00a0\u00bbleft\u00a0\u00bb color=\u00a0\u00bb#454545&Prime; transparency=\u00a0\u00bb1&Prime; thickness=\u00a0\u00bb8&Prime; width=\u00a0\u00bb180&Prime; up=\u00a0\u00bb26&Prime; down=\u00a0\u00bb19&Prime;][vc_column_text]<\/p>\n<h2><span style=\"color: #454545;\"><span style=\"caret-color: #454545;\">Politique<br \/>\nCookies<\/span><\/span><\/h2>\n<p>[\/vc_column_text][vc_empty_space height=\u00a0\u00bb50px\u00a0\u00bb][\/vc_column_inner][vc_column_inner width=\u00a0\u00bb2\/3&Prime; offset=\u00a0\u00bbvc_col-md-8&Prime;][vc_separator type=\u00a0\u00bbsmall\u00a0\u00bb position=\u00a0\u00bbleft\u00a0\u00bb color=\u00a0\u00bb#454545&Prime; transparency=\u00a0\u00bb1&Prime; thickness=\u00a0\u00bb8&Prime; width=\u00a0\u00bb180&Prime; up=\u00a0\u00bb26&Prime; down=\u00a0\u00bb19&Prime;][qode_elements_holder number_of_columns=\u00a0\u00bbone_column\u00a0\u00bb][qode_elements_holder_item advanced_animations=\u00a0\u00bbno\u00a0\u00bb][vc_column_text el_class=\u00a0\u00bbtext_legal\u00a0\u00bb]<\/p>\n<p id=\"post-733\" class=\"post-733 page type-page status-publish hentry\"><span style=\"color: #454545;\">Web https:\/\/escandallteatral.com\u00a0utiliser des cookies pour faciliter les visiteurs relation avec notre contenu et de permettre de compiler des statistiques sur les visiteurs que nous recevons.<\/span><\/p>\n<p class=\"post-733 page type-page status-publish hentry\"><span style=\"color: #454545;\">Conform\u00e9ment \u00e0 la directive 2009\/136 \/ CE, mis au point dans notre syst\u00e8me juridique par le deuxi\u00e8me alin\u00e9a de l&rsquo;article 22 de la loi des services soci\u00e9t\u00e9 de l&rsquo;information, conform\u00e9ment aux directives de l&rsquo;Agence espagnole pour la protection des donn\u00e9es, nous proc\u00e9dons \u00e0 l&rsquo;informer en d\u00e9tail utiliser fait sur notre site.<\/span><\/p>\n<p class=\"post-733 page type-page status-publish hentry\"><span style=\"color: #454545;\">Sont appel\u00e9s cookies pour petits fichiers qui sont stock\u00e9s dans le navigateur utilis\u00e9 par chaque visiteur de notre site Web afin que le serveur peut se rappeler plus tard la visite que l&rsquo;utilisateur lors de l&rsquo;acc\u00e8s \u00e0 notre contenu. Cette information ne r\u00e9v\u00e8le pas son identit\u00e9 ou tout autre contenu informations personnelles ou stock\u00e9es sur votre PC, mais il permet \u00e0 notre syst\u00e8me de vous identifier en tant qu&rsquo;utilisateur particulier qui a visit\u00e9 le site pr\u00e9c\u00e9demment envisag\u00e9 certaines pages, etc. et \u00e9galement enregistrer vos pr\u00e9f\u00e9rences personnelles et informations techniques telles que les visites ou des pages sp\u00e9cifiques que vous visitez.<\/span><\/p>\n<p class=\"post-733 page type-page status-publish hentry\"><span style=\"color: #454545;\">Le but des cookies est de fournir \u00e0 l&rsquo;utilisateur un acc\u00e8s plus rapide aux services s\u00e9lectionn\u00e9s.<\/span><\/p>\n<p class=\"post-733 page type-page status-publish hentry\"><span style=\"color: #454545;\">Si vous ne voulez pas que les cookies soient stock\u00e9s dans votre navigateur ou pr\u00e9f\u00e8rent recevoir de l&rsquo;information chaque fois qu&rsquo;une demande de cookie install\u00e9, vous pouvez d\u00e9finir vos options de navigation \u00e0 faire de cette fa\u00e7on. La plupart des navigateurs permettent la gestion des cookies de 3 fa\u00e7ons:<\/span><\/p>\n<p><span style=\"color: #454545;\">&#8211; Les cookies sont toujours rejet\u00e9s;<\/span><br \/>\n<span style=\"color: #454545;\">&#8211; Le navigateur demande si l&rsquo;utilisateur souhaite installer chaque cookie;<\/span><br \/>\n<span style=\"color: #454545;\">&#8211; Les cookies sont toujours accept\u00e9s;<\/span><\/p>\n<p><span style=\"color: #454545;\">Votre navigateur peut \u00e9galement inclure la possibilit\u00e9 de s\u00e9lectionner en d\u00e9tail les cookies que vous souhaitez install\u00e9 sur votre ordinateur. Plus pr\u00e9cis\u00e9ment, l&rsquo;utilisateur peut normalement accepter l&rsquo;une des options suivantes:<\/span><\/p>\n<p><span style=\"color: #454545;\">&#8211; Refuser les cookies de certains domaines;<\/span><br \/>\n<span style=\"color: #454545;\">&#8211; Refuser les cookies de tiers;<\/span><br \/>\n<span style=\"color: #454545;\">&#8211; Accepter les cookies et non persistants (supprim\u00e9 lorsque le navigateur est ferm\u00e9);<\/span><br \/>\n<span style=\"color: #454545;\">&#8211; Permettre au serveur de cr\u00e9er des cookies pour un domaine diff\u00e9rent.<\/span><\/p>\n<p><span style=\"color: #454545;\"><strong>Pour activer, rencontrer, bloquer ou supprimer les cookies install\u00e9s sur votre ordinateur, vous pouvez le faire en d\u00e9finissant vos options de navigateur install\u00e9 sur votre ordinateur.<\/strong><\/span><\/p>\n<p>&nbsp;<\/p>\n<p><span style=\"color: #454545;\">Vous pouvez trouver des informations sur la fa\u00e7on de configurer les navigateurs les plus utilis\u00e9s aux endroits suivants:<\/span><\/p>\n<p><span style=\"color: #454545;\"><strong>&#8211; Internet Explorer<\/strong> : Outils -&gt; Options Internet -&gt; Confidentialit\u00e9 -&gt; Param\u00e8tres. Pour plus d&rsquo; informations, consultez le\u00a0 <a style=\"color: #454545;\" href=\"http:\/\/windows.microsoft.com\/es-ES\/windows\/support\">support technique de Microsoft<\/a> \u00a0ou d&rsquo;un navigateur d&rsquo; aide.<\/span><br \/>\n<span style=\"color: #454545;\"><strong>&#8211; Firefox<\/strong> : Outils -&gt; Options -&gt; Confidentialit\u00e9 -&gt; Histoire -&gt; Param\u00e8tres personnalis\u00e9s. Pour plus d&rsquo; informations, vous pouvez consulter le\u00a0 <a style=\"color: #454545;\" href=\"http:\/\/support.mozilla.org\/es\/home\">support Mozilla<\/a> \u00a0ou un navigateur d&rsquo; aide.<\/span><br \/>\n<span style=\"color: #454545;\"><strong>&#8211; Chrome<\/strong> : Param\u00e8tres -&gt; Afficher les options avanc\u00e9es -&gt; Confidentialit\u00e9 -&gt; Param\u00e8tres de contenu. Pour plus d&rsquo; informations, consultez le\u00a0 <a style=\"color: #454545;\" href=\"http:\/\/support.google.com\/chrome\/?hl=es\">support Google<\/a> \u00a0ou le navigateur d&rsquo; aide.<\/span><br \/>\n<span style=\"color: #454545;\"><strong>&#8211; Safari<\/strong> : Pr\u00e9f\u00e9rences -&gt; S\u00e9curit\u00e9. Pour plus d&rsquo; informations, consultez le\u00a0 <a style=\"color: #454545;\" href=\"http:\/\/www.apple.com\/es\/support\/safari\/\">support d&rsquo; Apple<\/a> \u00a0ou le navigateur d&rsquo; aide.<\/span><\/p>\n<p><span style=\"color: #454545;\">En ce qui concerne les cookies tiers, \u00e0 savoir ceux qui sont \u00e9trangers \u00e0 notre site Web, nous ne sommes pas responsable du contenu et de l&rsquo;exactitude des politiques de confidentialit\u00e9 qu&rsquo;ils comprenaient donc les informations que nous vous proposons est toujours en r\u00e9f\u00e9rence \u00e0 la source.<\/span><\/p>\n<p><span style=\"color: #454545;\"><span class=\"goog-text-highlight\">Vous pouvez modifier cette Cookies Politique sur la base, les r\u00e8glements, ou afin d&rsquo;adapter la politique aux instructions \u00e9mises par l&rsquo;Agence de protection des donn\u00e9es espagnole, pour aux utilisateurs qui visitent r\u00e9guli\u00e8rement inform\u00e9s des exigences l\u00e9gislatives.<\/span><\/span><\/p>\n<p><span style=\"color: #454545;\">Lorsque des changements importants dans la pr\u00e9sente politique Cookies, les utilisateurs sont communiqu\u00e9s soit par le Web ou par courrier \u00e9lectronique aux utilisateurs enregistr\u00e9s.<\/span>[\/vc_column_text][\/qode_elements_holder_item][\/qode_elements_holder][\/vc_column_inner][\/vc_row_inner][qode_elements_holder number_of_columns=\u00a0\u00bbone_column\u00a0\u00bb][qode_elements_holder_item item_padding=\u00a0\u00bb0px 0 179px 0&Prime; advanced_animations=\u00a0\u00bbno\u00a0\u00bb item_padding_1280_1440=\u00a0\u00bb150px 0 0 0&Prime; item_padding_1024_1280=\u00a0\u00bb160px 0 0 0&Prime; item_padding_768_1024=\u00a0\u00bb0px 0 150px 0&Prime; item_padding_600_768=\u00a0\u00bb100px 0 0 0&Prime; item_padding_480_600=\u00a0\u00bb100px 0 0 0&Prime; item_padding_480=\u00a0\u00bb100px 0 0 0&Prime;][vc_empty_space height=\u00a0\u00bb1px\u00a0\u00bb][\/qode_elements_holder_item][\/qode_elements_holder][\/vc_column][\/vc_row]<\/p>\n","protected":false},"excerpt":{"rendered":"<p>[vc_row css_animation=\u00a0\u00bb\u00a0\u00bb row_type=\u00a0\u00bbrow\u00a0\u00bb use_row_as_full_screen_section=\u00a0\u00bbno\u00a0\u00bb type=\u00a0\u00bbgrid\u00a0\u00bb angled_section=\u00a0\u00bbno\u00a0\u00bb text_align=\u00a0\u00bbleft\u00a0\u00bb background_image_as_pattern=\u00a0\u00bbwithout_pattern\u00a0\u00bb padding_top=\u00a0\u00bb50&Prime; padding_bottom=\u00a0\u00bb50&Prime; css=\u00a0\u00bb.vc_custom_1555174046267{background-position: center !important;background-repeat: no-repeat !important;background-size: cover !important;}\u00a0\u00bb z_index=\u00a0\u00bb\u00a0\u00bb][vc_column][qode_elements_holder number_of_columns=\u00a0\u00bbone_column\u00a0\u00bb][qode_elements_holder_item item_padding=\u00a0\u00bb179px 0 0 0&Prime; advanced_animations=\u00a0\u00bbno\u00a0\u00bb item_padding_1280_1440=\u00a0\u00bb150px 0 0 0&Prime; item_padding_1024_1280=\u00a0\u00bb160px 0 0 0&Prime; item_padding_768_1024=\u00a0\u00bb150px 0 0 0&Prime; item_padding_600_768=\u00a0\u00bb100px 0 0 0&Prime; item_padding_480_600=\u00a0\u00bb100px 0 0 0&Prime; item_padding_480=\u00a0\u00bb100px 0 0 0&Prime;][vc_empty_space height=\u00a0\u00bb1px\u00a0\u00bb][\/qode_elements_holder_item][\/qode_elements_holder][vc_row_inner row_type=\u00a0\u00bbrow\u00a0\u00bb type=\u00a0\u00bbfull_width\u00a0\u00bb text_align=\u00a0\u00bbleft\u00a0\u00bb css_animation=\u00a0\u00bb\u00a0\u00bb][vc_column_inner width=\u00a0\u00bb1\/3&Prime; offset=\u00a0\u00bbvc_col-md-4&Prime;][vc_separator type=\u00a0\u00bbsmall\u00a0\u00bb position=\u00a0\u00bbleft\u00a0\u00bb color=\u00a0\u00bb#454545&Prime; transparency=\u00a0\u00bb1&Prime; thickness=\u00a0\u00bb8&Prime; width=\u00a0\u00bb180&Prime; up=\u00a0\u00bb26&Prime; down=\u00a0\u00bb19&Prime;][vc_column_text] Politique Cookies [\/vc_column_text][vc_empty_space height=\u00a0\u00bb50px\u00a0\u00bb][\/vc_column_inner][vc_column_inner width=\u00a0\u00bb2\/3&Prime; offset=\u00a0\u00bbvc_col-md-8&Prime;][vc_separator type=\u00a0\u00bbsmall\u00a0\u00bb position=\u00a0\u00bbleft\u00a0\u00bb color=\u00a0\u00bb#454545&Prime; transparency=\u00a0\u00bb1&Prime; thickness=\u00a0\u00bb8&Prime; width=\u00a0\u00bb180&Prime; up=\u00a0\u00bb26&Prime; down=\u00a0\u00bb19&Prime;][qode_elements_holder number_of_columns=\u00a0\u00bbone_column\u00a0\u00bb][qode_elements_holder_item advanced_animations=\u00a0\u00bbno\u00a0\u00bb][vc_column_text el_class=\u00a0\u00bbtext_legal\u00a0\u00bb] Web https:\/\/escandallteatral.com\u00a0utiliser des cookies pour faciliter les visiteurs relation avec notre contenu et de permettre de compiler des statistiques sur les visiteurs que nous recevons. Conform\u00e9ment \u00e0 la directive 2009\/136 \/ CE, mis au point dans notre syst\u00e8me juridique par le deuxi\u00e8me alin\u00e9a de l&rsquo;article 22 de la loi des services soci\u00e9t\u00e9 de l&rsquo;information, conform\u00e9ment aux directives de l&rsquo;Agence espagnole pour la protection des donn\u00e9es, nous proc\u00e9dons \u00e0 l&rsquo;informer en&#8230;<\/p>\n","protected":false},"author":1,"featured_media":0,"parent":0,"menu_order":0,"comment_status":"closed","ping_status":"closed","template":"full_width.php","meta":{"_exactmetrics_skip_tracking":false,"_exactmetrics_sitenote_active":false,"_exactmetrics_sitenote_note":"","_exactmetrics_sitenote_category":0,"footnotes":""},"class_list":["post-1259","page","type-page","status-publish","hentry"],"_links":{"self":[{"href":"https:\/\/escandallteatral.com\/fr\/wp-json\/wp\/v2\/pages\/1259","targetHints":{"allow":["GET"]}}],"collection":[{"href":"https:\/\/escandallteatral.com\/fr\/wp-json\/wp\/v2\/pages"}],"about":[{"href":"https:\/\/escandallteatral.com\/fr\/wp-json\/wp\/v2\/types\/page"}],"author":[{"embeddable":true,"href":"https:\/\/escandallteatral.com\/fr\/wp-json\/wp\/v2\/users\/1"}],"replies":[{"embeddable":true,"href":"https:\/\/escandallteatral.com\/fr\/wp-json\/wp\/v2\/comments?post=1259"}],"version-history":[{"count":4,"href":"https:\/\/escandallteatral.com\/fr\/wp-json\/wp\/v2\/pages\/1259\/revisions"}],"predecessor-version":[{"id":1296,"href":"https:\/\/escandallteatral.com\/fr\/wp-json\/wp\/v2\/pages\/1259\/revisions\/1296"}],"wp:attachment":[{"href":"https:\/\/escandallteatral.com\/fr\/wp-json\/wp\/v2\/media?parent=1259"}],"curies":[{"name":"wp","href":"https:\/\/api.w.org\/{rel}","templated":true}]}}