{"id":873,"date":"2019-04-04T00:56:54","date_gmt":"2019-04-03T22:56:54","guid":{"rendered":"https:\/\/escandallteatral.com\/preguntas-usuales\/"},"modified":"2022-05-05T02:40:54","modified_gmt":"2022-05-05T00:40:54","slug":"preguntas-usuales","status":"publish","type":"page","link":"https:\/\/escandallteatral.com\/ca\/preguntas-usuales\/","title":{"rendered":"Preguntes m\u00e9s usuals"},"content":{"rendered":"<p>[vc_row css_animation=&#8221;&#8221; row_type=&#8221;row&#8221; use_row_as_full_screen_section=&#8221;no&#8221; type=&#8221;grid&#8221; angled_section=&#8221;no&#8221; text_align=&#8221;left&#8221; background_image_as_pattern=&#8221;without_pattern&#8221; padding_top=&#8221;50&#8243; padding_bottom=&#8221;50&#8243; css=&#8221;.vc_custom_1553908875997{background-image: url(https:\/\/escandallteatral.com\/wp-content\/uploads\/2019\/03\/20_58_58_H3B7514b.jpg?id=429) !important;background-position: center !important;background-repeat: no-repeat !important;background-size: cover !important;}&#8221; z_index=&#8221;&#8221;][vc_column][qode_elements_holder number_of_columns=&#8221;one_column&#8221;][qode_elements_holder_item item_padding=&#8221;179px 0 0 0&#8243; advanced_animations=&#8221;no&#8221; item_padding_1280_1440=&#8221;150px 0 0 0&#8243; item_padding_1024_1280=&#8221;160px 0 0 0&#8243; item_padding_768_1024=&#8221;150px 0 0 0&#8243; item_padding_600_768=&#8221;100px 0 0 0&#8243; item_padding_480_600=&#8221;100px 0 0 0&#8243; item_padding_480=&#8221;100px 0 0 0&#8243;][vc_empty_space height=&#8221;1px&#8221;][\/qode_elements_holder_item][\/qode_elements_holder][vc_empty_space][vc_row_inner row_type=&#8221;row&#8221; type=&#8221;full_width&#8221; text_align=&#8221;left&#8221; css_animation=&#8221;&#8221;][vc_column_inner offset=&#8221;vc_col-md-4&#8243;][vc_separator type=&#8221;small&#8221; position=&#8221;left&#8221; color=&#8221;#ffffff&#8221; transparency=&#8221;1&#8243; thickness=&#8221;8&#8243; width=&#8221;180&#8243; up=&#8221;26&#8243; down=&#8221;19&#8243;][vc_column_text]<\/p>\n<h2>Preguntes<br \/>\nm\u00e9s usuals<\/h2>\n<p>[\/vc_column_text][vc_empty_space height=&#8221;50px&#8221;][\/vc_column_inner][vc_column_inner offset=&#8221;vc_col-md-4&#8243;][vc_separator type=&#8221;small&#8221; position=&#8221;left&#8221; color=&#8221;#ffffff&#8221; transparency=&#8221;1&#8243; thickness=&#8221;8&#8243; width=&#8221;180&#8243; up=&#8221;26&#8243; down=&#8221;19&#8243;][qode_elements_holder number_of_columns=&#8221;one_column&#8221;][qode_elements_holder_item advanced_animations=&#8221;no&#8221;][vc_column_text]<\/p>\n<h4>C\u00f3m puc programar <em>XX<\/em>?<\/h4>\n<p>Pots programar-la com tres accions separades en tres moments diferents o com un Teatre-f\u00f2rum en qu\u00e8 hi hagen uns 15 minuts de debat entre acci\u00f3 i acci\u00f3 per permetre el canvi de vestuari i escenografia.<\/p>\n<p>&nbsp;<\/p>\n<h4>Quant dura?<\/h4>\n<p><em>Floretes<\/em>: +\/- 17 minuts<\/p>\n<p><em>Florera<\/em>: +\/- 20 minuts<\/p>\n<p><em>Flowerless<\/em>: +\/- 23 minuts<\/p>\n<p>Las tres juntes en sessi\u00f3 de Teatre-f\u00f2rum: 1h 50\u2019<\/p>\n<p>&nbsp;<\/p>\n<h4>On es pot programar?<\/h4>\n<p>En una pla\u00e7a, en un espai p\u00fablic exterior, en una sala multi-usos, en teatres on l\u2019escenari estiga m\u00e9s baix que les grades\u2026<\/p>\n<p>&nbsp;<\/p>\n<h4>Es pot programar en un teatre a la italiana?<\/h4>\n<p>No est\u00e0 pensat per aix\u00f2. Per\u00f2 podria ser adaptableen la f\u00f3rmula de teatre-f\u00f2rum.<\/p>\n<p>&nbsp;<\/p>\n<h4>Necessitats t\u00e8cniques?<\/h4>\n<p>Al carrer:<\/p>\n<p>Amb llum di\u00fcrna, cap. De nit, dep\u00e8n de si l\u2019espai est\u00e0 suficientment il\u00b7luminat o no.<\/p>\n<p>En sales multi-usos:<\/p>\n<p>Il\u00b7luminaci\u00f3.<\/p>\n<p>En versi\u00f3 Teatre-f\u00f2rum:<\/p>\n<p>Equip de so i micr\u00f2fons per permetre el debat entre els espectadors.[\/vc_column_text][\/qode_elements_holder_item][\/qode_elements_holder][\/vc_column_inner][vc_column_inner offset=&#8221;vc_col-md-4&#8243;][vc_separator type=&#8221;small&#8221; position=&#8221;left&#8221; color=&#8221;#ffffff&#8221; transparency=&#8221;1&#8243; thickness=&#8221;8&#8243; width=&#8221;180&#8243; up=&#8221;26&#8243; down=&#8221;19&#8243;][qode_elements_holder number_of_columns=&#8221;one_column&#8221;][qode_elements_holder_item advanced_animations=&#8221;no&#8221;][vc_column_text]<\/p>\n<h4>Necessitats log\u00edstiques?<\/h4>\n<p>Un espai di\u00e0fan, sense tr\u00e0fic, on c\u00e0pia l\u2019obra i el p\u00fablic assistent. I un lloc on mudar-se amb dutxa.<\/p>\n<p>&nbsp;<\/p>\n<h4>Cal un escenari?<\/h4>\n<p>No<\/p>\n<p>&nbsp;<\/p>\n<h4>Mesures de l\u2019espai esc\u00e8nic?<\/h4>\n<p>L\u2019obra s\u2019adapta a l\u2019espai existent. Consultar en cas de dubtes.<\/p>\n<p>&nbsp;<\/p>\n<h4>\u00c9s un espectacle infantil?<\/h4>\n<p>No<\/p>\n<p>&nbsp;<\/p>\n<h4>El poden vore els xiquets?<\/h4>\n<p>Clar. Les persones menors solen anar acompanyades d\u2019unadult responsable, que pot decidir si vol que el menor es conscencie o no. De fet pot facilitar la conversa sobre problemes socials actuals entre les fam\u00edlies.<\/p>\n<p>&nbsp;<\/p>\n<h4>Es pot representar en una escola?<\/h4>\n<p>Fins ara s\u2019ha realitzat per alumnes de batxillerat amb un resultat excel\u00b7lent, tant pels aplaudiments rebuts, com pels comentaris dels professors assistents i fins i tot dels pares que, sense estar presents, ens han felicitat per l\u2019obra, ja que els fills han plantejat un tema de conversaci\u00f3 en casa que els ha ajudat a tots a reflexionar sobre el micro-masclisme.<\/p>\n<p>&nbsp;<\/p>\n<h4>Quines t\u00e8cniques utilitzeu durant la representaci\u00f3?<\/h4>\n<p>S\u00f3n t\u00e8cniques perform\u00e0tiques, sense text literari, que fan evolucionar el personatge.<\/p>\n<p>Floretes: Poesia sil\u00b7l\u00e0bica. Tan sols s\u2019empren sis paraules.<\/p>\n<p>Florera: Poesia onomatopeica. Manipulaci\u00f3 d\u2019objectes.<\/p>\n<p>Flowerless: Llenguatge de clown amb onomatopeies.[\/vc_column_text][\/qode_elements_holder_item][\/qode_elements_holder][\/vc_column_inner][\/vc_row_inner][qode_elements_holder number_of_columns=&#8221;one_column&#8221;][qode_elements_holder_item item_padding=&#8221;0px 0 179px 0&#8243; advanced_animations=&#8221;no&#8221; item_padding_1280_1440=&#8221;150px 0 0 0&#8243; item_padding_1024_1280=&#8221;160px 0 0 0&#8243; item_padding_768_1024=&#8221;0px 0 150px 0&#8243; item_padding_600_768=&#8221;100px 0 0 0&#8243; item_padding_480_600=&#8221;100px 0 0 0&#8243; item_padding_480=&#8221;100px 0 0 0&#8243;][vc_empty_space height=&#8221;1px&#8221;][\/qode_elements_holder_item][\/qode_elements_holder][\/vc_column][\/vc_row][vc_row css_animation=&#8221;&#8221; row_type=&#8221;row&#8221; use_row_as_full_screen_section=&#8221;no&#8221; type=&#8221;grid&#8221; angled_section=&#8221;no&#8221; text_align=&#8221;center&#8221; background_image_as_pattern=&#8221;without_pattern&#8221; css=&#8221;.vc_custom_1554148215481{background-image: url(https:\/\/escandallteatral.com\/wp-content\/uploads\/2019\/04\/H3B1007_bnb.jpg?id=520) !important;background-position: center !important;background-repeat: no-repeat !important;background-size: cover !important;}&#8221; z_index=&#8221;&#8221;][vc_column][qode_elements_holder number_of_columns=&#8221;one_column&#8221;][qode_elements_holder_item item_padding=&#8221;378px 0 0 0&#8243; advanced_animations=&#8221;no&#8221; item_padding_1280_1440=&#8221;150px 0 0 0&#8243; item_padding_1024_1280=&#8221;150px 0 0 0&#8243; item_padding_768_1024=&#8221;150px 0 0 0&#8243; item_padding_600_768=&#8221;100px 0 0 0&#8243; item_padding_480_600=&#8221;100px 0 0 0&#8243; item_padding_480=&#8221;100px 0 0 0&#8243;][vc_empty_space height=&#8221;1px&#8221;][\/qode_elements_holder_item][\/qode_elements_holder][vc_column_text]<\/p>\n<h1>Xarxes<\/h1>\n<p>[\/vc_column_text][vc_separator type=&#8221;small&#8221; position=&#8221;center&#8221; color=&#8221;#ffffff&#8221; transparency=&#8221;1&#8243; thickness=&#8221;5&#8243; width=&#8221;180&#8243; up=&#8221;20&#8243; down=&#8221;15&#8243;][vc_column_text]<\/p>\n<h3>Segueix el nostre projecte en Xarxes Socials<\/h3>\n<p>[\/vc_column_text][vc_empty_space height=&#8221;59px&#8221;]<span class='q_social_icon_holder normal_social' data-color=#ffffff data-hover-color=#000000><a itemprop='url' href='https:\/\/www.instagram.com\/escandallteatral\/' target='_blank'><i class=\"qode_icon_font_awesome fa fa-instagram fa-2x simple_social\" style=\"color: #ffffff;margin: 0 10px 10px 0;\" ><\/i><\/a><\/span><span class='q_social_icon_holder normal_social' data-color=#ffffff data-hover-color=#000000><a itemprop='url' href='https:\/\/www.facebook.com\/escandallteatral\/' target='_blank'><i class=\"qode_icon_font_awesome fa fa-facebook fa-2x simple_social\" style=\"color: #ffffff;margin: 0 10px 10px 0;\" ><\/i><\/a><\/span><span class='q_social_icon_holder normal_social' data-color=#ffffff data-hover-color=#000000><a itemprop='url' href='https:\/\/www.youtube.com\/channel\/UCaDXtrLm-haxROqXqttjWXw' target='_blank'><i class=\"qode_icon_font_awesome fa fa-youtube-play fa-2x simple_social\" style=\"color: #ffffff;margin: 0 10px 10px 0;\" ><\/i><\/a><\/span>[qode_elements_holder number_of_columns=&#8221;one_column&#8221;][qode_elements_holder_item item_padding=&#8221;298px 0 0 0&#8243; advanced_animations=&#8221;no&#8221; item_padding_1280_1440=&#8221;150px 0 0 0&#8243; item_padding_1024_1280=&#8221;150px 0 0 0&#8243; item_padding_768_1024=&#8221;150px 0 0 0&#8243; item_padding_600_768=&#8221;100px 0 0 0&#8243; item_padding_480_600=&#8221;100px 0 0 0&#8243; item_padding_480=&#8221;100px 0 0 0&#8243;][vc_empty_space height=&#8221;12px&#8221;][\/qode_elements_holder_item][\/qode_elements_holder][vc_column_text]\u00a9 Escandall Teatral. 2019[\/vc_column_text][qode_elements_holder number_of_columns=&#8221;one_column&#8221;][qode_elements_holder_item item_padding=&#8221;0px 0 53px 0&#8243; advanced_animations=&#8221;no&#8221;][vc_empty_space height=&#8221;1px&#8221;][\/qode_elements_holder_item][\/qode_elements_holder][\/vc_column][\/vc_row]<\/p>\n","protected":false},"excerpt":{"rendered":"<p>[vc_row css_animation=&#8221;&#8221; row_type=&#8221;row&#8221; use_row_as_full_screen_section=&#8221;no&#8221; type=&#8221;grid&#8221; angled_section=&#8221;no&#8221; text_align=&#8221;left&#8221; background_image_as_pattern=&#8221;without_pattern&#8221; padding_top=&#8221;50&#8243; padding_bottom=&#8221;50&#8243; css=&#8221;.vc_custom_1553908875997{background-image: url(https:\/\/escandallteatral.com\/wp-content\/uploads\/2019\/03\/20_58_58_H3B7514b.jpg?id=429) !important;background-position: center !important;background-repeat: no-repeat !important;background-size: cover !important;}&#8221; z_index=&#8221;&#8221;][vc_column][qode_elements_holder number_of_columns=&#8221;one_column&#8221;][qode_elements_holder_item item_padding=&#8221;179px 0 0 0&#8243; advanced_animations=&#8221;no&#8221; item_padding_1280_1440=&#8221;150px 0 0 0&#8243; item_padding_1024_1280=&#8221;160px 0 0 0&#8243; item_padding_768_1024=&#8221;150px 0 0 0&#8243; item_padding_600_768=&#8221;100px 0 0 0&#8243; item_padding_480_600=&#8221;100px 0 0 0&#8243; item_padding_480=&#8221;100px 0 0 0&#8243;][vc_empty_space height=&#8221;1px&#8221;][\/qode_elements_holder_item][\/qode_elements_holder][vc_empty_space][vc_row_inner row_type=&#8221;row&#8221; type=&#8221;full_width&#8221; text_align=&#8221;left&#8221; css_animation=&#8221;&#8221;][vc_column_inner offset=&#8221;vc_col-md-4&#8243;][vc_separator type=&#8221;small&#8221; position=&#8221;left&#8221; color=&#8221;#ffffff&#8221; transparency=&#8221;1&#8243; thickness=&#8221;8&#8243; width=&#8221;180&#8243; up=&#8221;26&#8243; down=&#8221;19&#8243;][vc_column_text] Preguntes m\u00e9s usuals [\/vc_column_text][vc_empty_space height=&#8221;50px&#8221;][\/vc_column_inner][vc_column_inner offset=&#8221;vc_col-md-4&#8243;][vc_separator type=&#8221;small&#8221; position=&#8221;left&#8221; color=&#8221;#ffffff&#8221; transparency=&#8221;1&#8243; thickness=&#8221;8&#8243; width=&#8221;180&#8243; up=&#8221;26&#8243; down=&#8221;19&#8243;][qode_elements_holder number_of_columns=&#8221;one_column&#8221;][qode_elements_holder_item advanced_animations=&#8221;no&#8221;][vc_column_text] C\u00f3m puc programar XX? Pots programar-la com tres accions separades en tres moments diferents o com un Teatre-f\u00f2rum en qu\u00e8 hi hagen uns 15 minuts de debat entre acci\u00f3 i acci\u00f3 per permetre el canvi de vestuari i escenografia. &nbsp; Quant dura? Floretes: +\/- 17 minuts Florera: +\/- 20 minuts Flowerless: +\/- 23 minuts Las tres juntes en sessi\u00f3 de Teatre-f\u00f2rum: 1h 50\u2019 &nbsp; On es pot programar? En una&#8230;<\/p>\n","protected":false},"author":1,"featured_media":0,"parent":0,"menu_order":0,"comment_status":"closed","ping_status":"closed","template":"full_width.php","meta":{"_exactmetrics_skip_tracking":false,"_exactmetrics_sitenote_active":false,"_exactmetrics_sitenote_note":"","_exactmetrics_sitenote_category":0,"footnotes":""},"class_list":["post-873","page","type-page","status-publish","hentry"],"_links":{"self":[{"href":"https:\/\/escandallteatral.com\/ca\/wp-json\/wp\/v2\/pages\/873","targetHints":{"allow":["GET"]}}],"collection":[{"href":"https:\/\/escandallteatral.com\/ca\/wp-json\/wp\/v2\/pages"}],"about":[{"href":"https:\/\/escandallteatral.com\/ca\/wp-json\/wp\/v2\/types\/page"}],"author":[{"embeddable":true,"href":"https:\/\/escandallteatral.com\/ca\/wp-json\/wp\/v2\/users\/1"}],"replies":[{"embeddable":true,"href":"https:\/\/escandallteatral.com\/ca\/wp-json\/wp\/v2\/comments?post=873"}],"version-history":[{"count":8,"href":"https:\/\/escandallteatral.com\/ca\/wp-json\/wp\/v2\/pages\/873\/revisions"}],"predecessor-version":[{"id":2837,"href":"https:\/\/escandallteatral.com\/ca\/wp-json\/wp\/v2\/pages\/873\/revisions\/2837"}],"wp:attachment":[{"href":"https:\/\/escandallteatral.com\/ca\/wp-json\/wp\/v2\/media?parent=873"}],"curies":[{"name":"wp","href":"https:\/\/api.w.org\/{rel}","templated":true}]}}