{"id":3757,"date":"2024-04-15T13:28:22","date_gmt":"2024-04-15T11:28:22","guid":{"rendered":"https:\/\/escandallteatral.com\/biohabitat-obra\/"},"modified":"2024-04-23T16:53:54","modified_gmt":"2024-04-23T14:53:54","slug":"biohabitat-obra","status":"publish","type":"page","link":"https:\/\/escandallteatral.com\/ca\/biohabitat-obra\/","title":{"rendered":"biohabitat obra"},"content":{"rendered":"<p>[vc_row css_animation=&#8221;&#8221; row_type=&#8221;row&#8221; use_row_as_full_screen_section=&#8221;no&#8221; type=&#8221;grid&#8221; angled_section=&#8221;no&#8221; text_align=&#8221;left&#8221; background_image_as_pattern=&#8221;without_pattern&#8221; padding_top=&#8221;50&#8243; padding_bottom=&#8221;50&#8243; css=&#8221;.vc_custom_1713351276049{margin-top: 0px !important;margin-right: 0px !important;padding-top: 50px !important;padding-right: 0px !important;background-image: url(https:\/\/escandallteatral.com\/wp-content\/uploads\/2024\/04\/H3B8649-oscurico-scaled-e1713344265838.jpg?id=3728) !important;background-position: center !important;background-repeat: no-repeat !important;background-size: cover !important;}&#8221; z_index=&#8221;&#8221; el_class=&#8221;cabeceraescritorio&#8221;][vc_column][qode_elements_holder number_of_columns=&#8221;one_column&#8221;][qode_elements_holder_item horizontal_alignment=&#8221;left&#8221; advanced_animations=&#8221;no&#8221; item_padding=&#8221;600px 10px 100px 10px&#8221; item_padding_1280_1440=&#8221;600px 10px 40px 10px&#8221; item_padding_1024_1280=&#8221;500px 10px 40px 10px&#8221; item_padding_768_1024=&#8221;400px 10px 30px 10px&#8221; item_padding_600_768=&#8221;400px 10px 30px 10px&#8221; item_padding_480_600=&#8221;300px 10px 20px 10px&#8221; item_padding_480=&#8221;300px 10px 20px 10px&#8221;][vc_column_text css=&#8221;.vc_custom_1713882116866{margin-right: 100px !important;margin-bottom: 30px !important;}&#8221;]<img loading=\"lazy\" decoding=\"async\" class=\"alignnone wp-image-3857 size-large\" src=\"https:\/\/escandallteatral.com\/wp-content\/uploads\/2024\/04\/graf_biohabitat_basic_cast-1024x506.png\" alt=\"\" width=\"1024\" height=\"506\" srcset=\"https:\/\/escandallteatral.com\/wp-content\/uploads\/2024\/04\/graf_biohabitat_basic_cast-1024x506.png 1024w, https:\/\/escandallteatral.com\/wp-content\/uploads\/2024\/04\/graf_biohabitat_basic_cast-300x148.png 300w, https:\/\/escandallteatral.com\/wp-content\/uploads\/2024\/04\/graf_biohabitat_basic_cast-768x379.png 768w, https:\/\/escandallteatral.com\/wp-content\/uploads\/2024\/04\/graf_biohabitat_basic_cast-1536x759.png 1536w, https:\/\/escandallteatral.com\/wp-content\/uploads\/2024\/04\/graf_biohabitat_basic_cast-700x346.png 700w, https:\/\/escandallteatral.com\/wp-content\/uploads\/2024\/04\/graf_biohabitat_basic_cast.png 1573w\" sizes=\"auto, (max-width: 1024px) 100vw, 1024px\" \/>[\/vc_column_text][\/qode_elements_holder_item][\/qode_elements_holder][qode_elements_holder number_of_columns=&#8221;one_column&#8221;][qode_elements_holder_item horizontal_alignment=&#8221;center&#8221; advanced_animations=&#8221;no&#8221;]<span data-type=\"normal\"  class=\"qode_icon_shortcode  q_font_awsome_icon fa-3x pull-center q_icon_animation\" style=\"margin: 0 0 20px 0; transition-delay: 1000ms; -webkit-transition-delay: 1000ms; -moz-transition-delay: 1000ms; -o-transition-delay: 1000ms;\"><a class=\"anchor\" itemprop=\"url\" href=\"#comen\u00e7a\" target=\"_self\"><i class=\"qode_icon_font_awesome fa fa-chevron-circle-down qode_icon_element\" style=\"color: #ffffff;\" ><\/i><\/a><\/span>[\/qode_elements_holder_item][\/qode_elements_holder][\/vc_column][\/vc_row][vc_row css_animation=&#8221;&#8221; row_type=&#8221;row&#8221; use_row_as_full_screen_section=&#8221;no&#8221; type=&#8221;grid&#8221; angled_section=&#8221;no&#8221; text_align=&#8221;left&#8221; background_image_as_pattern=&#8221;without_pattern&#8221; padding_top=&#8221;50&#8243; padding_bottom=&#8221;50&#8243; css=&#8221;.vc_custom_1713173116374{margin-top: 0px !important;margin-right: 0px !important;padding-top: 50px !important;padding-right: 0px !important;background-image: url(https:\/\/escandallteatral.com\/wp-content\/uploads\/2024\/04\/H3B8649_cmyk-scaled-e1713171925839.jpg?id=3606) !important;background-position: center !important;background-repeat: no-repeat !important;background-size: cover !important;}&#8221; z_index=&#8221;&#8221; el_class=&#8221;cabeceramovil&#8221;][vc_column offset=&#8221;vc_hidden-lg vc_hidden-md vc_hidden-sm&#8221;][qode_elements_holder number_of_columns=&#8221;one_column&#8221;][qode_elements_holder_item horizontal_alignment=&#8221;left&#8221; advanced_animations=&#8221;no&#8221; item_padding=&#8221;600px 10px 100px 10px&#8221; item_padding_1280_1440=&#8221;600px 10px 40px 10px&#8221; item_padding_1024_1280=&#8221;500px 10px 40px 10px&#8221; item_padding_768_1024=&#8221;400px 10px 30px 10px&#8221; item_padding_600_768=&#8221;400px 10px 30px 10px&#8221; item_padding_480_600=&#8221;300px 10px 20px 10px&#8221; item_padding_480=&#8221;300px 10px 20px 10px&#8221;][vc_column_text css=&#8221;.vc_custom_1713882376025{margin-right: 60px !important;margin-bottom: 60px !important;}&#8221;]<img loading=\"lazy\" decoding=\"async\" class=\"alignnone wp-image-3857 size-full\" src=\"https:\/\/escandallteatral.com\/wp-content\/uploads\/2024\/04\/graf_biohabitat_basic_cast.png\" alt=\"\" width=\"1573\" height=\"777\" srcset=\"https:\/\/escandallteatral.com\/wp-content\/uploads\/2024\/04\/graf_biohabitat_basic_cast.png 1573w, https:\/\/escandallteatral.com\/wp-content\/uploads\/2024\/04\/graf_biohabitat_basic_cast-300x148.png 300w, https:\/\/escandallteatral.com\/wp-content\/uploads\/2024\/04\/graf_biohabitat_basic_cast-1024x506.png 1024w, https:\/\/escandallteatral.com\/wp-content\/uploads\/2024\/04\/graf_biohabitat_basic_cast-768x379.png 768w, https:\/\/escandallteatral.com\/wp-content\/uploads\/2024\/04\/graf_biohabitat_basic_cast-1536x759.png 1536w, https:\/\/escandallteatral.com\/wp-content\/uploads\/2024\/04\/graf_biohabitat_basic_cast-700x346.png 700w\" sizes=\"auto, (max-width: 1573px) 100vw, 1573px\" \/>[\/vc_column_text][\/qode_elements_holder_item][\/qode_elements_holder][qode_elements_holder number_of_columns=&#8221;one_column&#8221;][qode_elements_holder_item horizontal_alignment=&#8221;center&#8221; advanced_animations=&#8221;no&#8221;]<span data-type=\"normal\"  class=\"qode_icon_shortcode  q_font_awsome_icon fa-3x pull-center q_icon_animation\" style=\"margin: 0 0 20px 0; transition-delay: 1000ms; -webkit-transition-delay: 1000ms; -moz-transition-delay: 1000ms; -o-transition-delay: 1000ms;\"><a class=\"anchor\" itemprop=\"url\" href=\"#comen\u00e7a\" target=\"_self\"><i class=\"qode_icon_font_awesome fa fa-chevron-circle-down qode_icon_element\" style=\"color: #ffffff;\" ><\/i><\/a><\/span>[\/qode_elements_holder_item][\/qode_elements_holder][\/vc_column][\/vc_row][vc_row css_animation=&#8221;&#8221; row_type=&#8221;row&#8221; use_row_as_full_screen_section=&#8221;no&#8221; type=&#8221;grid&#8221; angled_section=&#8221;no&#8221; text_align=&#8221;left&#8221; background_image_as_pattern=&#8221;without_pattern&#8221; anchor=&#8221;comen\u00e7a&#8221; background_color=&#8221;#eaeaea&#8221; padding_top=&#8221;50&#8243; padding_bottom=&#8221;50&#8243; css=&#8221;.vc_custom_1579801855229{background-color: #f2f2f2 !important;background-position: center !important;background-repeat: no-repeat !important;background-size: cover !important;}&#8221; z_index=&#8221;&#8221;][vc_column][qode_elements_holder number_of_columns=&#8221;one_column&#8221;][qode_elements_holder_item advanced_animations=&#8221;no&#8221; item_padding=&#8221;100px 0 0 0&#8243; item_padding_1280_1440=&#8221;150px 0 0 0&#8243; item_padding_1024_1280=&#8221;160px 0 0 0&#8243; item_padding_768_1024=&#8221;150px 0 0 0&#8243; item_padding_600_768=&#8221;100px 0 0 0&#8243; item_padding_480_600=&#8221;100px 0 0 0&#8243; item_padding_480=&#8221;100px 0 0 0&#8243;][vc_empty_space height=&#8221;1px&#8221;][\/qode_elements_holder_item][\/qode_elements_holder][vc_row_inner row_type=&#8221;row&#8221; type=&#8221;full_width&#8221; text_align=&#8221;left&#8221; css_animation=&#8221;&#8221;][vc_column_inner width=&#8221;1\/2&#8243; offset=&#8221;vc_col-md-6&#8243;][vc_separator type=&#8221;small&#8221; position=&#8221;left&#8221; color=&#8221;#6291cb&#8221; transparency=&#8221;1&#8243; thickness=&#8221;8&#8243; width=&#8221;180&#8243; up=&#8221;26&#8243; down=&#8221;19&#8243;][vc_video link=&#8221;https:\/\/www.youtube.com\/watch?v=yoByYGk6ves&#8221; el_width=&#8221;70&#8243; css=&#8221;.vc_custom_1713353745694{margin-top: 30px !important;}&#8221;][qode_elements_holder number_of_columns=&#8221;one_column&#8221;][qode_elements_holder_item vertical_alignment=&#8221;top&#8221; horizontal_alignment=&#8221;left&#8221; advanced_animations=&#8221;no&#8221; item_padding=&#8221;0px 100px 0px 0px&#8221; item_padding_1280_1440=&#8221;0px 100px 0px 0px&#8221; item_padding_1024_1280=&#8221;0px 100px 0px 0px&#8221; item_padding_768_1024=&#8221;0px 100px 0px 0px&#8221;][vc_column_text css=&#8221;.vc_custom_1713883928954{padding-top: 20px !important;}&#8221; el_class=&#8221;tit&#8221;]<\/p>\n<h3 class=\"h3biohab\"><span style=\"color: #000000;\">COM\u00c8DIA GESTUAL SOBRE<\/span><\/h3>\n<h3 class=\"h3biohab\"><span style=\"color: #000000;\"> L&#8217;ESPECULACI\u00d3 DE LA<\/span><\/h3>\n<h3 class=\"h3biohab\"><span style=\"color: #000000;\"> RESPIRABILITAT<\/span><\/h3>\n<p>[\/vc_column_text][\/qode_elements_holder_item][\/qode_elements_holder][\/vc_column_inner][vc_column_inner width=&#8221;1\/2&#8243; offset=&#8221;vc_col-md-6&#8243;][vc_separator type=&#8221;small&#8221; position=&#8221;left&#8221; color=&#8221;#6291cb&#8221; transparency=&#8221;1&#8243; thickness=&#8221;8&#8243; width=&#8221;180&#8243; up=&#8221;26&#8243; down=&#8221;19&#8243;][qode_elements_holder number_of_columns=&#8221;one_column&#8221;][qode_elements_holder_item advanced_animations=&#8221;no&#8221;][\/qode_elements_holder_item][\/qode_elements_holder][qode_elements_holder number_of_columns=&#8221;one_column&#8221;][qode_elements_holder_item advanced_animations=&#8221;no&#8221;][vc_column_text el_class=&#8221;bloctextnegre&#8221;]En la tercera i \u00faltima part de la trilogia mediambiental, plantegem un univers dist\u00f2pic no gaire lluny\u00e0 a prop de l&#8217;aire respirable.<\/p>\n<p>Els nivells de contaminaci\u00f3 s\u00f3n tan elevats que la qualitat de l&#8217;aire que respirem \u00e9s \u00ednfima, especialment a les ciutats. Aquesta problem\u00e0tica que plantegem ens ha afectat a tots els nivells socials: com ens relacionem, com vivim, com treballem, com ens sentim\u2026 ja que cada vegada ens costa m\u00e9s respirar l&#8217;aire que ens envolta.<\/p>\n<p>L&#8217;obra comen\u00e7a amb quatre performances simult\u00e0nies, on cadascun dels personatges planteja el problema de la irrespirabilidad de diferents maneres. A mesura que evoluciona l&#8217;espectacle i els personatges, ens adonem que es tracta d&#8217;una macro campanya publicit\u00e0ria per a vendre Biohabitat: un habitacle 100 per 100 respirable que \u00e9s la soluci\u00f3 a tots els nostres problemes.<\/p>\n<p>Aquesta com\u00e8dia gestual amb text que conjumina performance, dansa, pantomima, m\u00fasica original \u2026 pret\u00e9n fer reflexionar a l&#8217;espectador, ja no sols sobre el medi ambient, sin\u00f3 de la nostra condici\u00f3 humana i la nostra manera de viure.<\/p>\n<p>Amb una est\u00e8tica exquisidament cuidada i un llenguatge directe, Biohabitat \u00e9s un espectacle accessible, familiar i divertit.[\/vc_column_text][\/qode_elements_holder_item][\/qode_elements_holder][\/vc_column_inner][\/vc_row_inner][vc_separator type=&#8221;transparent&#8221; up=&#8221;100&#8243;]<div class=\"qode-advanced-image-gallery  qode-aig-grid-type qode-tiny-space  qode-image-behavior-lightbox \">\n\t<div class=\"qode-aig-inner qode-outer-space qode-aig-grid qode-aig-four-columns\">\n\t\t\t\t\t<div class=\"qode-aig-image qode-item-space\">\n\t\t\t\t<div class=\"qode-aig-image-inner\">\n\t\t\t\t\t\t\t\t\t\t\t<a itemprop=\"image\" class=\"qode-aig-lightbox\" href=\"https:\/\/escandallteatral.com\/wp-content\/uploads\/2024\/04\/H3B8649_cmyk-scaled-e1713171925839.jpg\" data-rel=\"prettyPhoto[image_gallery_pretty_photo-439]\" title=\"_H3B8649_cmyk\">\n\t\t\t\t\t\t\t\t\t\t\t<img loading=\"lazy\" decoding=\"async\" src=\"https:\/\/escandallteatral.com\/wp-content\/uploads\/2024\/04\/H3B8649_cmyk-scaled-e1713171925839-400x400.jpg\" alt=\"\" width=\"400\" height=\"400\" \/>\t\t\t\t\t\t<span class=\"aig-gallery-hover\">\n\t\t\t\t\t\t\t\t\t\t\t\t\t\t\t<span class=\"icon-arrows-plus\"><\/span> \n\t\t\t\t\t\t\t\t\t\t\t\t\t<\/span>\n\t\t\t\t\t\t\t\t\t\t\t<\/a>\n\t\t\t\t\t\t\t\t\t<\/div>\n\t\t\t<\/div>\n\t\t\t\t\t<div class=\"qode-aig-image qode-item-space\">\n\t\t\t\t<div class=\"qode-aig-image-inner\">\n\t\t\t\t\t\t\t\t\t\t\t<a itemprop=\"image\" class=\"qode-aig-lightbox\" href=\"https:\/\/escandallteatral.com\/wp-content\/uploads\/2024\/04\/H3B8652_cmyk-scaled.jpg\" data-rel=\"prettyPhoto[image_gallery_pretty_photo-439]\" title=\"_H3B8652_cmyk\">\n\t\t\t\t\t\t\t\t\t\t\t<img loading=\"lazy\" decoding=\"async\" src=\"https:\/\/escandallteatral.com\/wp-content\/uploads\/2024\/04\/H3B8652_cmyk-scaled-400x400.jpg\" alt=\"\" width=\"400\" height=\"400\" \/>\t\t\t\t\t\t<span class=\"aig-gallery-hover\">\n\t\t\t\t\t\t\t\t\t\t\t\t\t\t\t<span class=\"icon-arrows-plus\"><\/span> \n\t\t\t\t\t\t\t\t\t\t\t\t\t<\/span>\n\t\t\t\t\t\t\t\t\t\t\t<\/a>\n\t\t\t\t\t\t\t\t\t<\/div>\n\t\t\t<\/div>\n\t\t\t\t\t<div class=\"qode-aig-image qode-item-space\">\n\t\t\t\t<div class=\"qode-aig-image-inner\">\n\t\t\t\t\t\t\t\t\t\t\t<a itemprop=\"image\" class=\"qode-aig-lightbox\" href=\"https:\/\/escandallteatral.com\/wp-content\/uploads\/2024\/04\/H3B8933-1-scaled.jpg\" data-rel=\"prettyPhoto[image_gallery_pretty_photo-439]\" title=\"_H3B8933\">\n\t\t\t\t\t\t\t\t\t\t\t<img loading=\"lazy\" decoding=\"async\" src=\"https:\/\/escandallteatral.com\/wp-content\/uploads\/2024\/04\/H3B8933-1-scaled-400x400.jpg\" alt=\"\" width=\"400\" height=\"400\" \/>\t\t\t\t\t\t<span class=\"aig-gallery-hover\">\n\t\t\t\t\t\t\t\t\t\t\t\t\t\t\t<span class=\"icon-arrows-plus\"><\/span> \n\t\t\t\t\t\t\t\t\t\t\t\t\t<\/span>\n\t\t\t\t\t\t\t\t\t\t\t<\/a>\n\t\t\t\t\t\t\t\t\t<\/div>\n\t\t\t<\/div>\n\t\t\t\t\t<div class=\"qode-aig-image qode-item-space\">\n\t\t\t\t<div class=\"qode-aig-image-inner\">\n\t\t\t\t\t\t\t\t\t\t\t<a itemprop=\"image\" class=\"qode-aig-lightbox\" href=\"https:\/\/escandallteatral.com\/wp-content\/uploads\/2024\/04\/H3B8901-scaled.jpg\" data-rel=\"prettyPhoto[image_gallery_pretty_photo-439]\" title=\"_H3B8901\">\n\t\t\t\t\t\t\t\t\t\t\t<img loading=\"lazy\" decoding=\"async\" src=\"https:\/\/escandallteatral.com\/wp-content\/uploads\/2024\/04\/H3B8901-scaled-400x400.jpg\" alt=\"\" width=\"400\" height=\"400\" \/>\t\t\t\t\t\t<span class=\"aig-gallery-hover\">\n\t\t\t\t\t\t\t\t\t\t\t\t\t\t\t<span class=\"icon-arrows-plus\"><\/span> \n\t\t\t\t\t\t\t\t\t\t\t\t\t<\/span>\n\t\t\t\t\t\t\t\t\t\t\t<\/a>\n\t\t\t\t\t\t\t\t\t<\/div>\n\t\t\t<\/div>\n\t\t\t\t\t<div class=\"qode-aig-image qode-item-space\">\n\t\t\t\t<div class=\"qode-aig-image-inner\">\n\t\t\t\t\t\t\t\t\t\t\t<a itemprop=\"image\" class=\"qode-aig-lightbox\" href=\"https:\/\/escandallteatral.com\/wp-content\/uploads\/2024\/04\/H3B8863-scaled.jpg\" data-rel=\"prettyPhoto[image_gallery_pretty_photo-439]\" title=\"_H3B8863\">\n\t\t\t\t\t\t\t\t\t\t\t<img loading=\"lazy\" decoding=\"async\" src=\"https:\/\/escandallteatral.com\/wp-content\/uploads\/2024\/04\/H3B8863-scaled-400x400.jpg\" alt=\"\" width=\"400\" height=\"400\" \/>\t\t\t\t\t\t<span class=\"aig-gallery-hover\">\n\t\t\t\t\t\t\t\t\t\t\t\t\t\t\t<span class=\"icon-arrows-plus\"><\/span> \n\t\t\t\t\t\t\t\t\t\t\t\t\t<\/span>\n\t\t\t\t\t\t\t\t\t\t\t<\/a>\n\t\t\t\t\t\t\t\t\t<\/div>\n\t\t\t<\/div>\n\t\t\t\t\t<div class=\"qode-aig-image qode-item-space\">\n\t\t\t\t<div class=\"qode-aig-image-inner\">\n\t\t\t\t\t\t\t\t\t\t\t<a itemprop=\"image\" class=\"qode-aig-lightbox\" href=\"https:\/\/escandallteatral.com\/wp-content\/uploads\/2024\/04\/H3B8845-scaled.jpg\" data-rel=\"prettyPhoto[image_gallery_pretty_photo-439]\" title=\"_H3B8845\">\n\t\t\t\t\t\t\t\t\t\t\t<img loading=\"lazy\" decoding=\"async\" src=\"https:\/\/escandallteatral.com\/wp-content\/uploads\/2024\/04\/H3B8845-scaled-400x400.jpg\" alt=\"\" width=\"400\" height=\"400\" \/>\t\t\t\t\t\t<span class=\"aig-gallery-hover\">\n\t\t\t\t\t\t\t\t\t\t\t\t\t\t\t<span class=\"icon-arrows-plus\"><\/span> \n\t\t\t\t\t\t\t\t\t\t\t\t\t<\/span>\n\t\t\t\t\t\t\t\t\t\t\t<\/a>\n\t\t\t\t\t\t\t\t\t<\/div>\n\t\t\t<\/div>\n\t\t\t\t\t<div class=\"qode-aig-image qode-item-space\">\n\t\t\t\t<div class=\"qode-aig-image-inner\">\n\t\t\t\t\t\t\t\t\t\t\t<a itemprop=\"image\" class=\"qode-aig-lightbox\" href=\"https:\/\/escandallteatral.com\/wp-content\/uploads\/2024\/04\/H3B8886-scaled.jpg\" data-rel=\"prettyPhoto[image_gallery_pretty_photo-439]\" title=\"_H3B8886\">\n\t\t\t\t\t\t\t\t\t\t\t<img loading=\"lazy\" decoding=\"async\" src=\"https:\/\/escandallteatral.com\/wp-content\/uploads\/2024\/04\/H3B8886-scaled-400x400.jpg\" alt=\"\" width=\"400\" height=\"400\" \/>\t\t\t\t\t\t<span class=\"aig-gallery-hover\">\n\t\t\t\t\t\t\t\t\t\t\t\t\t\t\t<span class=\"icon-arrows-plus\"><\/span> \n\t\t\t\t\t\t\t\t\t\t\t\t\t<\/span>\n\t\t\t\t\t\t\t\t\t\t\t<\/a>\n\t\t\t\t\t\t\t\t\t<\/div>\n\t\t\t<\/div>\n\t\t\t\t\t<div class=\"qode-aig-image qode-item-space\">\n\t\t\t\t<div class=\"qode-aig-image-inner\">\n\t\t\t\t\t\t\t\t\t\t\t<a itemprop=\"image\" class=\"qode-aig-lightbox\" href=\"https:\/\/escandallteatral.com\/wp-content\/uploads\/2024\/04\/H3B8930_cmyk-scaled.jpg\" data-rel=\"prettyPhoto[image_gallery_pretty_photo-439]\" title=\"_H3B8930_cmyk\">\n\t\t\t\t\t\t\t\t\t\t\t<img loading=\"lazy\" decoding=\"async\" src=\"https:\/\/escandallteatral.com\/wp-content\/uploads\/2024\/04\/H3B8930_cmyk-scaled-400x400.jpg\" alt=\"\" width=\"400\" height=\"400\" \/>\t\t\t\t\t\t<span class=\"aig-gallery-hover\">\n\t\t\t\t\t\t\t\t\t\t\t\t\t\t\t<span class=\"icon-arrows-plus\"><\/span> \n\t\t\t\t\t\t\t\t\t\t\t\t\t<\/span>\n\t\t\t\t\t\t\t\t\t\t\t<\/a>\n\t\t\t\t\t\t\t\t\t<\/div>\n\t\t\t<\/div>\n\t\t\t<\/div>\n<\/div>[vc_empty_space height=&#8221;30px&#8221;][\/vc_column][\/vc_row][vc_row css_animation=&#8221;&#8221; row_type=&#8221;row&#8221; use_row_as_full_screen_section=&#8221;no&#8221; type=&#8221;grid&#8221; angled_section=&#8221;no&#8221; text_align=&#8221;center&#8221; background_image_as_pattern=&#8221;without_pattern&#8221; css=&#8221;.vc_custom_1712824297121{background-image: url(https:\/\/escandallteatral.com\/wp-content\/uploads\/2024\/04\/H3B8933-duotono-def-scaled-e1712824264349.jpg?id=3663) !important;background-position: center !important;background-repeat: no-repeat !important;background-size: cover !important;}&#8221; z_index=&#8221;&#8221;][vc_column][qode_elements_holder number_of_columns=&#8221;one_column&#8221;][qode_elements_holder_item advanced_animations=&#8221;no&#8221; item_padding=&#8221;378px 0 0 0&#8243; item_padding_1280_1440=&#8221;150px 0 0 0&#8243; item_padding_1024_1280=&#8221;150px 0 0 0&#8243; item_padding_768_1024=&#8221;150px 0 0 0&#8243; item_padding_600_768=&#8221;100px 0 0 0&#8243; item_padding_480_600=&#8221;100px 0 0 0&#8243; item_padding_480=&#8221;100px 0 0 0&#8243;][vc_empty_space height=&#8221;10px&#8221;][\/qode_elements_holder_item][\/qode_elements_holder][vc_column_text el_class=&#8221;tit&#8221;]<\/p>\n<h1>XARXES<\/h1>\n<p>&nbsp;<br \/>\n[\/vc_column_text][vc_separator type=&#8221;small&#8221; position=&#8221;center&#8221; color=&#8221;#ffffff&#8221; transparency=&#8221;1&#8243; thickness=&#8221;5&#8243; width=&#8221;180&#8243; up=&#8221;20&#8243; down=&#8221;25&#8243;][vc_column_text]<\/p>\n<h3>Segueix el nostre projecte en xarxes socials<\/h3>\n<p>&nbsp;<br \/>\n[\/vc_column_text][vc_empty_space height=&#8221;70px&#8221;]<span class='q_social_icon_holder normal_social' data-color=#ffffff data-hover-color=#000000><a itemprop='url' href='https:\/\/www.instagram.com\/escandallteatral\/' target='_blank'><i class=\"qode_icon_font_awesome fa fa-instagram fa-2x simple_social\" style=\"color: #ffffff;margin: 0 10px 10px 0;\" ><\/i><\/a><\/span><span class='q_social_icon_holder normal_social' data-color=#ffffff data-hover-color=#000000><a itemprop='url' href='https:\/\/www.facebook.com\/escandallteatral\/' target='_blank'><i class=\"qode_icon_font_awesome fa fa-facebook fa-2x simple_social\" style=\"color: #ffffff;margin: 0 10px 10px 0;\" ><\/i><\/a><\/span><span class='q_social_icon_holder normal_social' data-color=#ffffff data-hover-color=#000000><a itemprop='url' href='https:\/\/www.youtube.com\/channel\/UCaDXtrLm-haxROqXqttjWXw' target='_blank'><i class=\"qode_icon_font_awesome fa fa-youtube-play fa-2x simple_social\" style=\"color: #ffffff;margin: 0 10px 10px 0;\" ><\/i><\/a><\/span>[qode_elements_holder number_of_columns=&#8221;one_column&#8221;][qode_elements_holder_item advanced_animations=&#8221;no&#8221; item_padding=&#8221;298px 0 0 0&#8243; item_padding_1280_1440=&#8221;150px 0 0 0&#8243; item_padding_1024_1280=&#8221;150px 0 0 0&#8243; item_padding_768_1024=&#8221;150px 0 0 0&#8243; item_padding_600_768=&#8221;100px 0 0 0&#8243; item_padding_480_600=&#8221;100px 0 0 0&#8243; item_padding_480=&#8221;100px 0 0 0&#8243;][vc_empty_space height=&#8221;12px&#8221;][\/qode_elements_holder_item][\/qode_elements_holder][vc_column_text]\u00a9 Escandall Teatral. 2021[\/vc_column_text][qode_elements_holder number_of_columns=&#8221;one_column&#8221;][qode_elements_holder_item advanced_animations=&#8221;no&#8221; item_padding=&#8221;0px 0 150px 0&#8243;][vc_empty_space height=&#8221;1px&#8221;][\/qode_elements_holder_item][\/qode_elements_holder][\/vc_column][\/vc_row]<\/p>\n","protected":false},"excerpt":{"rendered":"<p>[vc_row css_animation=&#8221;&#8221; row_type=&#8221;row&#8221; use_row_as_full_screen_section=&#8221;no&#8221; type=&#8221;grid&#8221; angled_section=&#8221;no&#8221; text_align=&#8221;left&#8221; background_image_as_pattern=&#8221;without_pattern&#8221; padding_top=&#8221;50&#8243; padding_bottom=&#8221;50&#8243; css=&#8221;.vc_custom_1713351276049{margin-top: 0px !important;margin-right: 0px !important;padding-top: 50px !important;padding-right: 0px !important;background-image: url(https:\/\/escandallteatral.com\/wp-content\/uploads\/2024\/04\/H3B8649-oscurico-scaled-e1713344265838.jpg?id=3728) !important;background-position: center !important;background-repeat: no-repeat !important;background-size: cover !important;}&#8221; z_index=&#8221;&#8221; el_class=&#8221;cabeceraescritorio&#8221;][vc_column][qode_elements_holder number_of_columns=&#8221;one_column&#8221;][qode_elements_holder_item horizontal_alignment=&#8221;left&#8221; advanced_animations=&#8221;no&#8221; item_padding=&#8221;600px 10px 100px 10px&#8221; item_padding_1280_1440=&#8221;600px 10px 40px 10px&#8221; item_padding_1024_1280=&#8221;500px 10px 40px 10px&#8221; item_padding_768_1024=&#8221;400px 10px 30px 10px&#8221; item_padding_600_768=&#8221;400px 10px 30px 10px&#8221; item_padding_480_600=&#8221;300px 10px 20px 10px&#8221; item_padding_480=&#8221;300px 10px 20px 10px&#8221;][vc_column_text css=&#8221;.vc_custom_1713882116866{margin-right: 100px !important;margin-bottom: 30px !important;}&#8221;][\/vc_column_text][\/qode_elements_holder_item][\/qode_elements_holder][qode_elements_holder number_of_columns=&#8221;one_column&#8221;][qode_elements_holder_item horizontal_alignment=&#8221;center&#8221; advanced_animations=&#8221;no&#8221;][\/qode_elements_holder_item][\/qode_elements_holder][\/vc_column][\/vc_row][vc_row css_animation=&#8221;&#8221; row_type=&#8221;row&#8221; use_row_as_full_screen_section=&#8221;no&#8221; type=&#8221;grid&#8221; angled_section=&#8221;no&#8221; text_align=&#8221;left&#8221; background_image_as_pattern=&#8221;without_pattern&#8221; padding_top=&#8221;50&#8243; padding_bottom=&#8221;50&#8243; css=&#8221;.vc_custom_1713173116374{margin-top: 0px !important;margin-right: 0px !important;padding-top: 50px !important;padding-right: 0px !important;background-image: url(https:\/\/escandallteatral.com\/wp-content\/uploads\/2024\/04\/H3B8649_cmyk-scaled-e1713171925839.jpg?id=3606) !important;background-position: center !important;background-repeat: no-repeat !important;background-size: cover !important;}&#8221; z_index=&#8221;&#8221; el_class=&#8221;cabeceramovil&#8221;][vc_column offset=&#8221;vc_hidden-lg vc_hidden-md vc_hidden-sm&#8221;][qode_elements_holder number_of_columns=&#8221;one_column&#8221;][qode_elements_holder_item horizontal_alignment=&#8221;left&#8221; advanced_animations=&#8221;no&#8221; item_padding=&#8221;600px 10px 100px 10px&#8221; item_padding_1280_1440=&#8221;600px 10px 40px 10px&#8221; item_padding_1024_1280=&#8221;500px 10px 40px 10px&#8221; item_padding_768_1024=&#8221;400px 10px 30px 10px&#8221; item_padding_600_768=&#8221;400px 10px 30px 10px&#8221; item_padding_480_600=&#8221;300px 10px 20px 10px&#8221; item_padding_480=&#8221;300px 10px 20px 10px&#8221;][vc_column_text css=&#8221;.vc_custom_1713882376025{margin-right: 60px !important;margin-bottom: 60px !important;}&#8221;][\/vc_column_text][\/qode_elements_holder_item][\/qode_elements_holder][qode_elements_holder number_of_columns=&#8221;one_column&#8221;][qode_elements_holder_item horizontal_alignment=&#8221;center&#8221; advanced_animations=&#8221;no&#8221;][\/qode_elements_holder_item][\/qode_elements_holder][\/vc_column][\/vc_row][vc_row css_animation=&#8221;&#8221; row_type=&#8221;row&#8221; use_row_as_full_screen_section=&#8221;no&#8221; type=&#8221;grid&#8221; angled_section=&#8221;no&#8221; text_align=&#8221;left&#8221; background_image_as_pattern=&#8221;without_pattern&#8221; anchor=&#8221;comen\u00e7a&#8221; background_color=&#8221;#eaeaea&#8221; padding_top=&#8221;50&#8243; padding_bottom=&#8221;50&#8243; css=&#8221;.vc_custom_1579801855229{background-color:&#8230;<\/p>\n","protected":false},"author":1,"featured_media":0,"parent":0,"menu_order":0,"comment_status":"closed","ping_status":"closed","template":"full_width.php","meta":{"_exactmetrics_skip_tracking":false,"_exactmetrics_sitenote_active":false,"_exactmetrics_sitenote_note":"","_exactmetrics_sitenote_category":0,"footnotes":""},"class_list":["post-3757","page","type-page","status-publish","hentry"],"_links":{"self":[{"href":"https:\/\/escandallteatral.com\/ca\/wp-json\/wp\/v2\/pages\/3757","targetHints":{"allow":["GET"]}}],"collection":[{"href":"https:\/\/escandallteatral.com\/ca\/wp-json\/wp\/v2\/pages"}],"about":[{"href":"https:\/\/escandallteatral.com\/ca\/wp-json\/wp\/v2\/types\/page"}],"author":[{"embeddable":true,"href":"https:\/\/escandallteatral.com\/ca\/wp-json\/wp\/v2\/users\/1"}],"replies":[{"embeddable":true,"href":"https:\/\/escandallteatral.com\/ca\/wp-json\/wp\/v2\/comments?post=3757"}],"version-history":[{"count":29,"href":"https:\/\/escandallteatral.com\/ca\/wp-json\/wp\/v2\/pages\/3757\/revisions"}],"predecessor-version":[{"id":4275,"href":"https:\/\/escandallteatral.com\/ca\/wp-json\/wp\/v2\/pages\/3757\/revisions\/4275"}],"wp:attachment":[{"href":"https:\/\/escandallteatral.com\/ca\/wp-json\/wp\/v2\/media?parent=3757"}],"curies":[{"name":"wp","href":"https:\/\/api.w.org\/{rel}","templated":true}]}}