{"id":2903,"date":"2022-05-06T10:12:22","date_gmt":"2022-05-06T08:12:22","guid":{"rendered":"https:\/\/escandallteatral.com\/biohabitat\/"},"modified":"2022-05-06T10:53:59","modified_gmt":"2022-05-06T08:53:59","slug":"biohabitat","status":"publish","type":"page","link":"https:\/\/escandallteatral.com\/ca\/biohabitat\/","title":{"rendered":"Biohabitat"},"content":{"rendered":"<p>[vc_row css_animation=&#8221;&#8221; row_type=&#8221;row&#8221; use_row_as_full_screen_section=&#8221;no&#8221; type=&#8221;grid&#8221; angled_section=&#8221;no&#8221; text_align=&#8221;left&#8221; background_image_as_pattern=&#8221;without_pattern&#8221; padding_top=&#8221;0&#8243; padding_bottom=&#8221;0&#8243; css=&#8221;.vc_custom_1651734390776{background-image: url(https:\/\/escandallteatral.com\/wp-content\/uploads\/2022\/05\/H3B5168_c_web.jpg?id=2849) !important;background-position: center !important;background-repeat: no-repeat !important;background-size: cover !important;}&#8221; z_index=&#8221;&#8221;][vc_column][vc_empty_space height=&#8221;100&#8243;][vc_row_inner row_type=&#8221;row&#8221; type=&#8221;full_width&#8221; text_align=&#8221;left&#8221; css_animation=&#8221;&#8221;][vc_column_inner][qode_elements_holder number_of_columns=&#8221;one_column&#8221;][qode_elements_holder_item horizontal_alignment=&#8221;center&#8221; advanced_animations=&#8221;no&#8221; item_padding_768_1024=&#8221;0px 10px 0 0&#8243; item_padding_600_768=&#8221;48px 0px 0 0&#8243; item_padding_480_600=&#8221;48px 0px 0 0&#8243; item_padding_480=&#8221;48px 0px 0 0&#8243;][vc_single_image image=&#8221;2907&#8243; img_size=&#8221;full&#8221; alignment=&#8221;center&#8221; qode_css_animation=&#8221;&#8221;][\/qode_elements_holder_item][\/qode_elements_holder][qode_elements_holder number_of_columns=&#8221;one_column&#8221;][\/qode_elements_holder][\/vc_column_inner][\/vc_row_inner][vc_row_inner row_type=&#8221;row&#8221; type=&#8221;full_width&#8221; text_align=&#8221;left&#8221; css_animation=&#8221;&#8221;][vc_column_inner offset=&#8221;vc_col-md-12&#8243;][vc_empty_space height=&#8221;100&#8243;][\/vc_column_inner][\/vc_row_inner][\/vc_column][\/vc_row][vc_row css_animation=&#8221;&#8221; row_type=&#8221;row&#8221; use_row_as_full_screen_section=&#8221;no&#8221; type=&#8221;grid&#8221; angled_section=&#8221;no&#8221; text_align=&#8221;left&#8221; background_image_as_pattern=&#8221;without_pattern&#8221; padding_top=&#8221;50&#8243; padding_bottom=&#8221;50&#8243; z_index=&#8221;&#8221; background_color=&#8221;#ffffff&#8221;][vc_column][qode_elements_holder number_of_columns=&#8221;one_column&#8221;][qode_elements_holder_item advanced_animations=&#8221;no&#8221; item_padding=&#8221;179px 0 0 0&#8243; item_padding_1280_1440=&#8221;150px 0 0 0&#8243; item_padding_1024_1280=&#8221;160px 0 0 0&#8243; item_padding_768_1024=&#8221;150px 0 0 0&#8243; item_padding_600_768=&#8221;100px 0 0 0&#8243; item_padding_480_600=&#8221;100px 0 0 0&#8243; item_padding_480=&#8221;100px 0 0 0&#8243;][vc_empty_space height=&#8221;1px&#8221;][\/qode_elements_holder_item][\/qode_elements_holder][vc_row_inner row_type=&#8221;row&#8221; type=&#8221;grid&#8221; text_align=&#8221;left&#8221; css_animation=&#8221;&#8221;][vc_column_inner el_class=&#8221;tit_block&#8221; offset=&#8221;vc_col-md-6&#8243;][vc_separator type=&#8221;small&#8221; position=&#8221;left&#8221; color=&#8221;#5593cf&#8221; transparency=&#8221;1&#8243; thickness=&#8221;8&#8243; width=&#8221;180&#8243; up=&#8221;26&#8243; down=&#8221;0&#8243;][vc_column_text css=&#8221;.vc_custom_1651732734520{margin-top: 22px !important;margin-bottom: -12px !important;}&#8221;]<img loading=\"lazy\" decoding=\"async\" class=\"alignnone wp-image-2855 size-full\" src=\"https:\/\/escandallteatral.com\/wp-content\/uploads\/2022\/05\/biohabitat_logo_blau.png\" alt=\"\" width=\"415\" height=\"281\" srcset=\"https:\/\/escandallteatral.com\/wp-content\/uploads\/2022\/05\/biohabitat_logo_blau.png 415w, https:\/\/escandallteatral.com\/wp-content\/uploads\/2022\/05\/biohabitat_logo_blau-300x203.png 300w\" sizes=\"auto, (max-width: 415px) 100vw, 415px\" \/>[\/vc_column_text][vc_column_text css=&#8221;.vc_custom_1651744276386{margin-top: 30px !important;padding-top: 20px !important;}&#8221; el_class=&#8221;tit&#8221; el_id=&#8221;tit_biohabitat&#8221;]<\/p>\n<h2><span style=\"color: #000000;\"><span style=\"caret-color: #000000;\">Som<br \/>\nel que<br \/>\nrespirem<\/span><\/span><\/h2>\n<p>[\/vc_column_text][vc_empty_space height=&#8221;50px&#8221;][\/vc_column_inner][vc_column_inner offset=&#8221;vc_col-md-6&#8243;][vc_separator type=&#8221;small&#8221; position=&#8221;left&#8221; color=&#8221;#5593cf&#8221; transparency=&#8221;1&#8243; thickness=&#8221;8&#8243; width=&#8221;180&#8243; up=&#8221;26&#8243; down=&#8221;0&#8243;][vc_single_image image=&#8221;2863&#8243; img_size=&#8221;full&#8221; qode_css_animation=&#8221;&#8221; el_class=&#8221;fotovest&#8221;][qode_elements_holder number_of_columns=&#8221;one_column&#8221; custom_class=&#8221;bloc_tits_biohabitat&#8221;][qode_elements_holder_item advanced_animations=&#8221;no&#8221;][vc_column_text el_class=&#8221;titolars_biohabitat&#8221;]<\/p>\n<h4>Si has arribat fins ac\u00ed \u00e9s perqu\u00e8 est\u00e0s interessat en un dels nostres espais Biohabitat.<\/h4>\n<h4>Biohabitat \u00e9s un producte nou, on podr\u00e0s gaudir d&#8217;un aire 100% respirable.<\/h4>\n<h4>En breu disposar\u00e0 de tota la informaci\u00f3 per poder gaudir de &#8230; biohabitat<\/h4>\n<p>[\/vc_column_text][\/qode_elements_holder_item][\/qode_elements_holder][\/vc_column_inner][\/vc_row_inner][qode_elements_holder number_of_columns=&#8221;one_column&#8221;][qode_elements_holder_item advanced_animations=&#8221;no&#8221; item_padding=&#8221;0px 0 179px 0&#8243; item_padding_1280_1440=&#8221;100px 0 0 0&#8243; item_padding_1024_1280=&#8221;110px 0 0 0&#8243; item_padding_768_1024=&#8221;0px 0 150px 0&#8243; item_padding_600_768=&#8221;0px 0 0 0&#8243; item_padding_480_600=&#8221;0px 0 0 0&#8243; item_padding_480=&#8221;100px 0 0 0&#8243;][vc_empty_space height=&#8221;1px&#8221;][\/qode_elements_holder_item][\/qode_elements_holder][\/vc_column][\/vc_row][vc_row css_animation=&#8221;&#8221; row_type=&#8221;row&#8221; use_row_as_full_screen_section=&#8221;no&#8221; type=&#8221;grid&#8221; angled_section=&#8221;no&#8221; text_align=&#8221;left&#8221; background_image_as_pattern=&#8221;without_pattern&#8221; padding_top=&#8221;50&#8243; padding_bottom=&#8221;50&#8243; z_index=&#8221;&#8221; background_color=&#8221;#5593cf&#8221;][vc_column][qode_elements_holder number_of_columns=&#8221;one_column&#8221;][qode_elements_holder_item advanced_animations=&#8221;no&#8221; item_padding=&#8221;179px 0 0 0&#8243; item_padding_1280_1440=&#8221;150px 0 0 0&#8243; item_padding_1024_1280=&#8221;160px 0 0 0&#8243; item_padding_768_1024=&#8221;150px 0 0 0&#8243; item_padding_600_768=&#8221;100px 0 0 0&#8243; item_padding_480_600=&#8221;100px 0 0 0&#8243; item_padding_480=&#8221;100px 0 0 0&#8243;][vc_empty_space height=&#8221;1px&#8221;][\/qode_elements_holder_item][\/qode_elements_holder][vc_row_inner row_type=&#8221;row&#8221; type=&#8221;full_width&#8221; text_align=&#8221;left&#8221; css_animation=&#8221;&#8221; background_color=&#8221;#5593cf&#8221;][vc_column_inner width=&#8221;1\/3&#8243; offset=&#8221;vc_col-md-4&#8243;][vc_separator type=&#8221;small&#8221; position=&#8221;left&#8221; color=&#8221;#ffffff&#8221; transparency=&#8221;1&#8243; thickness=&#8221;8&#8243; width=&#8221;180&#8243; up=&#8221;26&#8243; down=&#8221;39&#8243;][vc_column_text el_class=&#8221;tit&#8221;]<\/p>\n<h1>FITXA<br \/>\nART\u00cdSTICA<\/h1>\n<p>[\/vc_column_text][vc_empty_space height=&#8221;50px&#8221;][\/vc_column_inner][vc_column_inner width=&#8221;1\/3&#8243; offset=&#8221;vc_col-md-4&#8243;][vc_separator type=&#8221;small&#8221; position=&#8221;left&#8221; color=&#8221;#ffffff&#8221; transparency=&#8221;1&#8243; thickness=&#8221;8&#8243; width=&#8221;180&#8243; up=&#8221;26&#8243; down=&#8221;19&#8243;][qode_elements_holder number_of_columns=&#8221;one_column&#8221;][qode_elements_holder_item advanced_animations=&#8221;no&#8221;][vc_column_text]<b>Autoria:<br \/>\n<\/b>Paula Escamilla<br \/>\nOscar Luna<br \/>\nLeandre Escamilla<\/p>\n<p><b>Interprets:<br \/>\n<\/b>Esther Angl\u00e9s<br \/>\nPaula Escamilla<br \/>\nJoe G\u00f3mez<br \/>\nMarta Vicent<\/p>\n<p><b>Coreografia i moviment:<br \/>\n<\/b>Paula Escamilla<\/p>\n<p><b>Composici\u00f3 musical:<br \/>\n<\/b>Juanjo Ballester<\/p>\n<p><b>Direcci\u00f3 t\u00e8cnica:<br \/>\n<\/b>Angel Carrasco<\/p>\n<p><b>Vestuari:<br \/>\n<\/b>Loletesdeb\u00fa<\/p>\n<p><b>Sastressa:<br \/>\n<\/b>Lol\u00edn Calduch[\/vc_column_text][\/qode_elements_holder_item][\/qode_elements_holder][\/vc_column_inner][vc_column_inner width=&#8221;1\/3&#8243;][vc_separator type=&#8221;small&#8221; position=&#8221;left&#8221; color=&#8221;#ffffff&#8221; transparency=&#8221;1&#8243; thickness=&#8221;8&#8243; width=&#8221;180&#8243; up=&#8221;26&#8243; down=&#8221;19&#8243;][qode_elements_holder number_of_columns=&#8221;one_column&#8221;][qode_elements_holder_item advanced_animations=&#8221;no&#8221;][vc_column_text]<b>Escenografia:<br \/>\n<\/b>Josep Gil<\/p>\n<p><b>Construcci\u00f3 escenografia:<br \/>\n<\/b>Pasqual Arrufat<\/p>\n<p><b>Disseny gr\u00e0fic \/fotografia:<br \/>\n<\/b>Josep Gil<\/p>\n<p><b>Producci\u00f3:<\/b><br \/>\nLaia Vilanova<\/p>\n<p><b>Administraci\u00f3:<\/b><br \/>\nJosep Garc\u00eda<\/p>\n<p><b>Direcci\u00f3:<\/b><br \/>\nPaula Escamilla<br \/>\nLeandre Escamilla<br \/>\n[\/vc_column_text][\/qode_elements_holder_item][\/qode_elements_holder][\/vc_column_inner][\/vc_row_inner][qode_elements_holder number_of_columns=&#8221;one_column&#8221;][qode_elements_holder_item advanced_animations=&#8221;no&#8221; item_padding=&#8221;0px 0 179px 0&#8243; item_padding_1280_1440=&#8221;150px 0 0 0&#8243; item_padding_1024_1280=&#8221;160px 0 0 0&#8243; item_padding_768_1024=&#8221;0px 0 150px 0&#8243; item_padding_600_768=&#8221;100px 0 0 0&#8243; item_padding_480_600=&#8221;100px 0 0 0&#8243; item_padding_480=&#8221;100px 0 0 0&#8243;][vc_empty_space height=&#8221;1px&#8221;][\/qode_elements_holder_item][\/qode_elements_holder][\/vc_column][\/vc_row][vc_row css_animation=&#8221;&#8221; row_type=&#8221;row&#8221; use_row_as_full_screen_section=&#8221;no&#8221; type=&#8221;grid&#8221; angled_section=&#8221;no&#8221; text_align=&#8221;center&#8221; background_image_as_pattern=&#8221;without_pattern&#8221; css=&#8221;.vc_custom_1651736135396{background-image: url(https:\/\/escandallteatral.com\/wp-content\/uploads\/2021\/01\/A_12_40_32_H3B7763_web-1.jpg?id=2431) !important;background-position: center !important;background-repeat: no-repeat !important;background-size: cover !important;}&#8221; z_index=&#8221;&#8221; el_class=&#8221;faldo_xarxes_biohabitat&#8221;][vc_column][qode_elements_holder number_of_columns=&#8221;one_column&#8221;][qode_elements_holder_item advanced_animations=&#8221;no&#8221; item_padding=&#8221;378px 0 0 0&#8243; item_padding_1280_1440=&#8221;150px 0 0 0&#8243; item_padding_1024_1280=&#8221;150px 0 0 0&#8243; item_padding_768_1024=&#8221;150px 0 0 0&#8243; item_padding_600_768=&#8221;100px 0 0 0&#8243; item_padding_480_600=&#8221;100px 0 0 0&#8243; item_padding_480=&#8221;100px 0 0 0&#8243;][vc_empty_space height=&#8221;1px&#8221;][\/qode_elements_holder_item][\/qode_elements_holder][vc_column_text el_class=&#8221;tit&#8221;]<\/p>\n<h1>XARXES<\/h1>\n<p>[\/vc_column_text][vc_separator type=&#8221;small&#8221; position=&#8221;center&#8221; color=&#8221;#ffffff&#8221; transparency=&#8221;1&#8243; thickness=&#8221;5&#8243; width=&#8221;180&#8243; up=&#8221;20&#8243; down=&#8221;15&#8243;][vc_column_text el_class=&#8221;tit&#8221;]<\/p>\n<h3>Segueix el nostre projecte en Xarxes Socials<\/h3>\n<p>[\/vc_column_text][vc_empty_space height=&#8221;59px&#8221;]<span class='q_social_icon_holder normal_social' data-color=#ffffff data-hover-color=#000000><a itemprop='url' href='https:\/\/www.instagram.com\/escandallteatral\/' target='_blank'><i class=\"qode_icon_font_awesome fa fa-instagram fa-2x simple_social\" style=\"color: #ffffff;margin: 0 10px 10px 0;\" ><\/i><\/a><\/span><span class='q_social_icon_holder normal_social' data-color=#ffffff data-hover-color=#000000><a itemprop='url' href='https:\/\/www.facebook.com\/escandallteatral\/' target='_blank'><i class=\"qode_icon_font_awesome fa fa-facebook fa-2x simple_social\" style=\"color: #ffffff;margin: 0 10px 10px 0;\" ><\/i><\/a><\/span><span class='q_social_icon_holder normal_social' data-color=#ffffff data-hover-color=#000000><a itemprop='url' href='https:\/\/www.youtube.com\/channel\/UCaDXtrLm-haxROqXqttjWXw' target='_blank'><i class=\"qode_icon_font_awesome fa fa-youtube-play fa-2x simple_social\" style=\"color: #ffffff;margin: 0 10px 10px 0;\" ><\/i><\/a><\/span>[qode_elements_holder number_of_columns=&#8221;one_column&#8221;][qode_elements_holder_item advanced_animations=&#8221;no&#8221; item_padding=&#8221;298px 0 0 0&#8243; item_padding_1280_1440=&#8221;150px 0 0 0&#8243; item_padding_1024_1280=&#8221;150px 0 0 0&#8243; item_padding_768_1024=&#8221;150px 0 0 0&#8243; item_padding_600_768=&#8221;100px 0 0 0&#8243; item_padding_480_600=&#8221;100px 0 0 0&#8243; item_padding_480=&#8221;100px 0 0 0&#8243;][vc_empty_space height=&#8221;12px&#8221;][\/qode_elements_holder_item][\/qode_elements_holder][vc_column_text el_class=&#8221;tit&#8221;]\u00a9 Escandall Teatral. 2019[\/vc_column_text][qode_elements_holder number_of_columns=&#8221;one_column&#8221;][qode_elements_holder_item advanced_animations=&#8221;no&#8221; item_padding=&#8221;0px 0 150px 0&#8243;][vc_empty_space height=&#8221;1px&#8221;][\/qode_elements_holder_item][\/qode_elements_holder][\/vc_column][\/vc_row]<\/p>\n","protected":false},"excerpt":{"rendered":"<p>[vc_row css_animation=&#8221;&#8221; row_type=&#8221;row&#8221; use_row_as_full_screen_section=&#8221;no&#8221; type=&#8221;grid&#8221; angled_section=&#8221;no&#8221; text_align=&#8221;left&#8221; background_image_as_pattern=&#8221;without_pattern&#8221; padding_top=&#8221;0&#8243; padding_bottom=&#8221;0&#8243; css=&#8221;.vc_custom_1651734390776{background-image: url(https:\/\/escandallteatral.com\/wp-content\/uploads\/2022\/05\/H3B5168_c_web.jpg?id=2849) !important;background-position: center !important;background-repeat: no-repeat !important;background-size: cover !important;}&#8221; z_index=&#8221;&#8221;][vc_column][vc_empty_space height=&#8221;100&#8243;][vc_row_inner row_type=&#8221;row&#8221; type=&#8221;full_width&#8221; text_align=&#8221;left&#8221; css_animation=&#8221;&#8221;][vc_column_inner][qode_elements_holder number_of_columns=&#8221;one_column&#8221;][qode_elements_holder_item horizontal_alignment=&#8221;center&#8221; advanced_animations=&#8221;no&#8221; item_padding_768_1024=&#8221;0px 10px 0 0&#8243; item_padding_600_768=&#8221;48px 0px 0 0&#8243; item_padding_480_600=&#8221;48px 0px 0 0&#8243; item_padding_480=&#8221;48px 0px 0 0&#8243;][vc_single_image image=&#8221;2907&#8243; img_size=&#8221;full&#8221; alignment=&#8221;center&#8221; qode_css_animation=&#8221;&#8221;][\/qode_elements_holder_item][\/qode_elements_holder][qode_elements_holder number_of_columns=&#8221;one_column&#8221;][\/qode_elements_holder][\/vc_column_inner][\/vc_row_inner][vc_row_inner row_type=&#8221;row&#8221; type=&#8221;full_width&#8221; text_align=&#8221;left&#8221; css_animation=&#8221;&#8221;][vc_column_inner offset=&#8221;vc_col-md-12&#8243;][vc_empty_space height=&#8221;100&#8243;][\/vc_column_inner][\/vc_row_inner][\/vc_column][\/vc_row][vc_row css_animation=&#8221;&#8221; row_type=&#8221;row&#8221; use_row_as_full_screen_section=&#8221;no&#8221; type=&#8221;grid&#8221; angled_section=&#8221;no&#8221; text_align=&#8221;left&#8221; background_image_as_pattern=&#8221;without_pattern&#8221; padding_top=&#8221;50&#8243; padding_bottom=&#8221;50&#8243; z_index=&#8221;&#8221; background_color=&#8221;#ffffff&#8221;][vc_column][qode_elements_holder number_of_columns=&#8221;one_column&#8221;][qode_elements_holder_item advanced_animations=&#8221;no&#8221; item_padding=&#8221;179px 0 0 0&#8243; item_padding_1280_1440=&#8221;150px 0 0 0&#8243; item_padding_1024_1280=&#8221;160px 0 0 0&#8243; item_padding_768_1024=&#8221;150px 0 0 0&#8243; item_padding_600_768=&#8221;100px 0 0 0&#8243; item_padding_480_600=&#8221;100px 0 0 0&#8243; item_padding_480=&#8221;100px 0 0 0&#8243;][vc_empty_space height=&#8221;1px&#8221;][\/qode_elements_holder_item][\/qode_elements_holder][vc_row_inner row_type=&#8221;row&#8221; type=&#8221;grid&#8221; text_align=&#8221;left&#8221; css_animation=&#8221;&#8221;][vc_column_inner el_class=&#8221;tit_block&#8221; offset=&#8221;vc_col-md-6&#8243;][vc_separator type=&#8221;small&#8221; position=&#8221;left&#8221; color=&#8221;#5593cf&#8221; transparency=&#8221;1&#8243; thickness=&#8221;8&#8243; width=&#8221;180&#8243; up=&#8221;26&#8243; down=&#8221;0&#8243;][vc_column_text css=&#8221;.vc_custom_1651732734520{margin-top: 22px !important;margin-bottom: -12px !important;}&#8221;][\/vc_column_text][vc_column_text css=&#8221;.vc_custom_1651744276386{margin-top: 30px !important;padding-top: 20px !important;}&#8221; el_class=&#8221;tit&#8221; el_id=&#8221;tit_biohabitat&#8221;] Som el que respirem [\/vc_column_text][vc_empty_space height=&#8221;50px&#8221;][\/vc_column_inner][vc_column_inner offset=&#8221;vc_col-md-6&#8243;][vc_separator type=&#8221;small&#8221; position=&#8221;left&#8221; color=&#8221;#5593cf&#8221; transparency=&#8221;1&#8243; thickness=&#8221;8&#8243; width=&#8221;180&#8243; up=&#8221;26&#8243; down=&#8221;0&#8243;][vc_single_image image=&#8221;2863&#8243; img_size=&#8221;full&#8221; qode_css_animation=&#8221;&#8221; el_class=&#8221;fotovest&#8221;][qode_elements_holder number_of_columns=&#8221;one_column&#8221; custom_class=&#8221;bloc_tits_biohabitat&#8221;][qode_elements_holder_item advanced_animations=&#8221;no&#8221;][vc_column_text el_class=&#8221;titolars_biohabitat&#8221;] Si has arribat fins&#8230;<\/p>\n","protected":false},"author":1,"featured_media":0,"parent":0,"menu_order":0,"comment_status":"closed","ping_status":"closed","template":"full_width.php","meta":{"_exactmetrics_skip_tracking":false,"_exactmetrics_sitenote_active":false,"_exactmetrics_sitenote_note":"","_exactmetrics_sitenote_category":0,"footnotes":""},"class_list":["post-2903","page","type-page","status-publish","hentry"],"_links":{"self":[{"href":"https:\/\/escandallteatral.com\/ca\/wp-json\/wp\/v2\/pages\/2903","targetHints":{"allow":["GET"]}}],"collection":[{"href":"https:\/\/escandallteatral.com\/ca\/wp-json\/wp\/v2\/pages"}],"about":[{"href":"https:\/\/escandallteatral.com\/ca\/wp-json\/wp\/v2\/types\/page"}],"author":[{"embeddable":true,"href":"https:\/\/escandallteatral.com\/ca\/wp-json\/wp\/v2\/users\/1"}],"replies":[{"embeddable":true,"href":"https:\/\/escandallteatral.com\/ca\/wp-json\/wp\/v2\/comments?post=2903"}],"version-history":[{"count":12,"href":"https:\/\/escandallteatral.com\/ca\/wp-json\/wp\/v2\/pages\/2903\/revisions"}],"predecessor-version":[{"id":2921,"href":"https:\/\/escandallteatral.com\/ca\/wp-json\/wp\/v2\/pages\/2903\/revisions\/2921"}],"wp:attachment":[{"href":"https:\/\/escandallteatral.com\/ca\/wp-json\/wp\/v2\/media?parent=2903"}],"curies":[{"name":"wp","href":"https:\/\/api.w.org\/{rel}","templated":true}]}}