{"id":2443,"date":"2021-01-28T05:28:34","date_gmt":"2021-01-28T04:28:34","guid":{"rendered":"https:\/\/escandallteatral.com\/inici-2\/"},"modified":"2024-10-16T14:00:03","modified_gmt":"2024-10-16T12:00:03","slug":"inici-2","status":"publish","type":"page","link":"https:\/\/escandallteatral.com\/ca\/","title":{"rendered":"Inici"},"content":{"rendered":"<p>[vc_row css_animation=&#8221;&#8221; row_type=&#8221;row&#8221; use_row_as_full_screen_section=&#8221;no&#8221; type=&#8221;full_width&#8221; angled_section=&#8221;no&#8221; text_align=&#8221;left&#8221; background_image_as_pattern=&#8221;without_pattern&#8221;][vc_column][rev_slider_vc alias=&#8221;4-anuncis-2&#8243;][\/vc_column][\/vc_row][vc_row css_animation=&#8221;&#8221; row_type=&#8221;row&#8221; use_row_as_full_screen_section=&#8221;no&#8221; type=&#8221;grid&#8221; angled_section=&#8221;no&#8221; text_align=&#8221;left&#8221; background_image_as_pattern=&#8221;without_pattern&#8221; background_color=&#8221;#ffffff&#8221; z_index=&#8221;&#8221; css=&#8221;.vc_custom_1667570714046{background-color: #fafafa !important;}&#8221;][vc_column][vc_row_inner row_type=&#8221;row&#8221; type=&#8221;full_width&#8221; text_align=&#8221;center&#8221; css_animation=&#8221;&#8221; css=&#8221;.vc_custom_1667571001876{margin-top: 55px !important;}&#8221;][vc_column_inner css=&#8221;.vc_custom_1667565854506{margin-top: 100px !important;}&#8221;][vc_single_image image=&#8221;3058&#8243; img_size=&#8221;full&#8221; alignment=&#8221;center&#8221; qode_css_animation=&#8221;&#8221;][\/vc_column_inner][\/vc_row_inner][vc_row_inner row_type=&#8221;row&#8221; type=&#8221;grid&#8221; text_align=&#8221;center&#8221; css_animation=&#8221;&#8221; el_class=&#8221;coltextintroobres&#8221;][vc_column_inner][vc_separator type=&#8221;small&#8221; position=&#8221;center&#8221; transparency=&#8221;1&#8243; thickness=&#8221;4&#8243; color=&#8221;#cbcccc&#8221; el_class=&#8221;linea_sep_1&#8243; width=&#8221;140&#8243; up=&#8221;40&#8243; down=&#8221;30&#8243;][vc_column_text el_class=&#8221;text_intro_1&#8243;]<em>Distopia<\/em> \u00e9s la trilogia d&#8217;Escandall Teatral on plantegem universos a partir de la manca de recursos naturals i com es desenvolupa la vida en aquesta societat.<\/p>\n<p>Amb <em>Amagatalls Secrets,<\/em> la primera part d&#8217;aquesta trilogia, hem creat un m\u00f3n on l&#8217;\u00fanica mat\u00e8ria que ens envolta \u00e9s el pl\u00e0stic.<\/p>\n<p>Amb la nostra segona part, <em>Ecocidi,<\/em> plantegem una realitat on s&#8217;ha extingit la vida dels arbres.<\/p>\n<p>Finalment, aquesta tercera i \u00faltima &#8220;distopia&#8221; tracta sobre la qualitat de l&#8217;aire i la dificultat per respirar.[\/vc_column_text][\/vc_column_inner][\/vc_row_inner][vc_row_inner row_type=&#8221;row&#8221; type=&#8221;grid&#8221; text_align=&#8221;center&#8221; css_animation=&#8221;&#8221; el_class=&#8221;trescolumnes&#8221; el_id=&#8221;trescolumnes_id&#8221;][vc_column_inner el_class=&#8221;cartellsobres&#8221; width=&#8221;1\/3&#8243;]<div class='image_hover ' style='' data-transition-delay=''><div class='images_holder'><a itemprop='url' href='https:\/\/escandallteatral.com\/biohabitat\/' target='_self'><img itemprop='image' class='active_image ' src='https:\/\/escandallteatral.com\/wp-content\/uploads\/2022\/11\/cartell_biohabitat_home.jpg' alt='' style='' \/><img itemprop='image' class='hover_image' src='https:\/\/escandallteatral.com\/wp-content\/uploads\/2022\/11\/cartell_biohabitat_home5.jpg' alt='' style='' \/><\/a><\/div><\/div>[\/vc_column_inner][vc_column_inner el_class=&#8221;cartellsobres&#8221; width=&#8221;1\/3&#8243;]<div class='image_hover ' style='' data-transition-delay=''><div class='images_holder'><a itemprop='url' href='https:\/\/escandallteatral.com\/ecocidi-2\/' target='_self'><img itemprop='image' class='active_image ' src='https:\/\/escandallteatral.com\/wp-content\/uploads\/2022\/11\/cartell_ecodidi_home.jpg' alt='' style='' \/><img itemprop='image' class='hover_image' src='https:\/\/escandallteatral.com\/wp-content\/uploads\/2022\/11\/cartell_ecodidi_home5.jpg' alt='' style='' \/><\/a><\/div><\/div>[\/vc_column_inner][vc_column_inner el_class=&#8221;cartellsobres&#8221; width=&#8221;1\/3&#8243;]<div class='image_hover ' style='' data-transition-delay=''><div class='images_holder'><a itemprop='url' href='https:\/\/escandallteatral.com\/amagatalls-secrets\/' target='_self'><img itemprop='image' class='active_image ' src='https:\/\/escandallteatral.com\/wp-content\/uploads\/2022\/11\/cartell_amagatalls_home.jpg' alt='' style='' \/><img itemprop='image' class='hover_image' src='https:\/\/escandallteatral.com\/wp-content\/uploads\/2022\/11\/cartell_amagatalls_home5.jpg' alt='' style='' \/><\/a><\/div><\/div>[\/vc_column_inner][\/vc_row_inner][vc_separator type=&#8221;normal&#8221; transparency=&#8221;1&#8243; thickness=&#8221;4&#8243; color=&#8221;#cbcccc&#8221; el_class=&#8221;linea_sep_1&#8243; up=&#8221;60&#8243; down=&#8221;30&#8243;][vc_single_image image=&#8221;3099&#8243; img_size=&#8221;279&#215;93&#8243; alignment=&#8221;center&#8221; qode_css_animation=&#8221;&#8221; el_class=&#8221;xxhome&#8221; css=&#8221;.vc_custom_1667618577347{margin-top: 100px !important;}&#8221;][vc_row_inner row_type=&#8221;row&#8221; type=&#8221;grid&#8221; text_align=&#8221;center&#8221; css_animation=&#8221;&#8221; el_class=&#8221;coltextintroobres&#8221;][vc_column_inner][vc_separator type=&#8221;small&#8221; position=&#8221;center&#8221; transparency=&#8221;1&#8243; thickness=&#8221;4&#8243; color=&#8221;#cbcccc&#8221; el_class=&#8221;linea_sep_1&#8243; width=&#8221;140&#8243; up=&#8221;40&#8243; down=&#8221;30&#8243;][vc_column_text el_class=&#8221;text_intro_1&#8243;]El projecte XX inclou tres accions perform\u00e0tiques diferents que es poden presentar en un mateix dia o en dies diferents. S&#8217;hi reflexiona sobre alguns aspectes micromasclistes que es donen a la nostra societat patriarcal. Des de l&#8217;humor i la trag\u00e8dia es reflexiona sobre la moda, les floretes o les dones gerro.[\/vc_column_text][\/vc_column_inner][\/vc_row_inner][vc_row_inner row_type=&#8221;row&#8221; type=&#8221;grid&#8221; text_align=&#8221;center&#8221; css_animation=&#8221;&#8221; el_class=&#8221;trescolumnes&#8221;][vc_column_inner el_class=&#8221;columneta1&#8243; width=&#8221;1\/3&#8243;][\/vc_column_inner][vc_column_inner width=&#8221;1\/3&#8243;]<div class='image_hover ' style='' data-transition-delay=''><div class='images_holder'><a itemprop='url' href='https:\/\/escandallteatral.com\/xx\/' target='_self'><img itemprop='image' class='active_image ' src='https:\/\/escandallteatral.com\/wp-content\/uploads\/2022\/11\/cartell_xx_home.jpg' alt='' style='' \/><img itemprop='image' class='hover_image' src='https:\/\/escandallteatral.com\/wp-content\/uploads\/2022\/11\/cartell_xx_home2.jpg' alt='' style='' \/><\/a><\/div><\/div>[\/vc_column_inner][vc_column_inner width=&#8221;1\/3&#8243;][\/vc_column_inner][\/vc_row_inner][vc_row_inner row_type=&#8221;row&#8221; type=&#8221;grid&#8221; text_align=&#8221;center&#8221; css_animation=&#8221;&#8221;][vc_column_inner][vc_empty_space height=&#8221;200px&#8221;][\/vc_column_inner][\/vc_row_inner][vc_separator type=&#8221;normal&#8221; transparency=&#8221;1&#8243; thickness=&#8221;4&#8243; color=&#8221;#cbcccc&#8221; el_class=&#8221;linea_sep_1&#8243; up=&#8221;60&#8243; down=&#8221;30&#8243;][vc_single_image image=&#8221;3551&#8243; img_size=&#8221;250x150px&#8221; alignment=&#8221;center&#8221; qode_css_animation=&#8221;&#8221; el_class=&#8221;amidahome&#8221; css=&#8221;.vc_custom_1712910275622{margin-top: 100px !important;}&#8221;][vc_separator type=&#8221;small&#8221; position=&#8221;center&#8221; transparency=&#8221;1&#8243; thickness=&#8221;4&#8243; color=&#8221;#cbcccc&#8221; el_class=&#8221;linea_sep_1&#8243; width=&#8221;140&#8243; up=&#8221;40&#8243; down=&#8221;30&#8243;][vc_column_text el_class=&#8221;text_intro_1&#8243;]<\/p>\n<p style=\"text-align: center;\">Creaci\u00f3 de peces curtes ad hoc o personalitzades.<\/p>\n<p style=\"text-align: center;\">L&#8217;art de desenvolupar accions de curta durada de format petit i mig.<\/p>\n<p style=\"text-align: center;\">Tu ens dones el tema i nosaltres ho desenvolupem!<\/p>\n<p>[\/vc_column_text][vc_row_inner row_type=&#8221;row&#8221; type=&#8221;grid&#8221; text_align=&#8221;center&#8221; css_animation=&#8221;&#8221; el_class=&#8221;trescolumnes&#8221;][vc_column_inner el_class=&#8221;columneta1&#8243; width=&#8221;1\/3&#8243;]<div class='image_hover ' style='' data-transition-delay=''><div class='images_holder'><a itemprop='url' href='https:\/\/escandallteatral.com\/amida\/' target='_self'><img itemprop='image' class='active_image ' src='https:\/\/escandallteatral.com\/wp-content\/uploads\/2024\/04\/Escandall-Teatral-E-Poorperi-Amnistia-Internacional-Castello-E-Delfin-Molina-2023-5-1.jpg' alt='' style='' \/><img itemprop='image' class='hover_image' src='https:\/\/escandallteatral.com\/wp-content\/uploads\/2024\/04\/Escandall-Teatral-E-Poorperi-Amnistia-Internacional-Castello-E-Delfin-Molina-2023-5-on-hover-home-scaled.jpg' alt='' style='' \/><\/a><\/div><\/div>[\/vc_column_inner][vc_column_inner width=&#8221;1\/3&#8243;]<div class='image_hover ' style='' data-transition-delay=''><div class='images_holder'><a itemprop='url' href='https:\/\/escandallteatral.com\/amida\/' target='_self'><img itemprop='image' class='active_image ' src='https:\/\/escandallteatral.com\/wp-content\/uploads\/2024\/04\/A_PC102568-con-marca-agua-scaled-e1712741842709.jpg' alt='' style='' \/><img itemprop='image' class='hover_image' src='https:\/\/escandallteatral.com\/wp-content\/uploads\/2024\/04\/A_PC102568-on-hover-home-scaled-e1712741899226.jpg' alt='' style='' \/><\/a><\/div><\/div>[\/vc_column_inner][vc_column_inner width=&#8221;1\/3&#8243;]<div class='image_hover ' style='' data-transition-delay=''><div class='images_holder'><a itemprop='url' href='https:\/\/escandallteatral.com\/amida\/' target='_self'><img itemprop='image' class='active_image ' src='https:\/\/escandallteatral.com\/wp-content\/uploads\/2024\/04\/Escandall-Teatral-E-Poorperi-Amnistia-Internacional-Castello-E-Delfin-Molina-2023-6-scaled-e1712741989382.jpg' alt='' style='' \/><img itemprop='image' class='hover_image' src='https:\/\/escandallteatral.com\/wp-content\/uploads\/2024\/04\/Escandall-Teatral-E-Poorperi-Amnistia-Internacional-Castello-E-Delfin-Molina-2023-6-hover-home-scaled-e1712742057482.jpg' alt='' style='' \/><\/a><\/div><\/div>[\/vc_column_inner][\/vc_row_inner][vc_empty_space height=&#8221;200px&#8221;][\/vc_column][\/vc_row][vc_row css_animation=&#8221;&#8221; row_type=&#8221;row&#8221; use_row_as_full_screen_section=&#8221;no&#8221; type=&#8221;grid&#8221; angled_section=&#8221;no&#8221; text_align=&#8221;left&#8221; background_image_as_pattern=&#8221;without_pattern&#8221; anchor=&#8221;premsa&#8221; padding_top=&#8221;50&#8243; padding_bottom=&#8221;50&#8243; css=&#8221;.vc_custom_1668271353364{background-image: url(https:\/\/escandallteatral.com\/wp-content\/uploads\/2019\/03\/H3B1744_bnc.jpg?id=224) !important;background-position: center !important;background-repeat: no-repeat !important;background-size: cover !important;}&#8221; z_index=&#8221;&#8221;][vc_column][qode_elements_holder number_of_columns=&#8221;one_column&#8221;][qode_elements_holder_item advanced_animations=&#8221;no&#8221; item_padding=&#8221;240px 0 0 0&#8243;][vc_empty_space height=&#8221;1px&#8221;][\/qode_elements_holder_item][\/qode_elements_holder][vc_row_inner row_type=&#8221;row&#8221; type=&#8221;full_width&#8221; text_align=&#8221;left&#8221; css_animation=&#8221;&#8221;][vc_column_inner offset=&#8221;vc_col-md-4&#8243;][vc_separator type=&#8221;transparent&#8221; up=&#8221;-15&#8243;][vc_column_text]<\/p>\n<h1>PREMSA<\/h1>\n<p>[\/vc_column_text][vc_separator type=&#8221;small&#8221; position=&#8221;left&#8221; color=&#8221;#ffffff&#8221; transparency=&#8221;1&#8243; thickness=&#8221;5&#8243; width=&#8221;180&#8243; up=&#8221;16&#8243; down=&#8221;20&#8243;][qode_elements_holder number_of_columns=&#8221;one_column&#8221;][qode_elements_holder_item advanced_animations=&#8221;no&#8221; item_padding=&#8221;165px 0 0 0&#8243; item_padding_1024_1280=&#8221;200px 0 0 0&#8243; item_padding_600_768=&#8221;50px 0 0 0&#8243; item_padding_480_600=&#8221;50px 0 0 0&#8243; item_padding_480=&#8221;50px 0 0 0&#8243;][vc_empty_space height=&#8221;12px&#8221;][\/qode_elements_holder_item][\/qode_elements_holder]\n\n\t<a href=\"https:\/\/escandallteatral.com\/prensa\/\" target=\"_self\" style=\"color: #ffffff\" class=\"qode-btn qode-btn-medium qode-btn-simple qode-btn-custom-hover-color qode-btn-icon qode-btn-default-hover\" data-hover-color=\"#bfbfbf\" >\n\t    <span class=\"qode-btn-text\">Totes les ressenyes en premsa<\/span><span class=\"qode-button-v2-icon-holder\" style=\"border-color: rgba(255,255,255,0.01)\" ><i class=\"qode_icon_font_awesome fa fa-arrow-circle-right qode-button-v2-icon-holder-inner\" ><\/i><\/span>\t<\/a>\n\n[vc_empty_space height=&#8221;50px&#8221;][\/vc_column_inner][vc_column_inner offset=&#8221;vc_col-md-4&#8243;][qode_elements_holder number_of_columns=&#8221;one_column&#8221;][qode_elements_holder_item advanced_animations=&#8221;no&#8221;][vc_column_text]<\/p>\n<h4><a href=\"https:\/\/escandallteatral.com\/ca\/nomepierdoniuna-xx-paula-escamilla-impacto-para-resetear-ideas\/\">NOMEPIERDONIUNA.NET<\/a><\/h4>\n<p>[\/vc_column_text][vc_separator type=&#8221;transparent&#8221; up=&#8221;-14&#8243;][vc_column_text]Manolo Bosch[\/vc_column_text][vc_empty_space height=&#8221;25px&#8221;][\/qode_elements_holder_item][\/qode_elements_holder][qode_elements_holder number_of_columns=&#8221;one_column&#8221;][qode_elements_holder_item advanced_animations=&#8221;no&#8221;][vc_column_text]<\/p>\n<h4><a href=\"https:\/\/escandallteatral.com\/ca\/faicp-bosa-colombia\/\">FAICP Bosa (Colombia)<\/a><\/h4>\n<p>[\/vc_column_text][vc_separator type=&#8221;transparent&#8221; up=&#8221;-14&#8243;][vc_column_text]Carolina Doria Marim\u00f3n[\/vc_column_text][vc_empty_space height=&#8221;25px&#8221;][\/qode_elements_holder_item][\/qode_elements_holder][qode_elements_holder number_of_columns=&#8221;one_column&#8221;][qode_elements_holder_item advanced_animations=&#8221;no&#8221;][vc_column_text]<\/p>\n<h4><a href=\"https:\/\/escandallteatral.com\/ca\/faicp-bogota\/\">FAICP Bogot\u00e1<\/a><\/h4>\n<p>[\/vc_column_text][vc_separator type=&#8221;transparent&#8221; up=&#8221;-14&#8243;][vc_column_text]Gustavo Alonso Vidal[\/vc_column_text][vc_empty_space height=&#8221;25px&#8221;][\/qode_elements_holder_item][\/qode_elements_holder][qode_elements_holder number_of_columns=&#8221;one_column&#8221;][qode_elements_holder_item advanced_animations=&#8221;no&#8221;][vc_column_text]<\/p>\n<h4><a href=\"https:\/\/escandallteatral.com\/ca\/teatreforumborriana\/\">Teatre F\u00f3rum a Burriana<\/a><\/h4>\n<p>[\/vc_column_text][vc_separator type=&#8221;transparent&#8221; up=&#8221;-14&#8243;][vc_column_text]El Pla[\/vc_column_text][vc_empty_space height=&#8221;25px&#8221;][\/qode_elements_holder_item][\/qode_elements_holder][qode_elements_holder number_of_columns=&#8221;one_column&#8221;][qode_elements_holder_item advanced_animations=&#8221;no&#8221;][vc_column_text]<\/p>\n<h4><a href=\"https:\/\/escandallteatral.com\/ca\/mediterraeo-maec\/\">MAEC. El Peri\u00f3dico Mediterr\u00e1neo<\/a><\/h4>\n<p>[\/vc_column_text][vc_separator type=&#8221;transparent&#8221; up=&#8221;-14&#8243;][vc_column_text]Vicente Cornelles[\/vc_column_text][vc_empty_space height=&#8221;25px&#8221;][\/qode_elements_holder_item][\/qode_elements_holder][\/vc_column_inner][vc_column_inner offset=&#8221;vc_col-md-4&#8243;][qode_elements_holder number_of_columns=&#8221;one_column&#8221;][qode_elements_holder_item advanced_animations=&#8221;no&#8221;][vc_column_text]<\/p>\n<h4><a href=\"https:\/\/escandallteatral.com\/ca\/maec\/\">Mostra d\u2019Arts Esc\u00e8niques de Castell\u00f3<\/a><\/h4>\n<p>[\/vc_column_text][vc_separator type=&#8221;transparent&#8221; up=&#8221;-14&#8243;][vc_column_text]Pasqual Mas[\/vc_column_text][vc_empty_space height=&#8221;25px&#8221;][\/qode_elements_holder_item][\/qode_elements_holder][qode_elements_holder number_of_columns=&#8221;one_column&#8221;][qode_elements_holder_item advanced_animations=&#8221;no&#8221;][vc_column_text]<\/p>\n<h4><a href=\"https:\/\/escandallteatral.com\/ca\/fit-de-cadiz-mireia-marques\/\">FIT de C\u00e1diz<\/a><\/h4>\n<p>[\/vc_column_text][vc_separator type=&#8221;transparent&#8221; up=&#8221;-14&#8243;][vc_column_text]Mireia Marqu\u00e9s[\/vc_column_text][vc_empty_space height=&#8221;25px&#8221;][\/qode_elements_holder_item][\/qode_elements_holder][qode_elements_holder number_of_columns=&#8221;one_column&#8221;][qode_elements_holder_item advanced_animations=&#8221;no&#8221;][vc_column_text]<\/p>\n<h4><a href=\"https:\/\/escandallteatral.com\/ca\/fit-de-cadiz\/\">FIT de C\u00e1diz<\/a><\/h4>\n<p>[\/vc_column_text][vc_separator type=&#8221;transparent&#8221; up=&#8221;-14&#8243;][vc_column_text]Jorge Lizana Ruiz[\/vc_column_text][vc_empty_space height=&#8221;25px&#8221;][\/qode_elements_holder_item][\/qode_elements_holder][qode_elements_holder number_of_columns=&#8221;one_column&#8221;][qode_elements_holder_item advanced_animations=&#8221;no&#8221;][vc_column_text]<\/p>\n<h4><a href=\"https:\/\/escandallteatral.com\/ca\/fit-de-cadiz-mujer-de-verde\/\">FIT de C\u00e1diz<\/a><\/h4>\n<p>[\/vc_column_text][vc_separator type=&#8221;transparent&#8221; up=&#8221;-14&#8243;][vc_column_text]La mujer de verde[\/vc_column_text][vc_empty_space height=&#8221;25px&#8221;][\/qode_elements_holder_item][\/qode_elements_holder][\/vc_column_inner][\/vc_row_inner][qode_elements_holder number_of_columns=&#8221;one_column&#8221;][qode_elements_holder_item advanced_animations=&#8221;no&#8221; item_padding=&#8221;0px 0 0px 0&#8243; item_padding_1280_1440=&#8221;140px 0 0 0&#8243; item_padding_1024_1280=&#8221;140px 0 0 0&#8243; item_padding_768_1024=&#8221;0px 0 150px 0&#8243; item_padding_600_768=&#8221;100px 0 0 0&#8243; item_padding_480_600=&#8221;100px 0 0 0&#8243; item_padding_480=&#8221;100px 0 0 0&#8243;]<span data-type=\"normal\"  class=\"qode_icon_shortcode  q_font_awsome_icon fa-3x pull-center q_icon_animation\" style=\"margin: 0 0 20px 0; \"><a class=\"anchor\" itemprop=\"url\" href=\"#xarxes\" target=\"_self\"><i class=\"qode_icon_font_awesome fa fa-chevron-circle-down qode_icon_element\" style=\"color: #ffffff;\" ><\/i><\/a><\/span>[\/qode_elements_holder_item][\/qode_elements_holder][\/vc_column][\/vc_row][vc_row css_animation=&#8221;&#8221; row_type=&#8221;row&#8221; use_row_as_full_screen_section=&#8221;no&#8221; type=&#8221;grid&#8221; angled_section=&#8221;no&#8221; text_align=&#8221;center&#8221; background_image_as_pattern=&#8221;without_pattern&#8221; anchor=&#8221;xarxes&#8221; css=&#8221;.vc_custom_1554902755957{background-image: url(https:\/\/escandallteatral.com\/wp-content\/uploads\/2019\/03\/Q6Y2112b.jpg?id=244) !important;background-position: center !important;background-repeat: no-repeat !important;background-size: cover !important;}&#8221; z_index=&#8221;&#8221;][vc_column][qode_elements_holder number_of_columns=&#8221;one_column&#8221;][qode_elements_holder_item advanced_animations=&#8221;no&#8221; item_padding=&#8221;378px 0 0 0&#8243; item_padding_1280_1440=&#8221;150px 0 0 0&#8243; item_padding_1024_1280=&#8221;150px 0 0 0&#8243; item_padding_768_1024=&#8221;150px 0 0 0&#8243; item_padding_600_768=&#8221;100px 0 0 0&#8243; item_padding_480_600=&#8221;100px 0 0 0&#8243; item_padding_480=&#8221;100px 0 0 0&#8243;][vc_empty_space height=&#8221;1px&#8221;][\/qode_elements_holder_item][\/qode_elements_holder][vc_column_text]<\/p>\n<h1>XARXES<\/h1>\n<p>[\/vc_column_text][vc_separator type=&#8221;small&#8221; position=&#8221;center&#8221; color=&#8221;#ffffff&#8221; transparency=&#8221;1&#8243; thickness=&#8221;5&#8243; width=&#8221;180&#8243; up=&#8221;20&#8243; down=&#8221;15&#8243;][vc_column_text]<\/p>\n<h3>Segueix el nostre projecte en Xarxes Socials<\/h3>\n<p>[\/vc_column_text][vc_empty_space height=&#8221;59px&#8221;]<span class='q_social_icon_holder normal_social' data-color=#ffffff data-hover-color=#000000><a itemprop='url' href='https:\/\/www.instagram.com\/escandallteatral\/' target='_blank'><i class=\"qode_icon_font_awesome fa fa-instagram fa-2x simple_social\" style=\"color: #ffffff;margin: 0 10px 10px 0;\" ><\/i><\/a><\/span><span class='q_social_icon_holder normal_social' data-color=#ffffff data-hover-color=#000000><a itemprop='url' href='https:\/\/www.facebook.com\/escandallteatral\/' target='_blank'><i class=\"qode_icon_font_awesome fa fa-facebook fa-2x simple_social\" style=\"color: #ffffff;margin: 0 10px 10px 0;\" ><\/i><\/a><\/span><span class='q_social_icon_holder normal_social' data-color=#ffffff data-hover-color=#000000><a itemprop='url' href='https:\/\/www.youtube.com\/channel\/UCaDXtrLm-haxROqXqttjWXw' target='_blank'><i class=\"qode_icon_font_awesome fa fa-youtube-play fa-2x simple_social\" style=\"color: #ffffff;margin: 0 10px 10px 0;\" ><\/i><\/a><\/span>[qode_elements_holder number_of_columns=&#8221;one_column&#8221;][qode_elements_holder_item advanced_animations=&#8221;no&#8221; item_padding=&#8221;298px 0 0 0&#8243; item_padding_1280_1440=&#8221;150px 0 0 0&#8243; item_padding_1024_1280=&#8221;150px 0 0 0&#8243; item_padding_768_1024=&#8221;150px 0 0 0&#8243; item_padding_600_768=&#8221;100px 0 0 0&#8243; item_padding_480_600=&#8221;100px 0 0 0&#8243; item_padding_480=&#8221;100px 0 0 0&#8243;][vc_empty_space height=&#8221;12px&#8221;][\/qode_elements_holder_item][\/qode_elements_holder][vc_column_text]\u00a9 Escandall Teatral. 2021[\/vc_column_text][qode_elements_holder number_of_columns=&#8221;one_column&#8221;][qode_elements_holder_item advanced_animations=&#8221;no&#8221; item_padding=&#8221;0px 0 53px 0&#8243;][vc_empty_space height=&#8221;1px&#8221;][\/qode_elements_holder_item][\/qode_elements_holder][\/vc_column][\/vc_row][vc_row css_animation=&#8221;&#8221; row_type=&#8221;row&#8221; use_row_as_full_screen_section=&#8221;no&#8221; type=&#8221;full_width&#8221; angled_section=&#8221;no&#8221; text_align=&#8221;left&#8221; background_image_as_pattern=&#8221;without_pattern&#8221; z_index=&#8221;&#8221; css=&#8221;.vc_custom_1729073364209{margin-left: 30px !important;}&#8221; el_class=&#8221;anticpeu&#8221;][vc_column width=&#8221;1\/3&#8243;][vc_empty_space][\/vc_column][vc_column width=&#8221;1\/3&#8243;][\/vc_column][vc_column width=&#8221;1\/3&#8243;][\/vc_column][\/vc_row]<\/p>\n","protected":false},"excerpt":{"rendered":"<p>[vc_row css_animation=&#8221;&#8221; row_type=&#8221;row&#8221; use_row_as_full_screen_section=&#8221;no&#8221; type=&#8221;full_width&#8221; angled_section=&#8221;no&#8221; text_align=&#8221;left&#8221; background_image_as_pattern=&#8221;without_pattern&#8221;][vc_column][rev_slider_vc alias=&#8221;4-anuncis-2&#8243;][\/vc_column][\/vc_row][vc_row css_animation=&#8221;&#8221; row_type=&#8221;row&#8221; use_row_as_full_screen_section=&#8221;no&#8221; type=&#8221;grid&#8221; angled_section=&#8221;no&#8221; text_align=&#8221;left&#8221; background_image_as_pattern=&#8221;without_pattern&#8221; background_color=&#8221;#ffffff&#8221; z_index=&#8221;&#8221; css=&#8221;.vc_custom_1667570714046{background-color: #fafafa !important;}&#8221;][vc_column][vc_row_inner row_type=&#8221;row&#8221; type=&#8221;full_width&#8221; text_align=&#8221;center&#8221; css_animation=&#8221;&#8221; css=&#8221;.vc_custom_1667571001876{margin-top: 55px !important;}&#8221;][vc_column_inner css=&#8221;.vc_custom_1667565854506{margin-top: 100px !important;}&#8221;][vc_single_image image=&#8221;3058&#8243; img_size=&#8221;full&#8221; alignment=&#8221;center&#8221; qode_css_animation=&#8221;&#8221;][\/vc_column_inner][\/vc_row_inner][vc_row_inner row_type=&#8221;row&#8221; type=&#8221;grid&#8221; text_align=&#8221;center&#8221; css_animation=&#8221;&#8221; el_class=&#8221;coltextintroobres&#8221;][vc_column_inner][vc_separator type=&#8221;small&#8221; position=&#8221;center&#8221; transparency=&#8221;1&#8243; thickness=&#8221;4&#8243; color=&#8221;#cbcccc&#8221; el_class=&#8221;linea_sep_1&#8243; width=&#8221;140&#8243; up=&#8221;40&#8243; down=&#8221;30&#8243;][vc_column_text el_class=&#8221;text_intro_1&#8243;]Distopia \u00e9s la trilogia d&#8217;Escandall Teatral on plantegem universos a partir de la manca de recursos naturals i com es desenvolupa la vida en aquesta societat. Amb Amagatalls Secrets, la primera part d&#8217;aquesta trilogia, hem creat un m\u00f3n on l&#8217;\u00fanica mat\u00e8ria que ens envolta \u00e9s el pl\u00e0stic. Amb la nostra segona part, Ecocidi, plantegem una realitat on s&#8217;ha extingit la vida dels arbres. Finalment, aquesta tercera i \u00faltima &#8220;distopia&#8221; tracta sobre la qualitat de l&#8217;aire i la dificultat per respirar.[\/vc_column_text][\/vc_column_inner][\/vc_row_inner][vc_row_inner row_type=&#8221;row&#8221; type=&#8221;grid&#8221; text_align=&#8221;center&#8221; css_animation=&#8221;&#8221; el_class=&#8221;trescolumnes&#8221; el_id=&#8221;trescolumnes_id&#8221;][vc_column_inner el_class=&#8221;cartellsobres&#8221; width=&#8221;1\/3&#8243;][\/vc_column_inner][vc_column_inner el_class=&#8221;cartellsobres&#8221; width=&#8221;1\/3&#8243;][\/vc_column_inner][vc_column_inner el_class=&#8221;cartellsobres&#8221; width=&#8221;1\/3&#8243;][\/vc_column_inner][\/vc_row_inner][vc_separator type=&#8221;normal&#8221; transparency=&#8221;1&#8243; thickness=&#8221;4&#8243; color=&#8221;#cbcccc&#8221; el_class=&#8221;linea_sep_1&#8243; up=&#8221;60&#8243; down=&#8221;30&#8243;][vc_single_image image=&#8221;3099&#8243; img_size=&#8221;279&#215;93&#8243;&#8230;<\/p>\n","protected":false},"author":1,"featured_media":0,"parent":0,"menu_order":0,"comment_status":"closed","ping_status":"closed","template":"full_width.php","meta":{"_exactmetrics_skip_tracking":false,"_exactmetrics_sitenote_active":false,"_exactmetrics_sitenote_note":"","_exactmetrics_sitenote_category":0,"footnotes":""},"class_list":["post-2443","page","type-page","status-publish","hentry"],"_links":{"self":[{"href":"https:\/\/escandallteatral.com\/ca\/wp-json\/wp\/v2\/pages\/2443","targetHints":{"allow":["GET"]}}],"collection":[{"href":"https:\/\/escandallteatral.com\/ca\/wp-json\/wp\/v2\/pages"}],"about":[{"href":"https:\/\/escandallteatral.com\/ca\/wp-json\/wp\/v2\/types\/page"}],"author":[{"embeddable":true,"href":"https:\/\/escandallteatral.com\/ca\/wp-json\/wp\/v2\/users\/1"}],"replies":[{"embeddable":true,"href":"https:\/\/escandallteatral.com\/ca\/wp-json\/wp\/v2\/comments?post=2443"}],"version-history":[{"count":84,"href":"https:\/\/escandallteatral.com\/ca\/wp-json\/wp\/v2\/pages\/2443\/revisions"}],"predecessor-version":[{"id":4421,"href":"https:\/\/escandallteatral.com\/ca\/wp-json\/wp\/v2\/pages\/2443\/revisions\/4421"}],"wp:attachment":[{"href":"https:\/\/escandallteatral.com\/ca\/wp-json\/wp\/v2\/media?parent=2443"}],"curies":[{"name":"wp","href":"https:\/\/api.w.org\/{rel}","templated":true}]}}