{"id":1900,"date":"2020-11-27T04:05:59","date_gmt":"2020-11-27T03:05:59","guid":{"rendered":"https:\/\/escandallteatral.com\/transparencia\/"},"modified":"2025-03-06T21:18:09","modified_gmt":"2025-03-06T20:18:09","slug":"transparencia","status":"publish","type":"page","link":"https:\/\/escandallteatral.com\/ca\/transparencia\/","title":{"rendered":"Transpar\u00e8ncia"},"content":{"rendered":"<p>[vc_row css_animation=&#8221;&#8221; row_type=&#8221;row&#8221; use_row_as_full_screen_section=&#8221;no&#8221; type=&#8221;grid&#8221; angled_section=&#8221;no&#8221; text_align=&#8221;left&#8221; background_image_as_pattern=&#8221;without_pattern&#8221; padding_top=&#8221;50&#8243; padding_bottom=&#8221;50&#8243; css=&#8221;.vc_custom_1555174046267{background-position: center !important;background-repeat: no-repeat !important;background-size: cover !important;}&#8221; z_index=&#8221;&#8221;][vc_column][qode_elements_holder number_of_columns=&#8221;one_column&#8221;][qode_elements_holder_item advanced_animations=&#8221;no&#8221; item_padding=&#8221;179px 0 0 0&#8243; item_padding_1280_1440=&#8221;150px 0 0 0&#8243; item_padding_1024_1280=&#8221;160px 0 0 0&#8243; item_padding_768_1024=&#8221;150px 0 0 0&#8243; item_padding_600_768=&#8221;100px 0 0 0&#8243; item_padding_480_600=&#8221;100px 0 0 0&#8243; item_padding_480=&#8221;100px 0 0 0&#8243;][vc_empty_space height=&#8221;1px&#8221;][\/qode_elements_holder_item][\/qode_elements_holder][vc_row_inner row_type=&#8221;row&#8221; type=&#8221;full_width&#8221; text_align=&#8221;left&#8221; css_animation=&#8221;&#8221;][vc_column_inner el_class=&#8221;colesq&#8221; width=&#8221;1\/3&#8243; offset=&#8221;vc_col-lg-4 vc_col-md-4&#8243;][vc_separator type=&#8221;small&#8221; position=&#8221;left&#8221; color=&#8221;#454545&#8243; transparency=&#8221;1&#8243; thickness=&#8221;8&#8243; width=&#8221;180&#8243; up=&#8221;26&#8243; down=&#8221;19&#8243;][vc_column_text el_class=&#8221;titol_text_legal&#8221;]<\/p>\n<h2>TRANSPAR\u00c8NCIA<\/h2>\n<p>[\/vc_column_text][vc_empty_space height=&#8221;50px&#8221;][\/vc_column_inner][vc_column_inner width=&#8221;2\/3&#8243; offset=&#8221;vc_col-lg-8 vc_col-md-8&#8243;][vc_separator type=&#8221;small&#8221; position=&#8221;left&#8221; color=&#8221;#454545&#8243; transparency=&#8221;1&#8243; thickness=&#8221;8&#8243; width=&#8221;180&#8243; up=&#8221;26&#8243; down=&#8221;19&#8243;][qode_elements_holder number_of_columns=&#8221;one_column&#8221;][vc_column_text el_class=&#8221;text_legal&#8221;]D&#8217;acord amb l&#8217;article 3.2 de la Llei 2\/2015, de 2 d&#8217;abril, de la Generalitat Valenciana, de transpar\u00e8ncia, bon govern i participaci\u00f3 (DOGV 7500,08\/04\/2015) Xarxa Teatre S.L. ha rebut ajudes del Institut Valenci\u00e0 de Cultura per valor de 130.000,00 \u20ac per a l&#8217;any 2024 i 130.000,00\u20ac per a l&#8217;any 2025\u00a0 per a les produccions de La Serena de la Mar i Babel de Xarxa Teatre, aix\u00ed com, la gira 2024-2025, l&#8217;assist\u00e8ncia a Fires i l&#8217;edici\u00f3 de la revista Fiestacultura.[\/vc_column_text][\/qode_elements_holder][vc_column_text el_class=&#8221;text_legal&#8221;]&#8212;&#8212;&#8212;&#8212;&#8212;&#8212;&#8212;&#8212;&#8212;&#8212;&#8212;&#8212;&#8212;&#8212;&#8212;&#8212;&#8212;&#8212;&#8212;&#8212;&#8212;&#8212;&#8212;&#8212;&#8212;&#8212;&#8212;&#8212;&#8212;&#8212;&#8212;&#8211;[\/vc_column_text][qode_elements_holder number_of_columns=&#8221;one_column&#8221;][vc_column_text el_class=&#8221;text_legal&#8221;]D&#8217;acord amb l&#8217;article 3.2 de la Llei 2\/2015, de 2 d&#8217;abril, de la Generalitat Valenciana, de transpar\u00e8ncia, bon govern i participaci\u00f3 (DOGV 7500,08\/04\/2015) Xarxa Teatre S.L. ha rebut ajudes de la Conselleria d\u2019Ind\u00fastria, menjar i turisme de la Generalitat Valenciana, per al suporta la promoci\u00f3 exterior de la Comunitat Valenciana 2023 per un valor de 7.383,97 \u20ac.[\/vc_column_text][\/qode_elements_holder][vc_column_text el_class=&#8221;text_legal&#8221;]&#8212;&#8212;&#8212;&#8212;&#8212;&#8212;&#8212;&#8212;&#8212;&#8212;&#8212;&#8212;&#8212;&#8212;&#8212;&#8212;&#8212;&#8212;&#8212;&#8212;&#8212;&#8212;&#8212;&#8212;&#8212;&#8212;&#8212;&#8212;&#8212;&#8212;&#8212;&#8211;[\/vc_column_text][qode_elements_holder number_of_columns=&#8221;one_column&#8221;][qode_elements_holder_item advanced_animations=&#8221;no&#8221;][vc_column_text el_class=&#8221;text_legal&#8221;]D&#8217;acord amb l&#8217;article 3.2 de la Llei 2\/2015, de 2 d&#8217;abril, de la Generalitat Valenciana, de transpar\u00e8ncia, bon govern i participaci\u00f3 (DOGV 7500,08\/04\/2015) Xarxa Teatre S.L. ha rebut ajudes del Institut Valenci\u00e0 de Cultura per valor de 125.814,00 \u20ac per a l&#8217;any 2022 i 130.000,00\u20ac per a l&#8217;any 2023\u00a0 per a la coproducci\u00f3 internacional XL, aix\u00ed com, la gira dels 40 anys (2022-2023), l&#8217;assist\u00e8ncia a Fires i l&#8217;edici\u00f3 de la revista Fiestacultura[\/vc_column_text][\/qode_elements_holder_item][\/qode_elements_holder][qode_elements_holder number_of_columns=&#8221;one_column&#8221;][qode_elements_holder_item advanced_animations=&#8221;no&#8221;][vc_column_text el_class=&#8221;text_legal&#8221;]&#8212;&#8212;&#8212;&#8212;&#8212;&#8212;&#8212;&#8212;&#8212;&#8212;&#8212;&#8212;&#8212;&#8212;&#8212;&#8212;&#8212;&#8212;&#8212;&#8212;&#8212;&#8212;&#8212;&#8212;&#8212;&#8212;&#8212;&#8212;&#8212;&#8212;&#8212;&#8211;[\/vc_column_text][\/qode_elements_holder_item][\/qode_elements_holder][qode_elements_holder number_of_columns=&#8221;one_column&#8221;][qode_elements_holder_item advanced_animations=&#8221;no&#8221;][vc_column_text el_class=&#8221;text_legal&#8221;]D&#8217;acord amb l&#8217;article 3.2 de la Llei 2\/2015, de 2 d&#8217;abril, de la Generalitat Valenciana, de transpar\u00e8ncia, bon govern i participaci\u00f3\u00a0(DOGV 7500,08\/04\/2015) Xarxa Teatre S.L. ha rebut durant l&#8217;any 2021 ajudes del Institut Valenci\u00e0 de la Cultura per valor de 74.848\u20ac \u20ac repartides de la manera seg\u00fcent:<\/p>\n<p>7.348\u20ac per a la assistencia de la Mostra d\u2019Alcoi, Fia T\u00e1rrega, Umore Azoka i Mercartes.<\/p>\n<p>7.500 \u20ac com a subvenci\u00f3 per a la revista internacional quadrimestral Fiestacultura.<\/p>\n<p>60.000 \u20ac per a la producci\u00f3 de Bioh\u00e0bitat, la tercera part de la trilogia Distopia.[\/vc_column_text][\/qode_elements_holder_item][\/qode_elements_holder][qode_elements_holder number_of_columns=&#8221;one_column&#8221;][qode_elements_holder_item advanced_animations=&#8221;no&#8221;][vc_column_text el_class=&#8221;text_legal&#8221;]<span style=\"color: #000000;\">&#8212;&#8212;&#8212;&#8212;&#8212;&#8212;&#8212;&#8212;&#8212;&#8212;&#8212;&#8212;&#8212;&#8212;&#8212;&#8212;&#8212;&#8212;&#8212;&#8212;&#8212;&#8212;&#8212;&#8212;&#8212;&#8212;&#8212;&#8212;&#8212;&#8212;&#8212;&#8211;<\/span>[\/vc_column_text][\/qode_elements_holder_item][\/qode_elements_holder][qode_elements_holder number_of_columns=&#8221;one_column&#8221;][qode_elements_holder_item advanced_animations=&#8221;no&#8221;][vc_column_text el_class=&#8221;text_legal&#8221;]D&#8217;acord amb l&#8217;article 3.2 de la Llei 2\/2015, de 2 d&#8217;abril, de la Generalitat Valenciana, de transpar\u00e8ncia, bon govern i participaci\u00f3\u00a0(DOGV 7500,08\/04\/2015) Xarxa Teatre S.L. ha rebut durant l&#8217;any 2020 ajudes del Institut Valenci\u00e0 de la Cultura per valor de 68.717,00 \u20ac repartides de la manera seg\u00fcent:<\/p>\n<p>3.117\u20ac per a sufragar les p\u00e8rdues ocasionades per les suspensions XX a Vit\u00f2ria i Ves-los e Ventes en Pforzheim (Alemanya) previstes i no executades en 2020 a causa de la COVID-19<\/p>\n<p>5.600 \u20ac com a subvenci\u00f3 per a la revista internacional quadrimestral \u00a0Fiestacultura i per l&#8217;edici\u00f3 del llibre Paisatges Esc\u00e8nics.<\/p>\n<p>60.000 \u20ac per a la producci\u00f3 de Ecocidi, la segona part de la trilogia Distopia.[\/vc_column_text][\/qode_elements_holder_item][\/qode_elements_holder][\/vc_column_inner][\/vc_row_inner][qode_elements_holder number_of_columns=&#8221;one_column&#8221;][qode_elements_holder_item advanced_animations=&#8221;no&#8221; item_padding=&#8221;0px 0 179px 0&#8243; item_padding_1280_1440=&#8221;150px 0 0 0&#8243; item_padding_1024_1280=&#8221;160px 0 0 0&#8243; item_padding_768_1024=&#8221;0px 0 150px 0&#8243; item_padding_600_768=&#8221;100px 0 0 0&#8243; item_padding_480_600=&#8221;100px 0 0 0&#8243; item_padding_480=&#8221;100px 0 0 0&#8243;][vc_empty_space height=&#8221;1px&#8221;][\/qode_elements_holder_item][\/qode_elements_holder][\/vc_column][\/vc_row]<\/p>\n","protected":false},"excerpt":{"rendered":"<p>[vc_row css_animation=&#8221;&#8221; row_type=&#8221;row&#8221; use_row_as_full_screen_section=&#8221;no&#8221; type=&#8221;grid&#8221; angled_section=&#8221;no&#8221; text_align=&#8221;left&#8221; background_image_as_pattern=&#8221;without_pattern&#8221; padding_top=&#8221;50&#8243; padding_bottom=&#8221;50&#8243; css=&#8221;.vc_custom_1555174046267{background-position: center !important;background-repeat: no-repeat !important;background-size: cover !important;}&#8221; z_index=&#8221;&#8221;][vc_column][qode_elements_holder number_of_columns=&#8221;one_column&#8221;][qode_elements_holder_item advanced_animations=&#8221;no&#8221; item_padding=&#8221;179px 0 0 0&#8243; item_padding_1280_1440=&#8221;150px 0 0 0&#8243; item_padding_1024_1280=&#8221;160px 0 0 0&#8243; item_padding_768_1024=&#8221;150px 0 0 0&#8243; item_padding_600_768=&#8221;100px 0 0 0&#8243; item_padding_480_600=&#8221;100px 0 0 0&#8243; item_padding_480=&#8221;100px 0 0 0&#8243;][vc_empty_space height=&#8221;1px&#8221;][\/qode_elements_holder_item][\/qode_elements_holder][vc_row_inner row_type=&#8221;row&#8221; type=&#8221;full_width&#8221; text_align=&#8221;left&#8221; css_animation=&#8221;&#8221;][vc_column_inner el_class=&#8221;colesq&#8221; width=&#8221;1\/3&#8243; offset=&#8221;vc_col-lg-4 vc_col-md-4&#8243;][vc_separator type=&#8221;small&#8221; position=&#8221;left&#8221; color=&#8221;#454545&#8243; transparency=&#8221;1&#8243; thickness=&#8221;8&#8243; width=&#8221;180&#8243; up=&#8221;26&#8243; down=&#8221;19&#8243;][vc_column_text el_class=&#8221;titol_text_legal&#8221;] TRANSPAR\u00c8NCIA [\/vc_column_text][vc_empty_space height=&#8221;50px&#8221;][\/vc_column_inner][vc_column_inner width=&#8221;2\/3&#8243; offset=&#8221;vc_col-lg-8 vc_col-md-8&#8243;][vc_separator type=&#8221;small&#8221; position=&#8221;left&#8221; color=&#8221;#454545&#8243; transparency=&#8221;1&#8243; thickness=&#8221;8&#8243; width=&#8221;180&#8243; up=&#8221;26&#8243; down=&#8221;19&#8243;][qode_elements_holder number_of_columns=&#8221;one_column&#8221;][vc_column_text el_class=&#8221;text_legal&#8221;]D&#8217;acord amb l&#8217;article 3.2 de la Llei 2\/2015, de 2 d&#8217;abril, de la Generalitat Valenciana, de transpar\u00e8ncia, bon govern i participaci\u00f3 (DOGV 7500,08\/04\/2015) Xarxa Teatre S.L. ha rebut ajudes del Institut Valenci\u00e0 de Cultura per valor de 130.000,00 \u20ac per a l&#8217;any 2024 i 130.000,00\u20ac per a l&#8217;any 2025\u00a0 per a les produccions de La Serena de la Mar i Babel de Xarxa Teatre, aix\u00ed com, la gira 2024-2025,&#8230;<\/p>\n","protected":false},"author":1,"featured_media":0,"parent":0,"menu_order":0,"comment_status":"closed","ping_status":"closed","template":"full_width.php","meta":{"_exactmetrics_skip_tracking":false,"_exactmetrics_sitenote_active":false,"_exactmetrics_sitenote_note":"","_exactmetrics_sitenote_category":0,"footnotes":""},"class_list":["post-1900","page","type-page","status-publish","hentry"],"_links":{"self":[{"href":"https:\/\/escandallteatral.com\/ca\/wp-json\/wp\/v2\/pages\/1900","targetHints":{"allow":["GET"]}}],"collection":[{"href":"https:\/\/escandallteatral.com\/ca\/wp-json\/wp\/v2\/pages"}],"about":[{"href":"https:\/\/escandallteatral.com\/ca\/wp-json\/wp\/v2\/types\/page"}],"author":[{"embeddable":true,"href":"https:\/\/escandallteatral.com\/ca\/wp-json\/wp\/v2\/users\/1"}],"replies":[{"embeddable":true,"href":"https:\/\/escandallteatral.com\/ca\/wp-json\/wp\/v2\/comments?post=1900"}],"version-history":[{"count":49,"href":"https:\/\/escandallteatral.com\/ca\/wp-json\/wp\/v2\/pages\/1900\/revisions"}],"predecessor-version":[{"id":4496,"href":"https:\/\/escandallteatral.com\/ca\/wp-json\/wp\/v2\/pages\/1900\/revisions\/4496"}],"wp:attachment":[{"href":"https:\/\/escandallteatral.com\/ca\/wp-json\/wp\/v2\/media?parent=1900"}],"curies":[{"name":"wp","href":"https:\/\/api.w.org\/{rel}","templated":true}]}}