{"id":1759,"date":"2020-01-27T21:12:03","date_gmt":"2020-01-27T20:12:03","guid":{"rendered":"https:\/\/escandallteatral.com\/obres\/"},"modified":"2020-01-27T21:12:04","modified_gmt":"2020-01-27T20:12:04","slug":"obres","status":"publish","type":"page","link":"https:\/\/escandallteatral.com\/ca\/obres\/","title":{"rendered":"Obres"},"content":{"rendered":"<p>[vc_row css_animation=&#8221;&#8221; row_type=&#8221;row&#8221; use_row_as_full_screen_section=&#8221;no&#8221; type=&#8221;grid&#8221; angled_section=&#8221;no&#8221; text_align=&#8221;left&#8221; background_image_as_pattern=&#8221;without_pattern&#8221; padding_top=&#8221;50&#8243; padding_bottom=&#8221;50&#8243; css=&#8221;.vc_custom_1579145077142{background-image: url(https:\/\/escandallteatral.com\/wp-content\/uploads\/2020\/01\/H3B4966_peq2.jpg?id=1543) !important;background-position: center !important;background-repeat: no-repeat !important;background-size: cover !important;}&#8221; z_index=&#8221;&#8221;][vc_column][qode_elements_holder number_of_columns=&#8221;one_column&#8221;][qode_elements_holder_item item_padding=&#8221;179px 0 0 0&#8243; advanced_animations=&#8221;no&#8221; item_padding_1280_1440=&#8221;150px 0 0 0&#8243; item_padding_1024_1280=&#8221;160px 0 0 0&#8243; item_padding_768_1024=&#8221;150px 0 0 0&#8243; item_padding_600_768=&#8221;100px 0 0 0&#8243; item_padding_480_600=&#8221;100px 0 0 0&#8243; item_padding_480=&#8221;100px 0 0 0&#8243;][vc_empty_space height=&#8221;1px&#8221;][\/qode_elements_holder_item][\/qode_elements_holder][vc_row_inner row_type=&#8221;row&#8221; type=&#8221;full_width&#8221; text_align=&#8221;left&#8221; css_animation=&#8221;&#8221;][vc_column_inner offset=&#8221;vc_col-md-6&#8243;][vc_separator type=&#8221;small&#8221; position=&#8221;left&#8221; color=&#8221;#ffffff&#8221; transparency=&#8221;1&#8243; thickness=&#8221;8&#8243; width=&#8221;180&#8243; up=&#8221;26&#8243; down=&#8221;19&#8243;][vc_column_text]<\/p>\n<h1>Obres<\/h1>\n<p>[\/vc_column_text][qode_elements_holder number_of_columns=&#8221;one_column&#8221;][qode_elements_holder_item item_padding=&#8221;48px 177px 0 0&#8243; advanced_animations=&#8221;no&#8221; item_padding_768_1024=&#8221;0px 10px 0 0&#8243; item_padding_600_768=&#8221;48px 0px 0 0&#8243; item_padding_480_600=&#8221;48px 0px 0 0&#8243; item_padding_480=&#8221;48px 0px 0 0&#8243;][\/qode_elements_holder_item][\/qode_elements_holder][vc_empty_space height=&#8221;50px&#8221;][\/vc_column_inner][vc_column_inner offset=&#8221;vc_col-md-6&#8243;][vc_separator type=&#8221;small&#8221; position=&#8221;left&#8221; color=&#8221;#ffffff&#8221; transparency=&#8221;1&#8243; thickness=&#8221;8&#8243; width=&#8221;180&#8243; up=&#8221;26&#8243; down=&#8221;19&#8243;][qode_elements_holder number_of_columns=&#8221;one_column&#8221;][qode_elements_holder_item item_padding=&#8221;0px 0px 40px 0px&#8221; advanced_animations=&#8221;no&#8221;][vc_column_text]Escandall Teatral conta amb dues obres en cartell en aquests moments. \u201cXX\u201d, tres tres accions sobre la societat patriarcal y \u201cDistopia\u201d, el nostre comprom\u00eds per l&#8217;ecologia i la lluita contra el canvi clim\u00e0tic, una obra que reflexiona sobre la vida dels \u00e9ssers humans en un futur pr\u00f2xim.[\/vc_column_text][\/qode_elements_holder_item][\/qode_elements_holder][qode_elements_holder number_of_columns=&#8221;two_columns&#8221;][qode_elements_holder_item item_padding=&#8221;0px 10px 0px 0px&#8221; advanced_animations=&#8221;no&#8221;][vc_single_image image=&#8221;1511&#8243; img_size=&#8221;large&#8221; qode_css_animation=&#8221;&#8221;][vc_column_text css=&#8221;.vc_custom_1579782329130{padding-top: 20px !important;}&#8221;]<span style=\"color: #33cccc;\"><a style=\"color: #33cccc;\" href=\"https:\/\/escandallteatral.com\/ca\/amagatalls-secrets\/\">Coneix &#8220;Distopia&#8221;<\/a> &gt;<\/span>[\/vc_column_text][\/qode_elements_holder_item][qode_elements_holder_item item_padding=&#8221;0px 0px 0px 10px&#8221; advanced_animations=&#8221;no&#8221;][vc_single_image image=&#8221;1515&#8243; img_size=&#8221;large&#8221; qode_css_animation=&#8221;&#8221;][vc_column_text css=&#8221;.vc_custom_1579782342056{padding-top: 20px !important;}&#8221;]<span style=\"color: #33cccc;\"><a style=\"color: #33cccc;\" href=\"https:\/\/escandallteatral.com\/ca\/xx\/\">Coneix &#8220;XX&#8221;<\/a> &gt;<\/span>[\/vc_column_text][\/qode_elements_holder_item][\/qode_elements_holder][\/vc_column_inner][\/vc_row_inner][qode_elements_holder number_of_columns=&#8221;one_column&#8221;][qode_elements_holder_item item_padding=&#8221;0px 0 179px 0&#8243; advanced_animations=&#8221;no&#8221; item_padding_1280_1440=&#8221;150px 0 0 0&#8243; item_padding_1024_1280=&#8221;160px 0 0 0&#8243; item_padding_768_1024=&#8221;0px 0 150px 0&#8243; item_padding_600_768=&#8221;100px 0 0 0&#8243; item_padding_480_600=&#8221;100px 0 0 0&#8243; item_padding_480=&#8221;100px 0 0 0&#8243;][vc_empty_space height=&#8221;1px&#8221;][\/qode_elements_holder_item][\/qode_elements_holder][\/vc_column][\/vc_row][vc_row css_animation=&#8221;&#8221; row_type=&#8221;row&#8221; use_row_as_full_screen_section=&#8221;no&#8221; type=&#8221;grid&#8221; angled_section=&#8221;no&#8221; text_align=&#8221;left&#8221; background_image_as_pattern=&#8221;without_pattern&#8221; padding_top=&#8221;50&#8243; padding_bottom=&#8221;50&#8243; css=&#8221;.vc_custom_1579778432213{background: #f9f9f9 url(https:\/\/escandallteatral.com\/wp-content\/uploads\/2020\/01\/fons_distopia.jpg?id=1567) !important;background-position: center !important;background-repeat: no-repeat !important;background-size: cover !important;}&#8221; z_index=&#8221;&#8221;][vc_column][qode_elements_holder number_of_columns=&#8221;one_column&#8221;][qode_elements_holder_item item_padding=&#8221;179px 0 0 0&#8243; advanced_animations=&#8221;no&#8221; item_padding_1280_1440=&#8221;150px 0 0 0&#8243; item_padding_1024_1280=&#8221;160px 0 0 0&#8243; item_padding_768_1024=&#8221;150px 0 0 0&#8243; item_padding_600_768=&#8221;100px 0 0 0&#8243; item_padding_480_600=&#8221;100px 0 0 0&#8243; item_padding_480=&#8221;100px 0 0 0&#8243;][vc_empty_space height=&#8221;1px&#8221;][\/qode_elements_holder_item][\/qode_elements_holder][vc_row_inner row_type=&#8221;row&#8221; type=&#8221;full_width&#8221; text_align=&#8221;left&#8221; css_animation=&#8221;&#8221;][vc_column_inner offset=&#8221;vc_col-md-6&#8243;][vc_separator type=&#8221;small&#8221; position=&#8221;left&#8221; color=&#8221;#ffffff&#8221; transparency=&#8221;1&#8243; thickness=&#8221;8&#8243; width=&#8221;180&#8243; up=&#8221;26&#8243; down=&#8221;19&#8243;][vc_column_text]<\/p>\n<h1>&#8220;Distopia&#8221;<\/h1>\n<p>[\/vc_column_text][vc_empty_space height=&#8221;50px&#8221;][vc_video link=&#8221;https:\/\/vimeo.com\/384176698\/066e9810e6&#8243; el_width=&#8221;60&#8243;][\/vc_column_inner][vc_column_inner offset=&#8221;vc_col-md-6&#8243;][vc_separator type=&#8221;small&#8221; position=&#8221;left&#8221; color=&#8221;#ffffff&#8221; transparency=&#8221;1&#8243; thickness=&#8221;8&#8243; width=&#8221;180&#8243; up=&#8221;26&#8243; down=&#8221;19&#8243;][qode_elements_holder number_of_columns=&#8221;one_column&#8221;][qode_elements_holder_item advanced_animations=&#8221;no&#8221;][vc_column_text css=&#8221;.vc_custom_1579779049375{padding-top: 20px !important;}&#8221;]Els humans hem estat capa\u00e7os d\u2019evolucionar, de crear, de construir, d\u2019inventar i d\u2019innovar. Som una esp\u00e8cie dotada d\u2019intel\u00b7lig\u00e8ncia suficient com per desenvolupar tot all\u00f2 que ens proposem. Desgraciadament, aquestes \u00e0nsies d\u2019aconseguir una vida millor,<br \/>\nde crear un m\u00f3n ut\u00f2pic, est\u00e0 acabant amb la Mare Terra.<\/p>\n<p>El pl\u00e0stic, en el seu moment, va ser un invent revolucionari,<br \/>\nm\u00e9s resistent als colps que el vidre, m\u00e9s lleuger, m\u00e9s maleable per\u00f2 suficientment r\u00edgid com per crear tot all\u00f2 que se\u2019ns puga oc\u00f2rrer. Encara que, malauradament, m\u00e9s dif\u00edcil de fer desapar\u00e8ixer.<\/p>\n<p>&nbsp;<\/p>\n<p><span style=\"color: #33cccc;\"><a style=\"color: #33cccc;\" href=\"https:\/\/escandallteatral.com\/ca\/amagatalls-secrets\/\">Conoce Distopia<\/a>\u00a0&gt;<\/span>[\/vc_column_text][\/qode_elements_holder_item][\/qode_elements_holder][\/vc_column_inner][\/vc_row_inner][qode_elements_holder number_of_columns=&#8221;one_column&#8221;][qode_elements_holder_item item_padding=&#8221;0 0 200px 0&#8243; advanced_animations=&#8221;no&#8221; item_padding_1280_1440=&#8221;150px 0 0 0&#8243; item_padding_1024_1280=&#8221;160px 0 0 0&#8243; item_padding_768_1024=&#8221;150px 0 0 0&#8243; item_padding_600_768=&#8221;100px 0 0 0&#8243; item_padding_480_600=&#8221;100px 0 0 0&#8243; item_padding_480=&#8221;100px 0 0 0&#8243;][vc_empty_space height=&#8221;1px&#8221;][\/qode_elements_holder_item][\/qode_elements_holder][\/vc_column][\/vc_row][vc_row css_animation=&#8221;&#8221; row_type=&#8221;row&#8221; use_row_as_full_screen_section=&#8221;no&#8221; type=&#8221;grid&#8221; angled_section=&#8221;no&#8221; text_align=&#8221;left&#8221; background_image_as_pattern=&#8221;without_pattern&#8221; padding_top=&#8221;50&#8243; padding_bottom=&#8221;50&#8243; css=&#8221;.vc_custom_1579779661694{background: #f9f9f9 url(https:\/\/escandallteatral.com\/wp-content\/uploads\/2019\/03\/Q6Y1915b.jpg?id=281) !important;background-position: center !important;background-repeat: no-repeat !important;background-size: cover !important;}&#8221; z_index=&#8221;&#8221;][vc_column][qode_elements_holder number_of_columns=&#8221;one_column&#8221;][qode_elements_holder_item item_padding=&#8221;179px 0 0 0&#8243; advanced_animations=&#8221;no&#8221; item_padding_1280_1440=&#8221;150px 0 0 0&#8243; item_padding_1024_1280=&#8221;160px 0 0 0&#8243; item_padding_768_1024=&#8221;150px 0 0 0&#8243; item_padding_600_768=&#8221;100px 0 0 0&#8243; item_padding_480_600=&#8221;100px 0 0 0&#8243; item_padding_480=&#8221;100px 0 0 0&#8243;][vc_empty_space height=&#8221;1px&#8221;][\/qode_elements_holder_item][\/qode_elements_holder][vc_row_inner row_type=&#8221;row&#8221; type=&#8221;full_width&#8221; text_align=&#8221;left&#8221; css_animation=&#8221;&#8221;][vc_column_inner offset=&#8221;vc_col-md-6&#8243;][vc_separator type=&#8221;small&#8221; position=&#8221;left&#8221; color=&#8221;#ffffff&#8221; transparency=&#8221;1&#8243; thickness=&#8221;8&#8243; width=&#8221;180&#8243; up=&#8221;26&#8243; down=&#8221;19&#8243;][vc_column_text]<\/p>\n<h1>&#8220;XX&#8221;<\/h1>\n<h2>TRES ACCIONES SOBRE<br \/>\nLA SOCIEDAD PATRIARCAL<\/h2>\n<p>[\/vc_column_text][vc_empty_space height=&#8221;50px&#8221;][vc_video link=&#8221;https:\/\/youtu.be\/R2qgkDajFYQ&#8221; el_width=&#8221;60&#8243;][\/vc_column_inner][vc_column_inner offset=&#8221;vc_col-md-6&#8243;][vc_separator type=&#8221;small&#8221; position=&#8221;left&#8221; color=&#8221;#ffffff&#8221; transparency=&#8221;1&#8243; thickness=&#8221;8&#8243; width=&#8221;180&#8243; up=&#8221;26&#8243; down=&#8221;19&#8243;][qode_elements_holder number_of_columns=&#8221;one_column&#8221;][qode_elements_holder_item advanced_animations=&#8221;no&#8221;][vc_column_text css=&#8221;.vc_custom_1579779786477{padding-top: 20px !important;}&#8221;]La vida en un sistema patriarcal on tant homes com dones hem constru\u00eft el nostre comportament i desenvolupament personal sobre la base d&#8217;un esquema desfasat respecte a la dona. En la nostra societat s&#8217;han normalitzat una s\u00e8rie de comportaments que no haurien de tindre cabuda en l&#8217;\u00e8poca que estem vivint. XX reflecteix la realitat de les dones actuals utilitzant les seues viv\u00e8ncies quotidianes des d&#8217;un punt de vista pl\u00e0stic i esc\u00e8nic.[\/vc_column_text][\/qode_elements_holder_item][\/qode_elements_holder][\/vc_column_inner][\/vc_row_inner][qode_elements_holder number_of_columns=&#8221;one_column&#8221;][qode_elements_holder_item item_padding=&#8221;0 0 200px 0&#8243; advanced_animations=&#8221;no&#8221; item_padding_1280_1440=&#8221;150px 0 0 0&#8243; item_padding_1024_1280=&#8221;160px 0 0 0&#8243; item_padding_768_1024=&#8221;150px 0 0 0&#8243; item_padding_600_768=&#8221;100px 0 0 0&#8243; item_padding_480_600=&#8221;100px 0 0 0&#8243; item_padding_480=&#8221;100px 0 0 0&#8243;][vc_empty_space height=&#8221;1px&#8221;][\/qode_elements_holder_item][\/qode_elements_holder][\/vc_column][\/vc_row][vc_row css_animation=&#8221;&#8221; row_type=&#8221;row&#8221; use_row_as_full_screen_section=&#8221;no&#8221; type=&#8221;grid&#8221; angled_section=&#8221;no&#8221; text_align=&#8221;center&#8221; background_image_as_pattern=&#8221;without_pattern&#8221; css=&#8221;.vc_custom_1579783130625{background-image: url(https:\/\/escandallteatral.com\/wp-content\/uploads\/2020\/01\/A_13_11_31_H3B6955_web.jpg?id=1587) !important;background-position: center !important;background-repeat: no-repeat !important;background-size: cover !important;}&#8221; z_index=&#8221;&#8221;][vc_column][qode_elements_holder number_of_columns=&#8221;one_column&#8221;][qode_elements_holder_item item_padding=&#8221;378px 0 0 0&#8243; advanced_animations=&#8221;no&#8221; item_padding_1280_1440=&#8221;150px 0 0 0&#8243; item_padding_1024_1280=&#8221;150px 0 0 0&#8243; item_padding_768_1024=&#8221;150px 0 0 0&#8243; item_padding_600_768=&#8221;100px 0 0 0&#8243; item_padding_480_600=&#8221;100px 0 0 0&#8243; item_padding_480=&#8221;100px 0 0 0&#8243;][vc_empty_space height=&#8221;1px&#8221;][\/qode_elements_holder_item][\/qode_elements_holder][vc_column_text]<\/p>\n<h1>Xarxes<\/h1>\n<p>[\/vc_column_text][vc_separator type=&#8221;small&#8221; position=&#8221;center&#8221; color=&#8221;#ffffff&#8221; transparency=&#8221;1&#8243; thickness=&#8221;5&#8243; width=&#8221;180&#8243; up=&#8221;20&#8243; down=&#8221;15&#8243;][vc_column_text]<\/p>\n<h3>Segueix el nostre projecte en Xarxes Socials<\/h3>\n<p>[\/vc_column_text][vc_empty_space height=&#8221;59px&#8221;]<span class='q_social_icon_holder normal_social' data-color=#ffffff data-hover-color=#000000><a itemprop='url' href='https:\/\/www.instagram.com\/escandallteatral\/' target='_blank'><i class=\"qode_icon_font_awesome fa fa-instagram fa-2x simple_social\" style=\"color: #ffffff;margin: 0 10px 10px 0;\" ><\/i><\/a><\/span><span class='q_social_icon_holder normal_social' data-color=#ffffff data-hover-color=#000000><a itemprop='url' href='https:\/\/www.facebook.com\/escandallteatral\/' target='_blank'><i class=\"qode_icon_font_awesome fa fa-facebook fa-2x simple_social\" style=\"color: #ffffff;margin: 0 10px 10px 0;\" ><\/i><\/a><\/span><span class='q_social_icon_holder normal_social' data-color=#ffffff data-hover-color=#000000><a itemprop='url' href='https:\/\/www.youtube.com\/channel\/UCaDXtrLm-haxROqXqttjWXw' target='_blank'><i class=\"qode_icon_font_awesome fa fa-youtube-play fa-2x simple_social\" style=\"color: #ffffff;margin: 0 10px 10px 0;\" ><\/i><\/a><\/span>[qode_elements_holder number_of_columns=&#8221;one_column&#8221;][qode_elements_holder_item item_padding=&#8221;298px 0 0 0&#8243; advanced_animations=&#8221;no&#8221; item_padding_1280_1440=&#8221;150px 0 0 0&#8243; item_padding_1024_1280=&#8221;150px 0 0 0&#8243; item_padding_768_1024=&#8221;150px 0 0 0&#8243; item_padding_600_768=&#8221;100px 0 0 0&#8243; item_padding_480_600=&#8221;100px 0 0 0&#8243; item_padding_480=&#8221;100px 0 0 0&#8243;][vc_empty_space height=&#8221;12px&#8221;][\/qode_elements_holder_item][\/qode_elements_holder][vc_column_text]\u00a9 Escandall Teatral. 2019[\/vc_column_text][qode_elements_holder number_of_columns=&#8221;one_column&#8221;][qode_elements_holder_item item_padding=&#8221;0px 0 150px 0&#8243; advanced_animations=&#8221;no&#8221;][vc_empty_space height=&#8221;1px&#8221;][\/qode_elements_holder_item][\/qode_elements_holder][\/vc_column][\/vc_row]<\/p>\n","protected":false},"excerpt":{"rendered":"<p>[vc_row css_animation=&#8221;&#8221; row_type=&#8221;row&#8221; use_row_as_full_screen_section=&#8221;no&#8221; type=&#8221;grid&#8221; angled_section=&#8221;no&#8221; text_align=&#8221;left&#8221; background_image_as_pattern=&#8221;without_pattern&#8221; padding_top=&#8221;50&#8243; padding_bottom=&#8221;50&#8243; css=&#8221;.vc_custom_1579145077142{background-image: url(https:\/\/escandallteatral.com\/wp-content\/uploads\/2020\/01\/H3B4966_peq2.jpg?id=1543) !important;background-position: center !important;background-repeat: no-repeat !important;background-size: cover !important;}&#8221; z_index=&#8221;&#8221;][vc_column][qode_elements_holder number_of_columns=&#8221;one_column&#8221;][qode_elements_holder_item item_padding=&#8221;179px 0 0 0&#8243; advanced_animations=&#8221;no&#8221; item_padding_1280_1440=&#8221;150px 0 0 0&#8243; item_padding_1024_1280=&#8221;160px 0 0 0&#8243; item_padding_768_1024=&#8221;150px 0 0 0&#8243; item_padding_600_768=&#8221;100px 0 0 0&#8243; item_padding_480_600=&#8221;100px 0 0 0&#8243; item_padding_480=&#8221;100px 0 0 0&#8243;][vc_empty_space height=&#8221;1px&#8221;][\/qode_elements_holder_item][\/qode_elements_holder][vc_row_inner row_type=&#8221;row&#8221; type=&#8221;full_width&#8221; text_align=&#8221;left&#8221; css_animation=&#8221;&#8221;][vc_column_inner offset=&#8221;vc_col-md-6&#8243;][vc_separator type=&#8221;small&#8221; position=&#8221;left&#8221; color=&#8221;#ffffff&#8221; transparency=&#8221;1&#8243; thickness=&#8221;8&#8243; width=&#8221;180&#8243; up=&#8221;26&#8243; down=&#8221;19&#8243;][vc_column_text] Obres [\/vc_column_text][qode_elements_holder number_of_columns=&#8221;one_column&#8221;][qode_elements_holder_item item_padding=&#8221;48px 177px 0 0&#8243; advanced_animations=&#8221;no&#8221; item_padding_768_1024=&#8221;0px 10px 0 0&#8243; item_padding_600_768=&#8221;48px 0px 0 0&#8243; item_padding_480_600=&#8221;48px 0px 0 0&#8243; item_padding_480=&#8221;48px 0px 0 0&#8243;][\/qode_elements_holder_item][\/qode_elements_holder][vc_empty_space height=&#8221;50px&#8221;][\/vc_column_inner][vc_column_inner offset=&#8221;vc_col-md-6&#8243;][vc_separator type=&#8221;small&#8221; position=&#8221;left&#8221; color=&#8221;#ffffff&#8221; transparency=&#8221;1&#8243; thickness=&#8221;8&#8243; width=&#8221;180&#8243; up=&#8221;26&#8243; down=&#8221;19&#8243;][qode_elements_holder number_of_columns=&#8221;one_column&#8221;][qode_elements_holder_item item_padding=&#8221;0px 0px 40px 0px&#8221; advanced_animations=&#8221;no&#8221;][vc_column_text]Escandall Teatral conta amb dues obres en cartell en aquests moments. \u201cXX\u201d, tres tres accions sobre la societat patriarcal y \u201cDistopia\u201d, el nostre comprom\u00eds per l&#8217;ecologia i la lluita contra el canvi clim\u00e0tic, una obra que reflexiona sobre la vida dels \u00e9ssers humans en un futur pr\u00f2xim.[\/vc_column_text][\/qode_elements_holder_item][\/qode_elements_holder][qode_elements_holder&#8230;<\/p>\n","protected":false},"author":1,"featured_media":0,"parent":0,"menu_order":0,"comment_status":"closed","ping_status":"closed","template":"full_width.php","meta":{"_exactmetrics_skip_tracking":false,"_exactmetrics_sitenote_active":false,"_exactmetrics_sitenote_note":"","_exactmetrics_sitenote_category":0,"footnotes":""},"class_list":["post-1759","page","type-page","status-publish","hentry"],"_links":{"self":[{"href":"https:\/\/escandallteatral.com\/ca\/wp-json\/wp\/v2\/pages\/1759","targetHints":{"allow":["GET"]}}],"collection":[{"href":"https:\/\/escandallteatral.com\/ca\/wp-json\/wp\/v2\/pages"}],"about":[{"href":"https:\/\/escandallteatral.com\/ca\/wp-json\/wp\/v2\/types\/page"}],"author":[{"embeddable":true,"href":"https:\/\/escandallteatral.com\/ca\/wp-json\/wp\/v2\/users\/1"}],"replies":[{"embeddable":true,"href":"https:\/\/escandallteatral.com\/ca\/wp-json\/wp\/v2\/comments?post=1759"}],"version-history":[{"count":2,"href":"https:\/\/escandallteatral.com\/ca\/wp-json\/wp\/v2\/pages\/1759\/revisions"}],"predecessor-version":[{"id":1761,"href":"https:\/\/escandallteatral.com\/ca\/wp-json\/wp\/v2\/pages\/1759\/revisions\/1761"}],"wp:attachment":[{"href":"https:\/\/escandallteatral.com\/ca\/wp-json\/wp\/v2\/media?parent=1759"}],"curies":[{"name":"wp","href":"https:\/\/api.w.org\/{rel}","templated":true}]}}