{"id":1264,"date":"2019-04-13T18:43:52","date_gmt":"2019-04-13T16:43:52","guid":{"rendered":"https:\/\/escandallteatral.com\/politica-de-privacidad\/"},"modified":"2024-05-13T14:04:58","modified_gmt":"2024-05-13T12:04:58","slug":"politica-de-privacidad","status":"publish","type":"page","link":"https:\/\/escandallteatral.com\/ca\/politica-de-privacidad\/","title":{"rendered":"Pol\u00edtica de privacitat"},"content":{"rendered":"<p>[vc_row css_animation=&#8221;&#8221; row_type=&#8221;row&#8221; use_row_as_full_screen_section=&#8221;no&#8221; type=&#8221;grid&#8221; angled_section=&#8221;no&#8221; text_align=&#8221;left&#8221; background_image_as_pattern=&#8221;without_pattern&#8221; padding_top=&#8221;50&#8243; padding_bottom=&#8221;50&#8243; css=&#8221;.vc_custom_1555174046267{background-position: center !important;background-repeat: no-repeat !important;background-size: cover !important;}&#8221; z_index=&#8221;&#8221;][vc_column][qode_elements_holder number_of_columns=&#8221;one_column&#8221;][qode_elements_holder_item advanced_animations=&#8221;no&#8221; item_padding=&#8221;179px 0 0 0&#8243; item_padding_1280_1440=&#8221;150px 0 0 0&#8243; item_padding_1024_1280=&#8221;160px 0 0 0&#8243; item_padding_768_1024=&#8221;150px 0 0 0&#8243; item_padding_600_768=&#8221;100px 0 0 0&#8243; item_padding_480_600=&#8221;100px 0 0 0&#8243; item_padding_480=&#8221;100px 0 0 0&#8243;][vc_empty_space height=&#8221;1px&#8221;][\/qode_elements_holder_item][\/qode_elements_holder][vc_row_inner row_type=&#8221;row&#8221; type=&#8221;full_width&#8221; text_align=&#8221;left&#8221; css_animation=&#8221;&#8221;][vc_column_inner width=&#8221;1\/3&#8243; offset=&#8221;vc_col-md-4&#8243;][vc_separator type=&#8221;small&#8221; position=&#8221;left&#8221; color=&#8221;#454545&#8243; transparency=&#8221;1&#8243; thickness=&#8221;8&#8243; width=&#8221;180&#8243; up=&#8221;26&#8243; down=&#8221;19&#8243;][vc_column_text]<\/p>\n<h2><span style=\"color: #454545;\">POL\u00cdTICA\u00a0DE<\/span><br \/>\n<span style=\"color: #454545;\">PRIVACITAT<\/span><\/h2>\n<p>[\/vc_column_text][vc_empty_space height=&#8221;50px&#8221;][\/vc_column_inner][vc_column_inner width=&#8221;2\/3&#8243; offset=&#8221;vc_col-md-8&#8243;][vc_separator type=&#8221;small&#8221; position=&#8221;left&#8221; color=&#8221;#454545&#8243; transparency=&#8221;1&#8243; thickness=&#8221;8&#8243; width=&#8221;180&#8243; up=&#8221;26&#8243; down=&#8221;19&#8243;][qode_elements_holder number_of_columns=&#8221;one_column&#8221;][qode_elements_holder_item advanced_animations=&#8221;no&#8221;][vc_column_text el_class=&#8221;text_polit&#8221;]<\/p>\n<p class=\"p1\"><strong>XARXA\u00a0TEATRE\u00a0S.L.<\/strong> (d&#8217;ara endavant Escandallteatral.com) \u00e9s el titular de la present p\u00e0gina web o del website al qual vost\u00e8 ha accedit. Tamb\u00e9 \u00e9s el titular de l&#8217;app &#8220;Ecocidi&#8221;, utilitzada com a suport quan s&#8217;assisteix com a p\u00fablic a l&#8217;obra &#8220;Ecocidi&#8221;\u00a0de\u00a0Escandall\u00a0teatral.<\/p>\n<p>L&#8217;acc\u00e9s a aquesta p\u00e0gina web i a la informaci\u00f3 que cont\u00e9 comporta l&#8217;acceptaci\u00f3 de les condicions previstes en el present av\u00eds legal (d&#8217;ara endavant \u201cAv\u00eds Legal i Pol\u00edtica de Privacitat\u201d). Per aix\u00f2 li recomanem que llegeixi atentament el seu contingut si vost\u00e8 desitja accedir i fer \u00fas de la informaci\u00f3 i dels serveis que si \u00e9s el cas es puguin oferir des d&#8217;aquest portal.<\/p>\n<p>&nbsp;<\/p>\n<p class=\"p1\"><strong>Validesa de la informaci\u00f3 i continguts<\/strong><\/p>\n<p>La informaci\u00f3 continguda en aquestes p\u00e0gines \u00e9s la vigent en la data de la seva \u00faltima actualitzaci\u00f3.<\/p>\n<p>Les presents condicions s\u00f3n les vigents des de la data de la seva \u00faltima actualitzaci\u00f3. Escandallteatral.com es reserva el dret a modificar-les en qualsevol moment, i en aquest cas entraran en vigor des de la seva publicaci\u00f3 i seran aplicables a tots els usuaris del Lloc web des d&#8217;aquesta data.<\/p>\n<p>Els continguts del Lloc web, especialment les refer\u00e8ncies informatives i publicit\u00e0ries, si \u00e9s el cas, tret que expressament s&#8217;indiqui el contrari, no constitueixen cap mena d&#8217;oferta vinculant. Escandallteatral.com es reserva el dret a introduir modificacions o ometre parcial o totalment els actuals continguts quan ho consideri oport\u00fa, aix\u00ed com impedir o restringir l&#8217;acc\u00e9s de manera temporal o permanent.<\/p>\n<p>Escandallteatral.com podr\u00e0 incloure en qualsevol dels seus websites continguts de tercers i enlla\u00e7os a p\u00e0gines web de tercers, sempre amb l&#8217;autoritzaci\u00f3 dels seus titulars, com ara a xarxes socials i a altres informacions. En cap d&#8217;aquests casos Escandallteatral.com ser\u00e0 responsable de les p\u00e0gines i continguts de tercers, aix\u00ed com del funcionament i disponibilitat d&#8217;aquests.<\/p>\n<p>&nbsp;<\/p>\n<p class=\"p1\"><strong>Pol\u00edtica de privacitat i protecci\u00f3 de dades<\/strong><\/p>\n<p>Escandallteatral.com compleix \u00edntegrament amb la legislaci\u00f3 vigent en mat\u00e8ria de protecci\u00f3 de dades de car\u00e0cter personal i amb els compromisos de confidencialitat propis de la seva activitat.<\/p>\n<p>Escandallteatral.com ha adoptat les mesures t\u00e8cniques necess\u00e0ries per a mantenir el nivell de seguretat requerit, segons la naturalesa de les dades personals tractats i les circumst\u00e0ncies del tractament, a fi d&#8217;evitar, en la mesura que sigui possible i sempre segons l&#8217;estat de la t\u00e8cnica, la seva alteraci\u00f3, p\u00e8rdua, tractament o acc\u00e9s no autoritzat.<\/p>\n<p>L&#8217;app &#8220;Ecocidi&#8221;\u00a0no recull cap mena de dada de l&#8217;usuari, per tant no gestiona cap dada personal de l&#8217;usuari. La web Escandalltatral.com recull les dades necess\u00e0ries per a la navegaci\u00f3 en forma de cookies i les dades que es poden introduir en el formulari de manera volunt\u00e0ria per a sol\u00b7licitar informaci\u00f3.<\/p>\n<p>Per a sol\u00b7licitar qualsevol tipus d&#8217;informaci\u00f3 sobre dades personals, pot sol\u00b7licitar-lo a trav\u00e9s del nostre formulari: https:\/\/escandallteatral.com\/contacto\/<\/p>\n<p>&nbsp;<\/p>\n<p class=\"p1\"><strong>Pol\u00edtica de cookies<\/strong><\/p>\n<p>Les p\u00e0gines web d&#8217;Escandallteatral.com disposen de cookies, que s\u00f3n petits fitxers de dades que s&#8217;emmagatzemen en l&#8217;ordinador de l&#8217;usuari i que poden permetre als nostres sistemes recordar caracter\u00edstiques o prefer\u00e8ncies de la navegaci\u00f3 en les nostres p\u00e0gines web que puguin servir per a personalitzar el seu acc\u00e9s en successives visites, fer m\u00e9s segura la navegaci\u00f3, recaptar informaci\u00f3 estad\u00edstica sobre la navegaci\u00f3 efectuada, o con\u00e8ixer prefer\u00e8ncies d&#8217;usuaris.<\/p>\n<p>La pol\u00edtica de cookies d&#8217;escandallteatral.com se subjecta a la normativa comunit\u00e0ria i espanyola en vigor, relativa al tractament de les dades personals i a la protecci\u00f3 de la intimitat en el sector de les comunicacions electr\u00f2niques. En virtut d&#8217;aquesta, Escandallteatral.com l&#8217;informar\u00e0 de les cookies que utilitza en cadascun dels seus llocs web (https:\/\/escandallteatral.com\/politica-de-cookies\/) i, quan calgui, sol\u00b7licitar\u00e0 el seu consentiment per a poder utilitzar-les.<\/p>\n<p>Aquestes cookies no s\u00f3n invasives, ni nocives, ni contenen dades de car\u00e0cter personal, ja que la seva \u00fanica funci\u00f3 \u00e9s personalitzar la seva navegaci\u00f3 en la forma abans expressada.<\/p>\n<p>&nbsp;<\/p>\n<p class=\"p1\"><strong>Propietat intel\u00b7lectual i industrial<\/strong><\/p>\n<p>El portal i els websites d&#8217;Escandallteatral.com, les p\u00e0gines que compr\u00e8n i la informaci\u00f3 o elements continguts en aquestes, inclouen entre altres, textos, documents, fotografies, dibuixos, representacions gr\u00e0fiques, bases de dades, programes inform\u00e0tics, aix\u00ed com logotips, marques, noms comercials, o altres signes distintius, protegits per drets de propietat intel\u00b7lectual o industrial, dels quals som titulars o leg\u00edtims llicenciataris.<\/p>\n<p>Escandallteatral.com no atorga cap garantia sobre la licitud i legalitat de la informaci\u00f3 o elements continguts en les p\u00e0gines web d&#8217;Escandallteatral.com quan la titularitat dels mateixos no li correspongui. Les fotografies i els textos que apareixen en la web s\u00f3n propietat dels seus respectius autors.<\/p>\n<p>&nbsp;<\/p>\n<p class=\"p1\"><strong>Usos prohibits i permesos<\/strong><\/p>\n<p>Queda prohibida qualsevol modalitat d&#8217;explotaci\u00f3, incloent tot tipus de reproducci\u00f3, distribuci\u00f3, cessi\u00f3 a tercers, comunicaci\u00f3 p\u00fablica i transformaci\u00f3, mitjan\u00e7ant qualsevol tipus de suport i mig, de les obres abans referides, creacions i signes distintius sense autoritzaci\u00f3 pr\u00e8via i expressa dels seus respectius titulars. L&#8217;incompliment d&#8217;aquesta prohibici\u00f3 podr\u00e0 constituir infracci\u00f3 sancionable per la legislaci\u00f3 vigent.<\/p>\n<p>Queda prohibit, excepte en els casos en qu\u00e8 expressament ho autoritzi Escandallteatral.com, establir enlla\u00e7os, o enlla\u00e7os, des de portals o llocs web de tercers a p\u00e0gines web d&#8217;Escandallteatral.com diferents de la p\u00e0gina principal del seu portal, accessible en l&#8217;adre\u00e7a URL (https:\/\/escandallteatral.com\/), o la que li substitueixi en el futur, aix\u00ed com presentar les seves p\u00e0gines web o la informaci\u00f3 continguda en elles baix\u00a0frames\u00a0o marcs, signes distintius, marques o denominacions socials o comercials d&#8217;una altra persona, empresa o entitat.<\/p>\n<p>&nbsp;<\/p>\n<p class=\"p1\"><strong>Responsabilitats<\/strong><\/p>\n<p>Escandallteatral.com no garanteix l&#8217;acc\u00e9s continuat, ni la correcta visualitzaci\u00f3, desc\u00e0rrega o utilitat dels elements i informaci\u00f3 continguts en les seves p\u00e0gines web, que poden veure&#8217;s impedits, dificultats o interromputs per factors o circumst\u00e0ncies fora del seu control.<\/p>\n<p>Escandallteatral.com no \u00e9s responsable de la informaci\u00f3 i altres continguts integrats en espais o p\u00e0gines web de tercers accessibles des de p\u00e0gines web d&#8217;Escandallteatral.com mitjan\u00e7ant enlla\u00e7os o enlla\u00e7os, ni de la informaci\u00f3 i altres continguts integrats en espais o p\u00e0gines web de tercers des dels quals s&#8217;accedeixi mitjan\u00e7ant enlla\u00e7os o enlla\u00e7os al seu lloc web o a qualsevol de les seves p\u00e0gines web, ni de la informaci\u00f3 i continguts de qualsevol p\u00e0gina web de tercers que es presenti sota l&#8217;aparen\u00e7a o signes distintius d&#8217;Escandallteatral.com, excepte autoritzaci\u00f3 expressa d&#8217;aquesta \u00faltima.<\/p>\n<p>Escandallteatral.com no es responsabilitza de les possibles discrep\u00e0ncies que, amb car\u00e0cter transitori, puguin sorgir entre les diferents versions, impreses i digitals dels documents o la versi\u00f3 publicada en els seus documents impresos i la versi\u00f3 electr\u00f2nica dels mateixos publicats en les seves p\u00e0gines web.<\/p>\n<p>&nbsp;<\/p>\n<p><strong>Legislaci\u00f3 aplicable<\/strong><\/p>\n<p>Les presents condicions es regiran per la legislaci\u00f3 espanyola.[\/vc_column_text][\/qode_elements_holder_item][\/qode_elements_holder][\/vc_column_inner][\/vc_row_inner][qode_elements_holder number_of_columns=&#8221;one_column&#8221;][qode_elements_holder_item advanced_animations=&#8221;no&#8221; item_padding=&#8221;0px 0 179px 0&#8243; item_padding_1280_1440=&#8221;150px 0 0 0&#8243; item_padding_1024_1280=&#8221;160px 0 0 0&#8243; item_padding_768_1024=&#8221;0px 0 150px 0&#8243; item_padding_600_768=&#8221;100px 0 0 0&#8243; item_padding_480_600=&#8221;100px 0 0 0&#8243; item_padding_480=&#8221;100px 0 0 0&#8243;][vc_empty_space height=&#8221;1px&#8221;][\/qode_elements_holder_item][\/qode_elements_holder][\/vc_column][\/vc_row]<\/p>\n","protected":false},"excerpt":{"rendered":"<p>[vc_row css_animation=&#8221;&#8221; row_type=&#8221;row&#8221; use_row_as_full_screen_section=&#8221;no&#8221; type=&#8221;grid&#8221; angled_section=&#8221;no&#8221; text_align=&#8221;left&#8221; background_image_as_pattern=&#8221;without_pattern&#8221; padding_top=&#8221;50&#8243; padding_bottom=&#8221;50&#8243; css=&#8221;.vc_custom_1555174046267{background-position: center !important;background-repeat: no-repeat !important;background-size: cover !important;}&#8221; z_index=&#8221;&#8221;][vc_column][qode_elements_holder number_of_columns=&#8221;one_column&#8221;][qode_elements_holder_item advanced_animations=&#8221;no&#8221; item_padding=&#8221;179px 0 0 0&#8243; item_padding_1280_1440=&#8221;150px 0 0 0&#8243; item_padding_1024_1280=&#8221;160px 0 0 0&#8243; item_padding_768_1024=&#8221;150px 0 0 0&#8243; item_padding_600_768=&#8221;100px 0 0 0&#8243; item_padding_480_600=&#8221;100px 0 0 0&#8243; item_padding_480=&#8221;100px 0 0 0&#8243;][vc_empty_space height=&#8221;1px&#8221;][\/qode_elements_holder_item][\/qode_elements_holder][vc_row_inner row_type=&#8221;row&#8221; type=&#8221;full_width&#8221; text_align=&#8221;left&#8221; css_animation=&#8221;&#8221;][vc_column_inner width=&#8221;1\/3&#8243; offset=&#8221;vc_col-md-4&#8243;][vc_separator type=&#8221;small&#8221; position=&#8221;left&#8221; color=&#8221;#454545&#8243; transparency=&#8221;1&#8243; thickness=&#8221;8&#8243; width=&#8221;180&#8243; up=&#8221;26&#8243; down=&#8221;19&#8243;][vc_column_text] POL\u00cdTICA\u00a0DE PRIVACITAT [\/vc_column_text][vc_empty_space height=&#8221;50px&#8221;][\/vc_column_inner][vc_column_inner width=&#8221;2\/3&#8243; offset=&#8221;vc_col-md-8&#8243;][vc_separator type=&#8221;small&#8221; position=&#8221;left&#8221; color=&#8221;#454545&#8243; transparency=&#8221;1&#8243; thickness=&#8221;8&#8243; width=&#8221;180&#8243; up=&#8221;26&#8243; down=&#8221;19&#8243;][qode_elements_holder number_of_columns=&#8221;one_column&#8221;][qode_elements_holder_item advanced_animations=&#8221;no&#8221;][vc_column_text el_class=&#8221;text_polit&#8221;] XARXA\u00a0TEATRE\u00a0S.L. (d&#8217;ara endavant Escandallteatral.com) \u00e9s el titular de la present p\u00e0gina web o del website al qual vost\u00e8 ha accedit. Tamb\u00e9 \u00e9s el titular de l&#8217;app &#8220;Ecocidi&#8221;, utilitzada com a suport quan s&#8217;assisteix com a p\u00fablic a l&#8217;obra &#8220;Ecocidi&#8221;\u00a0de\u00a0Escandall\u00a0teatral. L&#8217;acc\u00e9s a aquesta p\u00e0gina web i a la informaci\u00f3 que cont\u00e9 comporta l&#8217;acceptaci\u00f3 de les condicions previstes en el present av\u00eds legal (d&#8217;ara endavant \u201cAv\u00eds Legal i Pol\u00edtica de Privacitat\u201d). Per&#8230;<\/p>\n","protected":false},"author":1,"featured_media":0,"parent":0,"menu_order":0,"comment_status":"closed","ping_status":"closed","template":"full_width.php","meta":{"_exactmetrics_skip_tracking":false,"_exactmetrics_sitenote_active":false,"_exactmetrics_sitenote_note":"","_exactmetrics_sitenote_category":0,"footnotes":""},"class_list":["post-1264","page","type-page","status-publish","hentry"],"_links":{"self":[{"href":"https:\/\/escandallteatral.com\/ca\/wp-json\/wp\/v2\/pages\/1264","targetHints":{"allow":["GET"]}}],"collection":[{"href":"https:\/\/escandallteatral.com\/ca\/wp-json\/wp\/v2\/pages"}],"about":[{"href":"https:\/\/escandallteatral.com\/ca\/wp-json\/wp\/v2\/types\/page"}],"author":[{"embeddable":true,"href":"https:\/\/escandallteatral.com\/ca\/wp-json\/wp\/v2\/users\/1"}],"replies":[{"embeddable":true,"href":"https:\/\/escandallteatral.com\/ca\/wp-json\/wp\/v2\/comments?post=1264"}],"version-history":[{"count":17,"href":"https:\/\/escandallteatral.com\/ca\/wp-json\/wp\/v2\/pages\/1264\/revisions"}],"predecessor-version":[{"id":4311,"href":"https:\/\/escandallteatral.com\/ca\/wp-json\/wp\/v2\/pages\/1264\/revisions\/4311"}],"wp:attachment":[{"href":"https:\/\/escandallteatral.com\/ca\/wp-json\/wp\/v2\/media?parent=1264"}],"curies":[{"name":"wp","href":"https:\/\/api.w.org\/{rel}","templated":true}]}}